{"id":8812,"date":"2024-10-29T21:51:54","date_gmt":"2024-10-29T19:51:54","guid":{"rendered":"https:\/\/inwest.lt\/?post_type=product&#038;p=8812"},"modified":"2025-08-10T21:29:06","modified_gmt":"2025-08-10T19:29:06","slug":"investicine-dovana","status":"publish","type":"product","link":"https:\/\/inwest.lt\/en\/product\/investicine-dovana\/","title":{"rendered":"Dovan\u0173 kuponas INWEST produktams"},"content":{"rendered":"<p data-sourcepos=\"1:1-1:51\"><strong>Dovan\u0173 kuponas INWEST produktams: padovanok galimyb\u0119 prad\u0117ti investavimo kelion\u0119!<\/strong><\/p>\n<p data-sourcepos=\"3:1-3:396\">Ne\u012fgij\u0119 tvirt\u0173 investavimo pagrind\u0173, \u017emon\u0117s gali priimti neapgalvotus sprendimus, pavyzd\u017eiui, patik\u0117ti savo pinigus nes\u0105\u017einingiems investiciniams suk\u010diams. Tod\u0117l labai svarbu suprasti, kaip veikia investavimas, kaip investuoti protingai ir kaip apsisaugoti nuo nereikalingos rizikos. Geriausias b\u016bdas pasir\u016bpinti savo artimaisiais \u2013 pad\u0117ti jiems \u017eengti pirmuosius \u017eingsnius investavimo pasaulyje.<\/p>\n<p data-sourcepos=\"5:1-5:240\">Su \u0161iuo dovan\u0173 kuponu gav\u0117jas gal\u0117s pasirinkti norim\u0105 INWEST produkt\u0105 ar rengin\u012f. Dovan\u0173 kupono suma gali padengti vis\u0105 ar dal\u012f pasirinkto u\u017esakymo. Tai dovana, kuri suteikia ne tik finansin\u0119 vert\u0119, bet ir \u012fkvepia siekti finansin\u0117s laisv\u0117s!<\/p>\n<p data-sourcepos=\"9:1-9:91\">INWEST si\u016blo plat\u0173 produkt\u0173 ir rengini\u0173 pasirinkim\u0105, \u012fskaitant:<\/p>\n<ul data-sourcepos=\"11:1-15:0\">\n<li data-sourcepos=\"11:1-11:104\"><strong>Investavimo kursus:<\/strong> I\u0161sam\u016bs kursai, skirti tiek pradedantiesiems, tiek patyrusiems investuotojams.<\/li>\n<li data-sourcepos=\"12:1-12:92\"><strong>Webinarus:<\/strong> Seminarai skirti konkre\u010dioms investavimo temoms.<\/li>\n<li data-sourcepos=\"14:1-15:0\"><strong>Individualias konsultacijas:<\/strong> Individualios konsultacijos su investavimo ekspertais.<\/li>\n<\/ul>\n<p>Susipa\u017einkite su INWEST kursais ir kitais produktais \u010dia:\u00a0<a href=\"https:\/\/inwest.lt\/programa\/\">https:\/\/inwest.lt\/programa\/<\/a><\/p>\n<p>Dovan\u0173 kuponas INWEST produktams yra puiki dovana \u012fvairioms progoms, tokioms kaip gimtadieniai, Kal\u0117dos ar kitos \u0161vent\u0117s.<\/p>","protected":false},"excerpt":{"rendered":"<p><span style=\"color: #000000;\"><strong>Padovanok galimyb\u0119 prad\u0117ti investavimo kelion\u0119!<\/strong> Su \u0161iuo dovan\u0173 kuponu gav\u0117jas gal\u0117s pasirinkti norim\u0105 INWEST produkt\u0105 ar rengin\u012f. Dovan\u0173 kupono suma galima padengti vis\u0105 ar dal\u012f u\u017esakymo.<\/span><\/p>\n<p><span style=\"color: #000000;\">Tai dovana, suteikianti ne tik vert\u0119, bet ir \u012fkv\u0117pim\u0105 siekti finansin\u0117s laisv\u0117s!<\/span><\/p>","protected":false},"featured_media":9253,"comment_status":"open","ping_status":"closed","template":"","meta":{"_price":"10","_stock":"","_tribe_ticket_header":"","_tribe_default_ticket_provider":"","_tribe_ticket_capacity":"0","_ticket_start_date":"","_ticket_end_date":"","_tribe_ticket_show_description":"","_tribe_ticket_show_not_going":false,"_tribe_ticket_use_global_stock":"","_tribe_ticket_global_stock_level":"","_global_stock_mode":"","_global_stock_cap":"","_tribe_rsvp_for_event":"","_tribe_ticket_going_count":"","_tribe_ticket_not_going_count":"","_tribe_tickets_list":"[]","_tribe_ticket_has_attendee_info_fields":false,"_EventAllDay":false,"_EventTimezone":"","_EventStartDate":"","_EventEndDate":"","_EventStartDateUTC":"","_EventEndDateUTC":"","_EventShowMap":false,"_EventShowMapLink":false,"_EventURL":"","_EventCost":"","_EventCostDescription":"","_EventCurrencySymbol":"","_EventCurrencyCode":"","_EventCurrencyPosition":"","_EventDateTimeSeparator":"","_EventTimeRangeSeparator":"","_EventOrganizerID":[],"_EventVenueID":[],"_OrganizerEmail":"","_OrganizerPhone":"","_OrganizerWebsite":"","_VenueAddress":"","_VenueCity":"","_VenueCountry":"","_VenueProvince":"","_VenueState":"","_VenueZip":"","_VenuePhone":"","_VenueURL":"","_VenueStateProvince":"","_VenueLat":"","_VenueLng":"","_VenueShowMap":false,"_VenueShowMapLink":false,"_tec_slr_enabled":"","_tec_slr_layout":""},"product_brand":[],"product_cat":[54,84],"product_tag":[],"class_list":{"0":"post-8812","1":"product","2":"type-product","3":"status-publish","4":"has-post-thumbnail","6":"product_cat-dovanu-kuponai","7":"product_cat-wps_wgm_giftcard","8":"member-discount","9":"discount-restricted","11":"first","12":"instock","13":"virtual","14":"purchasable","15":"product-type-wgm_gift_card"},"yoast_head":"<!-- This site is optimized with the Yoast SEO plugin v27.4 - https:\/\/yoast.com\/product\/yoast-seo-wordpress\/ -->\n<title>Dovan\u0173 kuponas INWEST produktams - INWEST<\/title>\n<meta name=\"description\" content=\"Padovanok galimyb\u0119 prad\u0117ti investavimo kelion\u0119! Su \u0161iuo dovan\u0173 kuponu gav\u0117jas gal\u0117s pasirinkti norim\u0105 INWEST produkt\u0105 ar rengin\u012f.\" \/>\n<meta name=\"robots\" content=\"index, follow, max-snippet:-1, max-image-preview:large, max-video-preview:-1\" \/>\n<link rel=\"canonical\" href=\"https:\/\/inwest.lt\/en\/product\/investicine-dovana\/\" \/>\n<meta property=\"og:locale\" content=\"en_GB\" \/>\n<meta property=\"og:type\" content=\"article\" \/>\n<meta property=\"og:title\" content=\"Dovan\u0173 kuponas INWEST produktams - INWEST\" \/>\n<meta property=\"og:description\" content=\"Padovanok galimyb\u0119 prad\u0117ti investavimo kelion\u0119! Su \u0161iuo dovan\u0173 kuponu gav\u0117jas gal\u0117s pasirinkti norim\u0105 INWEST produkt\u0105 ar rengin\u012f.\" \/>\n<meta property=\"og:url\" content=\"https:\/\/inwest.lt\/en\/product\/investicine-dovana\/\" \/>\n<meta property=\"og:site_name\" content=\"INWEST\" \/>\n<meta property=\"article:publisher\" content=\"https:\/\/www.facebook.com\/weinvestlt\" \/>\n<meta property=\"article:modified_time\" content=\"2025-08-10T19:29:06+00:00\" \/>\n<meta property=\"og:image\" content=\"https:\/\/inwest.lt\/wp-content\/uploads\/2024\/10\/2.webp\" \/>\n\t<meta property=\"og:image:width\" content=\"1500\" \/>\n\t<meta property=\"og:image:height\" content=\"1000\" \/>\n\t<meta property=\"og:image:type\" content=\"image\/webp\" \/>\n<meta name=\"twitter:card\" content=\"summary_large_image\" \/>\n<meta name=\"twitter:label1\" content=\"Estimated reading time\" \/>\n\t<meta name=\"twitter:data1\" content=\"1 minute\" \/>\n<script type=\"application\/ld+json\" class=\"yoast-schema-graph\">{\"@context\":\"https:\\\/\\\/schema.org\",\"@graph\":[{\"@type\":\"WebPage\",\"@id\":\"https:\\\/\\\/inwest.lt\\\/produktas\\\/investicine-dovana\\\/\",\"url\":\"https:\\\/\\\/inwest.lt\\\/produktas\\\/investicine-dovana\\\/\",\"name\":\"Dovan\u0173 kuponas INWEST produktams - INWEST\",\"isPartOf\":{\"@id\":\"https:\\\/\\\/inwest.lt\\\/#website\"},\"primaryImageOfPage\":{\"@id\":\"https:\\\/\\\/inwest.lt\\\/produktas\\\/investicine-dovana\\\/#primaryimage\"},\"image\":{\"@id\":\"https:\\\/\\\/inwest.lt\\\/produktas\\\/investicine-dovana\\\/#primaryimage\"},\"thumbnailUrl\":\"https:\\\/\\\/inwest.lt\\\/wp-content\\\/uploads\\\/2024\\\/10\\\/2.webp\",\"datePublished\":\"2024-10-29T19:51:54+00:00\",\"dateModified\":\"2025-08-10T19:29:06+00:00\",\"description\":\"Padovanok galimyb\u0119 prad\u0117ti investavimo kelion\u0119! Su \u0161iuo dovan\u0173 kuponu gav\u0117jas gal\u0117s pasirinkti norim\u0105 INWEST produkt\u0105 ar rengin\u012f.\",\"breadcrumb\":{\"@id\":\"https:\\\/\\\/inwest.lt\\\/produktas\\\/investicine-dovana\\\/#breadcrumb\"},\"inLanguage\":\"en-GB\",\"potentialAction\":[{\"@type\":\"ReadAction\",\"target\":[\"https:\\\/\\\/inwest.lt\\\/produktas\\\/investicine-dovana\\\/\"]}]},{\"@type\":\"ImageObject\",\"inLanguage\":\"en-GB\",\"@id\":\"https:\\\/\\\/inwest.lt\\\/produktas\\\/investicine-dovana\\\/#primaryimage\",\"url\":\"https:\\\/\\\/inwest.lt\\\/wp-content\\\/uploads\\\/2024\\\/10\\\/2.webp\",\"contentUrl\":\"https:\\\/\\\/inwest.lt\\\/wp-content\\\/uploads\\\/2024\\\/10\\\/2.webp\",\"width\":1500,\"height\":1000,\"caption\":\"Dovan\u0173 kuponas INWEST produktams\"},{\"@type\":\"BreadcrumbList\",\"@id\":\"https:\\\/\\\/inwest.lt\\\/produktas\\\/investicine-dovana\\\/#breadcrumb\",\"itemListElement\":[{\"@type\":\"ListItem\",\"position\":1,\"name\":\"Home\",\"item\":\"https:\\\/\\\/inwest.lt\\\/\"},{\"@type\":\"ListItem\",\"position\":2,\"name\":\"Parduotuv\u0117\",\"item\":\"https:\\\/\\\/inwest.lt\\\/parduotuve\\\/\"},{\"@type\":\"ListItem\",\"position\":3,\"name\":\"Dovan\u0173 kuponas INWEST produktams\"}]},{\"@type\":\"WebSite\",\"@id\":\"https:\\\/\\\/inwest.lt\\\/#website\",\"url\":\"https:\\\/\\\/inwest.lt\\\/\",\"name\":\"INWEST\",\"description\":\"TAVO INVESTAVIMO GIDAS\",\"publisher\":{\"@id\":\"https:\\\/\\\/inwest.lt\\\/#organization\"},\"alternateName\":\"INWEST - moter\u0173 investavimas\",\"potentialAction\":[{\"@type\":\"SearchAction\",\"target\":{\"@type\":\"EntryPoint\",\"urlTemplate\":\"https:\\\/\\\/inwest.lt\\\/?s={search_term_string}\"},\"query-input\":{\"@type\":\"PropertyValueSpecification\",\"valueRequired\":true,\"valueName\":\"search_term_string\"}}],\"inLanguage\":\"en-GB\"},{\"@type\":\"Organization\",\"@id\":\"https:\\\/\\\/inwest.lt\\\/#organization\",\"name\":\"INWEST\",\"url\":\"https:\\\/\\\/inwest.lt\\\/\",\"logo\":{\"@type\":\"ImageObject\",\"inLanguage\":\"en-GB\",\"@id\":\"https:\\\/\\\/inwest.lt\\\/#\\\/schema\\\/logo\\\/image\\\/\",\"url\":\"https:\\\/\\\/inwest.lt\\\/wp-content\\\/uploads\\\/2023\\\/03\\\/Dizainas-be-pavadinimo.png\",\"contentUrl\":\"https:\\\/\\\/inwest.lt\\\/wp-content\\\/uploads\\\/2023\\\/03\\\/Dizainas-be-pavadinimo.png\",\"width\":2304,\"height\":2304,\"caption\":\"INWEST\"},\"image\":{\"@id\":\"https:\\\/\\\/inwest.lt\\\/#\\\/schema\\\/logo\\\/image\\\/\"},\"sameAs\":[\"https:\\\/\\\/www.facebook.com\\\/weinvestlt\",\"https:\\\/\\\/www.instagram.com\\\/inwest___\\\/\",\"https:\\\/\\\/www.linkedin.com\\\/company\\\/winvestnow\\\/\"]}]}<\/script>\n<!-- \/ Yoast SEO plugin. -->","yoast_head_json":{"title":"Dovan\u0173 kuponas INWEST produktams - INWEST","description":"Padovanok galimyb\u0119 prad\u0117ti investavimo kelion\u0119! Su \u0161iuo dovan\u0173 kuponu gav\u0117jas gal\u0117s pasirinkti norim\u0105 INWEST produkt\u0105 ar rengin\u012f.","robots":{"index":"index","follow":"follow","max-snippet":"max-snippet:-1","max-image-preview":"max-image-preview:large","max-video-preview":"max-video-preview:-1"},"canonical":"https:\/\/inwest.lt\/en\/product\/investicine-dovana\/","og_locale":"en_GB","og_type":"article","og_title":"Dovan\u0173 kuponas INWEST produktams - INWEST","og_description":"Padovanok galimyb\u0119 prad\u0117ti investavimo kelion\u0119! Su \u0161iuo dovan\u0173 kuponu gav\u0117jas gal\u0117s pasirinkti norim\u0105 INWEST produkt\u0105 ar rengin\u012f.","og_url":"https:\/\/inwest.lt\/en\/product\/investicine-dovana\/","og_site_name":"INWEST","article_publisher":"https:\/\/www.facebook.com\/weinvestlt","article_modified_time":"2025-08-10T19:29:06+00:00","og_image":[{"width":1500,"height":1000,"url":"https:\/\/inwest.lt\/wp-content\/uploads\/2024\/10\/2.webp","type":"image\/webp"}],"twitter_card":"summary_large_image","twitter_misc":{"Estimated reading time":"1 minute"},"schema":{"@context":"https:\/\/schema.org","@graph":[{"@type":"WebPage","@id":"https:\/\/inwest.lt\/produktas\/investicine-dovana\/","url":"https:\/\/inwest.lt\/produktas\/investicine-dovana\/","name":"Dovan\u0173 kuponas INWEST produktams - INWEST","isPartOf":{"@id":"https:\/\/inwest.lt\/#website"},"primaryImageOfPage":{"@id":"https:\/\/inwest.lt\/produktas\/investicine-dovana\/#primaryimage"},"image":{"@id":"https:\/\/inwest.lt\/produktas\/investicine-dovana\/#primaryimage"},"thumbnailUrl":"https:\/\/inwest.lt\/wp-content\/uploads\/2024\/10\/2.webp","datePublished":"2024-10-29T19:51:54+00:00","dateModified":"2025-08-10T19:29:06+00:00","description":"Padovanok galimyb\u0119 prad\u0117ti investavimo kelion\u0119! Su \u0161iuo dovan\u0173 kuponu gav\u0117jas gal\u0117s pasirinkti norim\u0105 INWEST produkt\u0105 ar rengin\u012f.","breadcrumb":{"@id":"https:\/\/inwest.lt\/produktas\/investicine-dovana\/#breadcrumb"},"inLanguage":"en-GB","potentialAction":[{"@type":"ReadAction","target":["https:\/\/inwest.lt\/produktas\/investicine-dovana\/"]}]},{"@type":"ImageObject","inLanguage":"en-GB","@id":"https:\/\/inwest.lt\/produktas\/investicine-dovana\/#primaryimage","url":"https:\/\/inwest.lt\/wp-content\/uploads\/2024\/10\/2.webp","contentUrl":"https:\/\/inwest.lt\/wp-content\/uploads\/2024\/10\/2.webp","width":1500,"height":1000,"caption":"Dovan\u0173 kuponas INWEST produktams"},{"@type":"BreadcrumbList","@id":"https:\/\/inwest.lt\/produktas\/investicine-dovana\/#breadcrumb","itemListElement":[{"@type":"ListItem","position":1,"name":"Home","item":"https:\/\/inwest.lt\/"},{"@type":"ListItem","position":2,"name":"Parduotuv\u0117","item":"https:\/\/inwest.lt\/parduotuve\/"},{"@type":"ListItem","position":3,"name":"Dovan\u0173 kuponas INWEST produktams"}]},{"@type":"WebSite","@id":"https:\/\/inwest.lt\/#website","url":"https:\/\/inwest.lt\/","name":"INWEST","description":"TAVO INVESTAVIMO GIDAS","publisher":{"@id":"https:\/\/inwest.lt\/#organization"},"alternateName":"INWEST - moter\u0173 investavimas","potentialAction":[{"@type":"SearchAction","target":{"@type":"EntryPoint","urlTemplate":"https:\/\/inwest.lt\/?s={search_term_string}"},"query-input":{"@type":"PropertyValueSpecification","valueRequired":true,"valueName":"search_term_string"}}],"inLanguage":"en-GB"},{"@type":"Organization","@id":"https:\/\/inwest.lt\/#organization","name":"INWEST","url":"https:\/\/inwest.lt\/","logo":{"@type":"ImageObject","inLanguage":"en-GB","@id":"https:\/\/inwest.lt\/#\/schema\/logo\/image\/","url":"https:\/\/inwest.lt\/wp-content\/uploads\/2023\/03\/Dizainas-be-pavadinimo.png","contentUrl":"https:\/\/inwest.lt\/wp-content\/uploads\/2023\/03\/Dizainas-be-pavadinimo.png","width":2304,"height":2304,"caption":"INWEST"},"image":{"@id":"https:\/\/inwest.lt\/#\/schema\/logo\/image\/"},"sameAs":["https:\/\/www.facebook.com\/weinvestlt","https:\/\/www.instagram.com\/inwest___\/","https:\/\/www.linkedin.com\/company\/winvestnow\/"]}]}},"jetpack_sharing_enabled":true,"_links":{"self":[{"href":"https:\/\/inwest.lt\/en\/wp-json\/wp\/v2\/product\/8812","targetHints":{"allow":["GET"]}}],"collection":[{"href":"https:\/\/inwest.lt\/en\/wp-json\/wp\/v2\/product"}],"about":[{"href":"https:\/\/inwest.lt\/en\/wp-json\/wp\/v2\/types\/product"}],"replies":[{"embeddable":true,"href":"https:\/\/inwest.lt\/en\/wp-json\/wp\/v2\/comments?post=8812"}],"version-history":[{"count":6,"href":"https:\/\/inwest.lt\/en\/wp-json\/wp\/v2\/product\/8812\/revisions"}],"predecessor-version":[{"id":8833,"href":"https:\/\/inwest.lt\/en\/wp-json\/wp\/v2\/product\/8812\/revisions\/8833"}],"wp:featuredmedia":[{"embeddable":true,"href":"https:\/\/inwest.lt\/en\/wp-json\/wp\/v2\/media\/9253"}],"wp:attachment":[{"href":"https:\/\/inwest.lt\/en\/wp-json\/wp\/v2\/media?parent=8812"}],"wp:term":[{"taxonomy":"product_brand","embeddable":true,"href":"https:\/\/inwest.lt\/en\/wp-json\/wp\/v2\/product_brand?post=8812"},{"taxonomy":"product_cat","embeddable":true,"href":"https:\/\/inwest.lt\/en\/wp-json\/wp\/v2\/product_cat?post=8812"},{"taxonomy":"product_tag","embeddable":true,"href":"https:\/\/inwest.lt\/en\/wp-json\/wp\/v2\/product_tag?post=8812"}],"curies":[{"name":"wp","href":"https:\/\/api.w.org\/{rel}","templated":true}]}}