{"id":6699,"date":"2024-05-12T13:24:36","date_gmt":"2024-05-12T11:24:36","guid":{"rendered":"https:\/\/inwest.lt\/?post_type=product&#038;p=6699"},"modified":"2026-02-14T23:03:06","modified_gmt":"2026-02-14T21:03:06","slug":"investavimo-pagrindai","status":"publish","type":"product","link":"https:\/\/inwest.lt\/en\/product\/investavimo-pagrindai\/","title":{"rendered":"Investavimo mokymai"},"content":{"rendered":"Rasa Jusionyt\u0117 \u2013 \u201eK\u0105 darai, daryk gerai\u201c veikli\u0173 moter\u0173 klubo \u012fk\u016br\u0117ja ir moter\u0173 verslumo kou\u010der\u0117, kuri dalijasi savo investavimo kelione \u2013 nuo pirm\u0173j\u0173 \u017eingsni\u0173 iki savaranki\u0161ko finansinio kelio k\u016brimo. Ji ne tik aktyviai investuoja, bet ir remiasi \u012f \u012f\u017evalgas, kurias formavo asmenin\u0117s vertyb\u0117s ir rizikos suvokimas. Tinklalaid\u0117je Rasa pasakoja apie darbo su Portfelio formavimu, investicij\u0173 diversifikacij\u0105 ir bendr\u0173 patarim\u0173 taikym\u0105 moter\u0173 bendruomenei, skatindama finansin\u0119 s\u0105mon\u0119 ir atsikratyti baim\u0117s finansiniams sprendimams. \t\t<div class=\"woocommerce\">\n\t\t\t<div class=\"woocommerce-info wc-memberships-restriction-message wc-memberships-message wc-memberships-content-restricted-message\">\n\t\t\t\tNor\u0117dami pasiekti \u0161\u012f \u012fra\u0161\u0105, turite \u012fsigyti <span class=\"wc-memberships-products-grant-access\"><a href=\"https:\/\/inwest.lt\/en\/product\/investavimo-pagrindai\/\">Investavimo mokymai<\/a><\/span>.\t\t    <\/div>\n\t\t<\/div>","protected":false},"excerpt":{"rendered":"<p>Rasa Jusionyt\u0117 \u2013 \u201eK\u0105 darai, daryk gerai\u201c veikli\u0173 moter\u0173 klubo \u012fk\u016br\u0117ja ir moter\u0173 verslumo kou\u010der\u0117, kuri dalijasi savo investavimo kelione \u2013 nuo pirm\u0173j\u0173 \u017eingsni\u0173 iki savaranki\u0161ko finansinio kelio k\u016brimo. Ji [&hellip;]<\/p>\n","protected":false},"featured_media":14552,"comment_status":"open","ping_status":"closed","template":"","meta":{"_price":"49","_stock":"","_tribe_ticket_header":"","_tribe_default_ticket_provider":"","_tribe_ticket_capacity":"0","_ticket_start_date":"","_ticket_end_date":"","_tribe_ticket_show_description":"","_tribe_ticket_show_not_going":false,"_tribe_ticket_use_global_stock":"","_tribe_ticket_global_stock_level":"","_global_stock_mode":"","_global_stock_cap":"","_tribe_rsvp_for_event":"","_tribe_ticket_going_count":"","_tribe_ticket_not_going_count":"","_tribe_tickets_list":"[]","_tribe_ticket_has_attendee_info_fields":false,"_EventAllDay":false,"_EventTimezone":"","_EventStartDate":"","_EventEndDate":"","_EventStartDateUTC":"","_EventEndDateUTC":"","_EventShowMap":false,"_EventShowMapLink":false,"_EventURL":"","_EventCost":"","_EventCostDescription":"","_EventCurrencySymbol":"","_EventCurrencyCode":"","_EventCurrencyPosition":"","_EventDateTimeSeparator":"","_EventTimeRangeSeparator":"","_EventOrganizerID":[],"_EventVenueID":[],"_OrganizerEmail":"","_OrganizerPhone":"","_OrganizerWebsite":"","_VenueAddress":"","_VenueCity":"","_VenueCountry":"","_VenueProvince":"","_VenueState":"","_VenueZip":"","_VenuePhone":"","_VenueURL":"","_VenueStateProvince":"","_VenueLat":"","_VenueLng":"","_VenueShowMap":false,"_VenueShowMapLink":false,"_tec_slr_enabled":"","_tec_slr_layout":""},"product_brand":[],"product_cat":[28],"product_tag":[],"class_list":{"0":"post-6699","1":"product","2":"type-product","3":"status-publish","4":"has-post-thumbnail","6":"product_cat-kursai","7":"member-discount","8":"discount-restricted","10":"first","11":"instock","12":"virtual","13":"purchasable","14":"product-type-simple"},"yoast_head":"<!-- This site is optimized with the Yoast SEO plugin v27.5 - https:\/\/yoast.com\/product\/yoast-seo-wordpress\/ -->\n<title>Investavimo pagrindai - INWEST<\/title>\n<meta name=\"description\" content=\"Investavimo pagrindai: gaukite prieig\u0105 prie investavimo mokym\u0173, tinklalaid\u017ei\u0173 ir investavimo istorij\u0173, pad\u0117sian\u010di\u0173 prad\u0117ti investuoti s\u0117kmingai.\" \/>\n<meta name=\"robots\" content=\"index, follow, max-snippet:-1, max-image-preview:large, max-video-preview:-1\" \/>\n<link rel=\"canonical\" href=\"https:\/\/inwest.lt\/en\/product\/investavimo-pagrindai\/\" \/>\n<meta property=\"og:locale\" content=\"en_GB\" \/>\n<meta property=\"og:type\" content=\"article\" \/>\n<meta property=\"og:title\" content=\"Investavimo pagrindai - INWEST\" \/>\n<meta property=\"og:description\" content=\"Investavimo pagrindai: gaukite prieig\u0105 prie investavimo mokym\u0173, tinklalaid\u017ei\u0173 ir investavimo istorij\u0173, pad\u0117sian\u010di\u0173 prad\u0117ti investuoti s\u0117kmingai.\" \/>\n<meta property=\"og:url\" content=\"https:\/\/inwest.lt\/en\/product\/investavimo-pagrindai\/\" \/>\n<meta property=\"og:site_name\" content=\"INWEST\" \/>\n<meta property=\"article:publisher\" content=\"https:\/\/www.facebook.com\/weinvestlt\" \/>\n<meta property=\"article:modified_time\" content=\"2026-02-14T21:03:06+00:00\" \/>\n<meta property=\"og:image\" content=\"https:\/\/inwest.lt\/wp-content\/uploads\/2024\/05\/INWEST-web-banners-square-imagesinvestavimo-pagrindai.webp\" \/>\n\t<meta property=\"og:image:width\" content=\"1080\" \/>\n\t<meta property=\"og:image:height\" content=\"1080\" \/>\n\t<meta property=\"og:image:type\" content=\"image\/webp\" \/>\n<meta name=\"twitter:card\" content=\"summary_large_image\" \/>\n<script type=\"application\/ld+json\" class=\"yoast-schema-graph\">{\"@context\":\"https:\\\/\\\/schema.org\",\"@graph\":[{\"@type\":\"WebPage\",\"@id\":\"https:\\\/\\\/inwest.lt\\\/produktas\\\/investavimo-pagrindai\\\/\",\"url\":\"https:\\\/\\\/inwest.lt\\\/produktas\\\/investavimo-pagrindai\\\/\",\"name\":\"Investavimo pagrindai - INWEST\",\"isPartOf\":{\"@id\":\"https:\\\/\\\/inwest.lt\\\/#website\"},\"primaryImageOfPage\":{\"@id\":\"https:\\\/\\\/inwest.lt\\\/produktas\\\/investavimo-pagrindai\\\/#primaryimage\"},\"image\":{\"@id\":\"https:\\\/\\\/inwest.lt\\\/produktas\\\/investavimo-pagrindai\\\/#primaryimage\"},\"thumbnailUrl\":\"https:\\\/\\\/inwest.lt\\\/wp-content\\\/uploads\\\/2024\\\/05\\\/INWEST-web-banners-square-imagesinvestavimo-pagrindai.webp\",\"datePublished\":\"2024-05-12T11:24:36+00:00\",\"dateModified\":\"2026-02-14T21:03:06+00:00\",\"description\":\"Investavimo pagrindai: gaukite prieig\u0105 prie investavimo mokym\u0173, tinklalaid\u017ei\u0173 ir investavimo istorij\u0173, pad\u0117sian\u010di\u0173 prad\u0117ti investuoti s\u0117kmingai.\",\"breadcrumb\":{\"@id\":\"https:\\\/\\\/inwest.lt\\\/produktas\\\/investavimo-pagrindai\\\/#breadcrumb\"},\"inLanguage\":\"en-GB\",\"potentialAction\":[{\"@type\":\"ReadAction\",\"target\":[\"https:\\\/\\\/inwest.lt\\\/produktas\\\/investavimo-pagrindai\\\/\"]}]},{\"@type\":\"ImageObject\",\"inLanguage\":\"en-GB\",\"@id\":\"https:\\\/\\\/inwest.lt\\\/produktas\\\/investavimo-pagrindai\\\/#primaryimage\",\"url\":\"https:\\\/\\\/inwest.lt\\\/wp-content\\\/uploads\\\/2024\\\/05\\\/INWEST-web-banners-square-imagesinvestavimo-pagrindai.webp\",\"contentUrl\":\"https:\\\/\\\/inwest.lt\\\/wp-content\\\/uploads\\\/2024\\\/05\\\/INWEST-web-banners-square-imagesinvestavimo-pagrindai.webp\",\"width\":1080,\"height\":1080},{\"@type\":\"BreadcrumbList\",\"@id\":\"https:\\\/\\\/inwest.lt\\\/produktas\\\/investavimo-pagrindai\\\/#breadcrumb\",\"itemListElement\":[{\"@type\":\"ListItem\",\"position\":1,\"name\":\"Home\",\"item\":\"https:\\\/\\\/inwest.lt\\\/\"},{\"@type\":\"ListItem\",\"position\":2,\"name\":\"Parduotuv\u0117\",\"item\":\"https:\\\/\\\/inwest.lt\\\/parduotuve\\\/\"},{\"@type\":\"ListItem\",\"position\":3,\"name\":\"Investavimo mokymai\"}]},{\"@type\":\"WebSite\",\"@id\":\"https:\\\/\\\/inwest.lt\\\/#website\",\"url\":\"https:\\\/\\\/inwest.lt\\\/\",\"name\":\"INWEST\",\"description\":\"TAVO INVESTAVIMO GIDAS\",\"publisher\":{\"@id\":\"https:\\\/\\\/inwest.lt\\\/#organization\"},\"alternateName\":\"INWEST - moter\u0173 investavimas\",\"potentialAction\":[{\"@type\":\"SearchAction\",\"target\":{\"@type\":\"EntryPoint\",\"urlTemplate\":\"https:\\\/\\\/inwest.lt\\\/?s={search_term_string}\"},\"query-input\":{\"@type\":\"PropertyValueSpecification\",\"valueRequired\":true,\"valueName\":\"search_term_string\"}}],\"inLanguage\":\"en-GB\"},{\"@type\":\"Organization\",\"@id\":\"https:\\\/\\\/inwest.lt\\\/#organization\",\"name\":\"INWEST\",\"url\":\"https:\\\/\\\/inwest.lt\\\/\",\"logo\":{\"@type\":\"ImageObject\",\"inLanguage\":\"en-GB\",\"@id\":\"https:\\\/\\\/inwest.lt\\\/#\\\/schema\\\/logo\\\/image\\\/\",\"url\":\"https:\\\/\\\/inwest.lt\\\/wp-content\\\/uploads\\\/2023\\\/03\\\/Dizainas-be-pavadinimo.png\",\"contentUrl\":\"https:\\\/\\\/inwest.lt\\\/wp-content\\\/uploads\\\/2023\\\/03\\\/Dizainas-be-pavadinimo.png\",\"width\":2304,\"height\":2304,\"caption\":\"INWEST\"},\"image\":{\"@id\":\"https:\\\/\\\/inwest.lt\\\/#\\\/schema\\\/logo\\\/image\\\/\"},\"sameAs\":[\"https:\\\/\\\/www.facebook.com\\\/weinvestlt\",\"https:\\\/\\\/www.instagram.com\\\/inwest___\\\/\",\"https:\\\/\\\/www.linkedin.com\\\/company\\\/winvestnow\\\/\"]}]}<\/script>\n<!-- \/ Yoast SEO plugin. -->","yoast_head_json":{"title":"Investavimo pagrindai - INWEST","description":"Investavimo pagrindai: gaukite prieig\u0105 prie investavimo mokym\u0173, tinklalaid\u017ei\u0173 ir investavimo istorij\u0173, pad\u0117sian\u010di\u0173 prad\u0117ti investuoti s\u0117kmingai.","robots":{"index":"index","follow":"follow","max-snippet":"max-snippet:-1","max-image-preview":"max-image-preview:large","max-video-preview":"max-video-preview:-1"},"canonical":"https:\/\/inwest.lt\/en\/product\/investavimo-pagrindai\/","og_locale":"en_GB","og_type":"article","og_title":"Investavimo pagrindai - INWEST","og_description":"Investavimo pagrindai: gaukite prieig\u0105 prie investavimo mokym\u0173, tinklalaid\u017ei\u0173 ir investavimo istorij\u0173, pad\u0117sian\u010di\u0173 prad\u0117ti investuoti s\u0117kmingai.","og_url":"https:\/\/inwest.lt\/en\/product\/investavimo-pagrindai\/","og_site_name":"INWEST","article_publisher":"https:\/\/www.facebook.com\/weinvestlt","article_modified_time":"2026-02-14T21:03:06+00:00","og_image":[{"width":1080,"height":1080,"url":"https:\/\/inwest.lt\/wp-content\/uploads\/2024\/05\/INWEST-web-banners-square-imagesinvestavimo-pagrindai.webp","type":"image\/webp"}],"twitter_card":"summary_large_image","schema":{"@context":"https:\/\/schema.org","@graph":[{"@type":"WebPage","@id":"https:\/\/inwest.lt\/produktas\/investavimo-pagrindai\/","url":"https:\/\/inwest.lt\/produktas\/investavimo-pagrindai\/","name":"Investavimo pagrindai - INWEST","isPartOf":{"@id":"https:\/\/inwest.lt\/#website"},"primaryImageOfPage":{"@id":"https:\/\/inwest.lt\/produktas\/investavimo-pagrindai\/#primaryimage"},"image":{"@id":"https:\/\/inwest.lt\/produktas\/investavimo-pagrindai\/#primaryimage"},"thumbnailUrl":"https:\/\/inwest.lt\/wp-content\/uploads\/2024\/05\/INWEST-web-banners-square-imagesinvestavimo-pagrindai.webp","datePublished":"2024-05-12T11:24:36+00:00","dateModified":"2026-02-14T21:03:06+00:00","description":"Investavimo pagrindai: gaukite prieig\u0105 prie investavimo mokym\u0173, tinklalaid\u017ei\u0173 ir investavimo istorij\u0173, pad\u0117sian\u010di\u0173 prad\u0117ti investuoti s\u0117kmingai.","breadcrumb":{"@id":"https:\/\/inwest.lt\/produktas\/investavimo-pagrindai\/#breadcrumb"},"inLanguage":"en-GB","potentialAction":[{"@type":"ReadAction","target":["https:\/\/inwest.lt\/produktas\/investavimo-pagrindai\/"]}]},{"@type":"ImageObject","inLanguage":"en-GB","@id":"https:\/\/inwest.lt\/produktas\/investavimo-pagrindai\/#primaryimage","url":"https:\/\/inwest.lt\/wp-content\/uploads\/2024\/05\/INWEST-web-banners-square-imagesinvestavimo-pagrindai.webp","contentUrl":"https:\/\/inwest.lt\/wp-content\/uploads\/2024\/05\/INWEST-web-banners-square-imagesinvestavimo-pagrindai.webp","width":1080,"height":1080},{"@type":"BreadcrumbList","@id":"https:\/\/inwest.lt\/produktas\/investavimo-pagrindai\/#breadcrumb","itemListElement":[{"@type":"ListItem","position":1,"name":"Home","item":"https:\/\/inwest.lt\/"},{"@type":"ListItem","position":2,"name":"Parduotuv\u0117","item":"https:\/\/inwest.lt\/parduotuve\/"},{"@type":"ListItem","position":3,"name":"Investavimo mokymai"}]},{"@type":"WebSite","@id":"https:\/\/inwest.lt\/#website","url":"https:\/\/inwest.lt\/","name":"INWEST","description":"TAVO INVESTAVIMO GIDAS","publisher":{"@id":"https:\/\/inwest.lt\/#organization"},"alternateName":"INWEST - moter\u0173 investavimas","potentialAction":[{"@type":"SearchAction","target":{"@type":"EntryPoint","urlTemplate":"https:\/\/inwest.lt\/?s={search_term_string}"},"query-input":{"@type":"PropertyValueSpecification","valueRequired":true,"valueName":"search_term_string"}}],"inLanguage":"en-GB"},{"@type":"Organization","@id":"https:\/\/inwest.lt\/#organization","name":"INWEST","url":"https:\/\/inwest.lt\/","logo":{"@type":"ImageObject","inLanguage":"en-GB","@id":"https:\/\/inwest.lt\/#\/schema\/logo\/image\/","url":"https:\/\/inwest.lt\/wp-content\/uploads\/2023\/03\/Dizainas-be-pavadinimo.png","contentUrl":"https:\/\/inwest.lt\/wp-content\/uploads\/2023\/03\/Dizainas-be-pavadinimo.png","width":2304,"height":2304,"caption":"INWEST"},"image":{"@id":"https:\/\/inwest.lt\/#\/schema\/logo\/image\/"},"sameAs":["https:\/\/www.facebook.com\/weinvestlt","https:\/\/www.instagram.com\/inwest___\/","https:\/\/www.linkedin.com\/company\/winvestnow\/"]}]}},"_links":{"self":[{"href":"https:\/\/inwest.lt\/en\/wp-json\/wp\/v2\/product\/6699","targetHints":{"allow":["GET"]}}],"collection":[{"href":"https:\/\/inwest.lt\/en\/wp-json\/wp\/v2\/product"}],"about":[{"href":"https:\/\/inwest.lt\/en\/wp-json\/wp\/v2\/types\/product"}],"replies":[{"embeddable":true,"href":"https:\/\/inwest.lt\/en\/wp-json\/wp\/v2\/comments?post=6699"}],"version-history":[{"count":187,"href":"https:\/\/inwest.lt\/en\/wp-json\/wp\/v2\/product\/6699\/revisions"}],"predecessor-version":[{"id":15279,"href":"https:\/\/inwest.lt\/en\/wp-json\/wp\/v2\/product\/6699\/revisions\/15279"}],"wp:featuredmedia":[{"embeddable":true,"href":"https:\/\/inwest.lt\/en\/wp-json\/wp\/v2\/media\/14552"}],"wp:attachment":[{"href":"https:\/\/inwest.lt\/en\/wp-json\/wp\/v2\/media?parent=6699"}],"wp:term":[{"taxonomy":"product_brand","embeddable":true,"href":"https:\/\/inwest.lt\/en\/wp-json\/wp\/v2\/product_brand?post=6699"},{"taxonomy":"product_cat","embeddable":true,"href":"https:\/\/inwest.lt\/en\/wp-json\/wp\/v2\/product_cat?post=6699"},{"taxonomy":"product_tag","embeddable":true,"href":"https:\/\/inwest.lt\/en\/wp-json\/wp\/v2\/product_tag?post=6699"}],"curies":[{"name":"wp","href":"https:\/\/api.w.org\/{rel}","templated":true}]}}