{"id":13211,"date":"2025-10-06T23:28:45","date_gmt":"2025-10-06T21:28:45","guid":{"rendered":"https:\/\/inwest.lt\/produktas\/apie-investavima-prie-pietu-stalo-su-dovile-burgiene\/"},"modified":"2026-02-06T01:11:21","modified_gmt":"2026-02-05T23:11:21","slug":"apie-investavima-su-dovile-burgiene","status":"publish","type":"product","link":"https:\/\/inwest.lt\/en\/renginys\/apie-investavima-prie-pietu-stalo-su-dovile-burgiene\/","title":{"rendered":"Apie investavim\u0105 prie piet\u0173 stalo su Dovile Burgiene"},"content":{"rendered":"","protected":false},"excerpt":{"rendered":"","protected":false},"featured_media":13210,"comment_status":"open","ping_status":"closed","template":"","meta":{"_price":"35.00","_stock":"1","_tribe_ticket_header":"","_tribe_default_ticket_provider":"","_tribe_ticket_capacity":"13","_ticket_start_date":"2025-10-06 23:20:59","_ticket_end_date":"2025-10-23 12:00:00","_tribe_ticket_show_description":"yes","_tribe_ticket_show_not_going":false,"_tribe_ticket_use_global_stock":"","_tribe_ticket_global_stock_level":"","_global_stock_mode":"own","_global_stock_cap":"","_tribe_rsvp_for_event":"","_tribe_ticket_going_count":"","_tribe_ticket_not_going_count":"","_tribe_tickets_list":"[]","_tribe_ticket_has_attendee_info_fields":false,"_EventAllDay":false,"_EventTimezone":"","_EventStartDate":"","_EventEndDate":"","_EventStartDateUTC":"","_EventEndDateUTC":"","_EventShowMap":false,"_EventShowMapLink":false,"_EventURL":"","_EventCost":"","_EventCostDescription":"","_EventCurrencySymbol":"","_EventCurrencyCode":"","_EventCurrencyPosition":"","_EventDateTimeSeparator":"","_EventTimeRangeSeparator":"","_EventOrganizerID":[],"_EventVenueID":[],"_OrganizerEmail":"","_OrganizerPhone":"","_OrganizerWebsite":"","_VenueAddress":"","_VenueCity":"","_VenueCountry":"","_VenueProvince":"","_VenueState":"","_VenueZip":"","_VenuePhone":"","_VenueURL":"","_VenueStateProvince":"","_VenueLat":"","_VenueLng":"","_VenueShowMap":false,"_VenueShowMapLink":false,"_tec_slr_enabled":"","_tec_slr_layout":""},"product_brand":[],"product_cat":[70],"product_tag":[],"class_list":{"0":"post-13211","1":"product","2":"type-product","3":"status-publish","4":"has-post-thumbnail","6":"product_cat-renginiai","8":"first","9":"instock","10":"virtual","11":"purchasable","12":"product-type-simple"},"yoast_head":"<!-- This site is optimized with the Yoast SEO plugin v27.4 - https:\/\/yoast.com\/product\/yoast-seo-wordpress\/ -->\n<title>Apie investavim\u0105 prie piet\u0173 stalo su Dovile Burgiene - INWEST<\/title>\n<meta name=\"description\" content=\"Dovil\u0117 Burgien\u0117 - verslinink\u0117, investuotoja, mama. \u012ekv\u0117pianti moteris dalinasi savo investavimo principais ir santykiu su pinigais.\" \/>\n<meta name=\"robots\" content=\"index, follow, max-snippet:-1, max-image-preview:large, max-video-preview:-1\" \/>\n<link rel=\"canonical\" href=\"https:\/\/inwest.lt\/en\/renginys\/apie-investavima-prie-pietu-stalo-su-dovile-burgiene\/\" \/>\n<meta property=\"og:locale\" content=\"en_GB\" \/>\n<meta property=\"og:type\" content=\"article\" \/>\n<meta property=\"og:title\" content=\"Apie investavim\u0105 prie piet\u0173 stalo su Dovile Burgiene - INWEST\" \/>\n<meta property=\"og:description\" content=\"Dovil\u0117 Burgien\u0117 - verslinink\u0117, investuotoja, mama. \u012ekv\u0117pianti moteris dalinasi savo investavimo principais ir santykiu su pinigais.\" \/>\n<meta property=\"og:url\" content=\"https:\/\/inwest.lt\/en\/renginys\/apie-investavima-prie-pietu-stalo-su-dovile-burgiene\/\" \/>\n<meta property=\"og:site_name\" content=\"INWEST\" \/>\n<meta property=\"article:publisher\" content=\"https:\/\/www.facebook.com\/weinvestlt\" \/>\n<meta property=\"article:modified_time\" content=\"2026-02-05T23:11:21+00:00\" \/>\n<meta property=\"og:image\" content=\"https:\/\/inwest.lt\/wp-content\/uploads\/2025\/10\/INWEST-Dovile-Burgiene-verslumas-verslo-rykliai-1.webp\" \/>\n\t<meta property=\"og:image:width\" content=\"1080\" \/>\n\t<meta property=\"og:image:height\" content=\"1080\" \/>\n\t<meta property=\"og:image:type\" content=\"image\/webp\" \/>\n<meta name=\"twitter:card\" content=\"summary_large_image\" \/>\n<meta name=\"twitter:label1\" content=\"Estimated reading time\" \/>\n\t<meta name=\"twitter:data1\" content=\"1 minute\" \/>\n<script type=\"application\/ld+json\" class=\"yoast-schema-graph\">{\"@context\":\"https:\\\/\\\/schema.org\",\"@graph\":[{\"@type\":\"WebPage\",\"@id\":\"https:\\\/\\\/inwest.lt\\\/renginys\\\/apie-investavima-prie-pietu-stalo-su-dovile-burgiene\\\/\",\"url\":\"https:\\\/\\\/inwest.lt\\\/renginys\\\/apie-investavima-prie-pietu-stalo-su-dovile-burgiene\\\/\",\"name\":\"Apie investavim\u0105 prie piet\u0173 stalo su Dovile Burgiene - INWEST\",\"isPartOf\":{\"@id\":\"https:\\\/\\\/inwest.lt\\\/#website\"},\"primaryImageOfPage\":{\"@id\":\"https:\\\/\\\/inwest.lt\\\/renginys\\\/apie-investavima-prie-pietu-stalo-su-dovile-burgiene\\\/#primaryimage\"},\"image\":{\"@id\":\"https:\\\/\\\/inwest.lt\\\/renginys\\\/apie-investavima-prie-pietu-stalo-su-dovile-burgiene\\\/#primaryimage\"},\"thumbnailUrl\":\"https:\\\/\\\/inwest.lt\\\/wp-content\\\/uploads\\\/2025\\\/10\\\/INWEST-Dovile-Burgiene-verslumas-verslo-rykliai-1.webp\",\"datePublished\":\"2025-10-06T21:28:45+00:00\",\"dateModified\":\"2026-02-05T23:11:21+00:00\",\"description\":\"Dovil\u0117 Burgien\u0117 - verslinink\u0117, investuotoja, mama. \u012ekv\u0117pianti moteris dalinasi savo investavimo principais ir santykiu su pinigais.\",\"breadcrumb\":{\"@id\":\"https:\\\/\\\/inwest.lt\\\/renginys\\\/apie-investavima-prie-pietu-stalo-su-dovile-burgiene\\\/#breadcrumb\"},\"inLanguage\":\"en-GB\",\"potentialAction\":[{\"@type\":\"ReadAction\",\"target\":[\"https:\\\/\\\/inwest.lt\\\/renginys\\\/apie-investavima-prie-pietu-stalo-su-dovile-burgiene\\\/\"]}]},{\"@type\":\"ImageObject\",\"inLanguage\":\"en-GB\",\"@id\":\"https:\\\/\\\/inwest.lt\\\/renginys\\\/apie-investavima-prie-pietu-stalo-su-dovile-burgiene\\\/#primaryimage\",\"url\":\"https:\\\/\\\/inwest.lt\\\/wp-content\\\/uploads\\\/2025\\\/10\\\/INWEST-Dovile-Burgiene-verslumas-verslo-rykliai-1.webp\",\"contentUrl\":\"https:\\\/\\\/inwest.lt\\\/wp-content\\\/uploads\\\/2025\\\/10\\\/INWEST-Dovile-Burgiene-verslumas-verslo-rykliai-1.webp\",\"width\":1080,\"height\":1080},{\"@type\":\"BreadcrumbList\",\"@id\":\"https:\\\/\\\/inwest.lt\\\/renginys\\\/apie-investavima-prie-pietu-stalo-su-dovile-burgiene\\\/#breadcrumb\",\"itemListElement\":[{\"@type\":\"ListItem\",\"position\":1,\"name\":\"Home\",\"item\":\"https:\\\/\\\/inwest.lt\\\/\"},{\"@type\":\"ListItem\",\"position\":2,\"name\":\"Parduotuv\u0117\",\"item\":\"https:\\\/\\\/inwest.lt\\\/parduotuve\\\/\"},{\"@type\":\"ListItem\",\"position\":3,\"name\":\"Apie investavim\u0105 prie piet\u0173 stalo su Dovile Burgiene\"}]},{\"@type\":\"WebSite\",\"@id\":\"https:\\\/\\\/inwest.lt\\\/#website\",\"url\":\"https:\\\/\\\/inwest.lt\\\/\",\"name\":\"INWEST\",\"description\":\"TAVO INVESTAVIMO GIDAS\",\"publisher\":{\"@id\":\"https:\\\/\\\/inwest.lt\\\/#organization\"},\"alternateName\":\"INWEST - moter\u0173 investavimas\",\"potentialAction\":[{\"@type\":\"SearchAction\",\"target\":{\"@type\":\"EntryPoint\",\"urlTemplate\":\"https:\\\/\\\/inwest.lt\\\/?s={search_term_string}\"},\"query-input\":{\"@type\":\"PropertyValueSpecification\",\"valueRequired\":true,\"valueName\":\"search_term_string\"}}],\"inLanguage\":\"en-GB\"},{\"@type\":\"Organization\",\"@id\":\"https:\\\/\\\/inwest.lt\\\/#organization\",\"name\":\"INWEST\",\"url\":\"https:\\\/\\\/inwest.lt\\\/\",\"logo\":{\"@type\":\"ImageObject\",\"inLanguage\":\"en-GB\",\"@id\":\"https:\\\/\\\/inwest.lt\\\/#\\\/schema\\\/logo\\\/image\\\/\",\"url\":\"https:\\\/\\\/inwest.lt\\\/wp-content\\\/uploads\\\/2023\\\/03\\\/Dizainas-be-pavadinimo.png\",\"contentUrl\":\"https:\\\/\\\/inwest.lt\\\/wp-content\\\/uploads\\\/2023\\\/03\\\/Dizainas-be-pavadinimo.png\",\"width\":2304,\"height\":2304,\"caption\":\"INWEST\"},\"image\":{\"@id\":\"https:\\\/\\\/inwest.lt\\\/#\\\/schema\\\/logo\\\/image\\\/\"},\"sameAs\":[\"https:\\\/\\\/www.facebook.com\\\/weinvestlt\",\"https:\\\/\\\/www.instagram.com\\\/inwest___\\\/\",\"https:\\\/\\\/www.linkedin.com\\\/company\\\/winvestnow\\\/\"]}]}<\/script>\n<!-- \/ Yoast SEO plugin. -->","yoast_head_json":{"title":"Apie investavim\u0105 prie piet\u0173 stalo su Dovile Burgiene - INWEST","description":"Dovil\u0117 Burgien\u0117 - verslinink\u0117, investuotoja, mama. \u012ekv\u0117pianti moteris dalinasi savo investavimo principais ir santykiu su pinigais.","robots":{"index":"index","follow":"follow","max-snippet":"max-snippet:-1","max-image-preview":"max-image-preview:large","max-video-preview":"max-video-preview:-1"},"canonical":"https:\/\/inwest.lt\/en\/renginys\/apie-investavima-prie-pietu-stalo-su-dovile-burgiene\/","og_locale":"en_GB","og_type":"article","og_title":"Apie investavim\u0105 prie piet\u0173 stalo su Dovile Burgiene - INWEST","og_description":"Dovil\u0117 Burgien\u0117 - verslinink\u0117, investuotoja, mama. \u012ekv\u0117pianti moteris dalinasi savo investavimo principais ir santykiu su pinigais.","og_url":"https:\/\/inwest.lt\/en\/renginys\/apie-investavima-prie-pietu-stalo-su-dovile-burgiene\/","og_site_name":"INWEST","article_publisher":"https:\/\/www.facebook.com\/weinvestlt","article_modified_time":"2026-02-05T23:11:21+00:00","og_image":[{"width":1080,"height":1080,"url":"https:\/\/inwest.lt\/wp-content\/uploads\/2025\/10\/INWEST-Dovile-Burgiene-verslumas-verslo-rykliai-1.webp","type":"image\/webp"}],"twitter_card":"summary_large_image","twitter_misc":{"Estimated reading time":"1 minute"},"schema":{"@context":"https:\/\/schema.org","@graph":[{"@type":"WebPage","@id":"https:\/\/inwest.lt\/renginys\/apie-investavima-prie-pietu-stalo-su-dovile-burgiene\/","url":"https:\/\/inwest.lt\/renginys\/apie-investavima-prie-pietu-stalo-su-dovile-burgiene\/","name":"Apie investavim\u0105 prie piet\u0173 stalo su Dovile Burgiene - INWEST","isPartOf":{"@id":"https:\/\/inwest.lt\/#website"},"primaryImageOfPage":{"@id":"https:\/\/inwest.lt\/renginys\/apie-investavima-prie-pietu-stalo-su-dovile-burgiene\/#primaryimage"},"image":{"@id":"https:\/\/inwest.lt\/renginys\/apie-investavima-prie-pietu-stalo-su-dovile-burgiene\/#primaryimage"},"thumbnailUrl":"https:\/\/inwest.lt\/wp-content\/uploads\/2025\/10\/INWEST-Dovile-Burgiene-verslumas-verslo-rykliai-1.webp","datePublished":"2025-10-06T21:28:45+00:00","dateModified":"2026-02-05T23:11:21+00:00","description":"Dovil\u0117 Burgien\u0117 - verslinink\u0117, investuotoja, mama. \u012ekv\u0117pianti moteris dalinasi savo investavimo principais ir santykiu su pinigais.","breadcrumb":{"@id":"https:\/\/inwest.lt\/renginys\/apie-investavima-prie-pietu-stalo-su-dovile-burgiene\/#breadcrumb"},"inLanguage":"en-GB","potentialAction":[{"@type":"ReadAction","target":["https:\/\/inwest.lt\/renginys\/apie-investavima-prie-pietu-stalo-su-dovile-burgiene\/"]}]},{"@type":"ImageObject","inLanguage":"en-GB","@id":"https:\/\/inwest.lt\/renginys\/apie-investavima-prie-pietu-stalo-su-dovile-burgiene\/#primaryimage","url":"https:\/\/inwest.lt\/wp-content\/uploads\/2025\/10\/INWEST-Dovile-Burgiene-verslumas-verslo-rykliai-1.webp","contentUrl":"https:\/\/inwest.lt\/wp-content\/uploads\/2025\/10\/INWEST-Dovile-Burgiene-verslumas-verslo-rykliai-1.webp","width":1080,"height":1080},{"@type":"BreadcrumbList","@id":"https:\/\/inwest.lt\/renginys\/apie-investavima-prie-pietu-stalo-su-dovile-burgiene\/#breadcrumb","itemListElement":[{"@type":"ListItem","position":1,"name":"Home","item":"https:\/\/inwest.lt\/"},{"@type":"ListItem","position":2,"name":"Parduotuv\u0117","item":"https:\/\/inwest.lt\/parduotuve\/"},{"@type":"ListItem","position":3,"name":"Apie investavim\u0105 prie piet\u0173 stalo su Dovile Burgiene"}]},{"@type":"WebSite","@id":"https:\/\/inwest.lt\/#website","url":"https:\/\/inwest.lt\/","name":"INWEST","description":"TAVO INVESTAVIMO GIDAS","publisher":{"@id":"https:\/\/inwest.lt\/#organization"},"alternateName":"INWEST - moter\u0173 investavimas","potentialAction":[{"@type":"SearchAction","target":{"@type":"EntryPoint","urlTemplate":"https:\/\/inwest.lt\/?s={search_term_string}"},"query-input":{"@type":"PropertyValueSpecification","valueRequired":true,"valueName":"search_term_string"}}],"inLanguage":"en-GB"},{"@type":"Organization","@id":"https:\/\/inwest.lt\/#organization","name":"INWEST","url":"https:\/\/inwest.lt\/","logo":{"@type":"ImageObject","inLanguage":"en-GB","@id":"https:\/\/inwest.lt\/#\/schema\/logo\/image\/","url":"https:\/\/inwest.lt\/wp-content\/uploads\/2023\/03\/Dizainas-be-pavadinimo.png","contentUrl":"https:\/\/inwest.lt\/wp-content\/uploads\/2023\/03\/Dizainas-be-pavadinimo.png","width":2304,"height":2304,"caption":"INWEST"},"image":{"@id":"https:\/\/inwest.lt\/#\/schema\/logo\/image\/"},"sameAs":["https:\/\/www.facebook.com\/weinvestlt","https:\/\/www.instagram.com\/inwest___\/","https:\/\/www.linkedin.com\/company\/winvestnow\/"]}]}},"jetpack_sharing_enabled":true,"_links":{"self":[{"href":"https:\/\/inwest.lt\/en\/wp-json\/wp\/v2\/product\/13211","targetHints":{"allow":["GET"]}}],"collection":[{"href":"https:\/\/inwest.lt\/en\/wp-json\/wp\/v2\/product"}],"about":[{"href":"https:\/\/inwest.lt\/en\/wp-json\/wp\/v2\/types\/product"}],"replies":[{"embeddable":true,"href":"https:\/\/inwest.lt\/en\/wp-json\/wp\/v2\/comments?post=13211"}],"version-history":[{"count":1,"href":"https:\/\/inwest.lt\/en\/wp-json\/wp\/v2\/product\/13211\/revisions"}],"predecessor-version":[{"id":13212,"href":"https:\/\/inwest.lt\/en\/wp-json\/wp\/v2\/product\/13211\/revisions\/13212"}],"wp:featuredmedia":[{"embeddable":true,"href":"https:\/\/inwest.lt\/en\/wp-json\/wp\/v2\/media\/13210"}],"wp:attachment":[{"href":"https:\/\/inwest.lt\/en\/wp-json\/wp\/v2\/media?parent=13211"}],"wp:term":[{"taxonomy":"product_brand","embeddable":true,"href":"https:\/\/inwest.lt\/en\/wp-json\/wp\/v2\/product_brand?post=13211"},{"taxonomy":"product_cat","embeddable":true,"href":"https:\/\/inwest.lt\/en\/wp-json\/wp\/v2\/product_cat?post=13211"},{"taxonomy":"product_tag","embeddable":true,"href":"https:\/\/inwest.lt\/en\/wp-json\/wp\/v2\/product_tag?post=13211"}],"curies":[{"name":"wp","href":"https:\/\/api.w.org\/{rel}","templated":true}]}}