{"id":10865,"date":"2025-05-14T21:18:38","date_gmt":"2025-05-14T19:18:38","guid":{"rendered":"https:\/\/inwest.lt\/?post_type=product&#038;p=10865"},"modified":"2025-05-23T22:26:06","modified_gmt":"2025-05-23T20:26:06","slug":"investuotojo-portretas-suzinok-savo-investavimo-profili","status":"publish","type":"product","link":"https:\/\/inwest.lt\/en\/product\/investuotojo-portretas-suzinok-savo-investavimo-profili\/","title":{"rendered":"Investuotojo portretas"},"content":{"rendered":"<div data-elementor-type=\"product-post\" data-elementor-id=\"10865\" class=\"elementor elementor-10865\" data-elementor-post-type=\"product\">\n\t\t\t\t<div class=\"elementor-element elementor-element-18001ac4 e-flex e-con-boxed e-con e-parent\" data-id=\"18001ac4\" data-element_type=\"container\" data-e-type=\"container\">\n\t\t\t\t\t<div class=\"e-con-inner\">\n\t\t\t\t<div class=\"elementor-element elementor-element-b7bb58f elementor-widget elementor-widget-text-editor\" data-id=\"b7bb58f\" data-element_type=\"widget\" data-e-type=\"widget\" data-widget_type=\"text-editor.default\">\n\t\t\t\t<div class=\"elementor-widget-container\">\n\t\t\t\t\t\t\t\t\t<h3><span style=\"color: #000000;\">K\u0105 gausi?<\/span><\/h3><p><img decoding=\"async\" class=\"an1 alignnone\" draggable=\"false\" src=\"https:\/\/fonts.gstatic.com\/s\/e\/notoemoji\/16.0\/1f9e0\/32.png\" alt=\"\ud83e\udde0\" width=\"19\" height=\"19\" data-emoji=\"\ud83e\udde0\" aria-label=\"\ud83e\udde0\" \/>\u00a0<strong>Asmenin\u012f investuotojo portret\u0105<\/strong><br \/>Atsakyk \u012f trump\u0105 klausimyn\u0105 apie savo finansinius tikslus, po\u017ei\u016br\u012f \u012f rizik\u0105 ir investavimo laikotarp\u012f \u2013 su\u017einosi, kuriam investuotoj\u0173 tipui (konservatyvus, subalansuotas ar agresyvus) da\u017eniausiai esi priskiriamas.<\/p><p><img decoding=\"async\" class=\"an1\" draggable=\"false\" src=\"https:\/\/fonts.gstatic.com\/s\/e\/notoemoji\/16.0\/1f4ca\/32.png\" alt=\"\ud83d\udcca\" width=\"18\" height=\"18\" data-emoji=\"\ud83d\udcca\" aria-label=\"\ud83d\udcca\" \/>\u00a0<strong>Informacij\u0105 apie tipi\u0161k\u0105 portfelio strukt\u016br\u0105<\/strong><br \/>Pamatysi, kaip tradici\u0161kai paskirstomas investicinis portfelis tavo tipo investuotojams \u2013 kiek procent\u0173 da\u017eniausiai skiriama akcijoms, obligacijoms ir kitoms turto klas\u0117ms.<\/p><p><img decoding=\"async\" class=\"an1\" draggable=\"false\" src=\"https:\/\/fonts.gstatic.com\/s\/e\/notoemoji\/16.0\/1f4cb\/32.png\" alt=\"\ud83d\udccb\" width=\"19\" height=\"19\" data-emoji=\"\ud83d\udccb\" aria-label=\"\ud83d\udccb\" \/>\u00a0<strong>Konkre\u010di\u0173 ETF\u2019\u0173 ir brokeri\u0173 s\u0105ra\u0161\u0105<\/strong><br \/>Gausi konkret\u0173 informacin\u012f bir\u017eoje prekiaujam\u0173 fond\u0173 (ETF) pavadinim\u0173 ir Lietuvoje veikian\u010di\u0173 brokeri\u0173 s\u0105ra\u0161\u0105, kuris pad\u0117s savaranki\u0161kai susipa\u017einti su galimyb\u0117mis.<\/p><p><img loading=\"lazy\" decoding=\"async\" class=\"an1\" draggable=\"false\" src=\"https:\/\/fonts.gstatic.com\/s\/e\/notoemoji\/16.0\/1f4a1\/32.png\" alt=\"\ud83d\udca1\" width=\"19\" height=\"19\" data-emoji=\"\ud83d\udca1\" aria-label=\"\ud83d\udca1\" \/>\u00a0<strong>Visa informacija \u2013 ai\u0161kiai viename puslapyje<\/strong><br \/>Strukt\u016brizuotas, lengvai suprantamas rezultat\u0173 lapas, kur\u012f gal\u0117si i\u0161sisaugoti arba atsispausdinti.<\/p><p><span style=\"color: #ff0000;\"><img loading=\"lazy\" decoding=\"async\" class=\"an1\" draggable=\"false\" src=\"https:\/\/fonts.gstatic.com\/s\/e\/notoemoji\/16.0\/1f6d1\/32.png\" alt=\"\ud83d\uded1\" width=\"19\" height=\"19\" data-emoji=\"\ud83d\uded1\" aria-label=\"\ud83d\uded1\" \/>\u00a0<b>\u0160is \u012frankis n\u0117ra investavimo rekomendacija. Jame pateikiama informacija yra skirta \u0161vietimui ir padeda geriau suprasti tavo investavimo profil\u012f bei \u012fprast\u0105 praktin\u012f kontekst\u0105<\/b>.<\/span><\/p><h4><span style=\"color: #000000;\"><br \/>Kaip tai veikia?<\/span><\/h4><ol><li><p>U\u017epildai trump\u0105 klausimyn\u0105.<\/p><\/li><li><p>Su\u017einai savo investuotojo tip\u0105.<\/p><\/li><li><p>Pamatysi tradicin\u012f to tipo portfelio paskirstym\u0105.<\/p><\/li><li><p>Gausi konkret\u0173 ETF\u2019\u0173 ir brokeri\u0173 s\u0105ra\u0161\u0105.<\/p><\/li><li>Visa informacija \u2013 viename puslapyje, tavo patogumui<\/li><\/ol>\t\t\t\t\t\t\t\t<\/div>\n\t\t\t\t<\/div>\n\t\t\t\t\t<\/div>\n\t\t\t\t<\/div>\n\t\t\t\t<\/div>","protected":false},"excerpt":{"rendered":"<p><span style=\"color: #000000;\"><strong>Investuotojo portretas: atrask, koks investuotojas esi. Vos u\u017e 6,99 \u20ac!<\/strong><\/span><br \/>\n<span style=\"color: #000000;\">INWEST investuotojo portretas \u2013 tai informacinis \u012frankis, padedantis tau geriau suprasti savo investavimo profil\u012f ir susipa\u017einti su tuo, kaip \u012fprastai paskirstomi portfeliai skirtingiems investuotoj\u0173 tipams.<\/span><\/p>","protected":false},"featured_media":10922,"comment_status":"open","ping_status":"closed","template":"","meta":{"_price":"6.99","_stock":"","_tribe_ticket_header":"","_tribe_default_ticket_provider":"","_tribe_ticket_capacity":"0","_ticket_start_date":"","_ticket_end_date":"","_tribe_ticket_show_description":"","_tribe_ticket_show_not_going":false,"_tribe_ticket_use_global_stock":"","_tribe_ticket_global_stock_level":"","_global_stock_mode":"","_global_stock_cap":"","_tribe_rsvp_for_event":"","_tribe_ticket_going_count":"","_tribe_ticket_not_going_count":"","_tribe_tickets_list":"[]","_tribe_ticket_has_attendee_info_fields":false,"_EventAllDay":false,"_EventTimezone":"","_EventStartDate":"","_EventEndDate":"","_EventStartDateUTC":"","_EventEndDateUTC":"","_EventShowMap":false,"_EventShowMapLink":false,"_EventURL":"","_EventCost":"","_EventCostDescription":"","_EventCurrencySymbol":"","_EventCurrencyCode":"","_EventCurrencyPosition":"","_EventDateTimeSeparator":"","_EventTimeRangeSeparator":"","_EventOrganizerID":[],"_EventVenueID":[],"_OrganizerEmail":"","_OrganizerPhone":"","_OrganizerWebsite":"","_VenueAddress":"","_VenueCity":"","_VenueCountry":"","_VenueProvince":"","_VenueState":"","_VenueZip":"","_VenuePhone":"","_VenueURL":"","_VenueStateProvince":"","_VenueLat":"","_VenueLng":"","_VenueShowMap":false,"_VenueShowMapLink":false,"_tec_slr_enabled":"","_tec_slr_layout":""},"product_brand":[],"product_cat":[85],"product_tag":[],"class_list":{"0":"post-10865","1":"product","2":"type-product","3":"status-publish","4":"has-post-thumbnail","6":"product_cat-testai","8":"first","9":"instock","10":"virtual","11":"purchasable","12":"product-type-simple"},"yoast_head":"<!-- This site is optimized with the Yoast SEO plugin v27.4 - https:\/\/yoast.com\/product\/yoast-seo-wordpress\/ -->\n<title>Investuotojo portretas \u2013 Su\u017einok savo investavimo profil\u012f!<\/title>\n<meta name=\"description\" content=\"Atrask, koks investuotojas esi. Konservatyvus? Subalansuotas? Agresyvus? Gauk asmenin\u012f investuotojo portret\u0105, portfelio strukt\u016br\u0105, ETF bei brokeri\u0173 s\u0105ra\u0161\u0105.\" \/>\n<meta name=\"robots\" content=\"index, follow, max-snippet:-1, max-image-preview:large, max-video-preview:-1\" \/>\n<link rel=\"canonical\" href=\"https:\/\/inwest.lt\/en\/product\/investuotojo-portretas-suzinok-savo-investavimo-profili\/\" \/>\n<meta property=\"og:locale\" content=\"en_GB\" \/>\n<meta property=\"og:type\" content=\"article\" \/>\n<meta property=\"og:title\" content=\"Investuotojo portretas \u2013 Su\u017einok savo investavimo profil\u012f!\" \/>\n<meta property=\"og:description\" content=\"Atrask, koks investuotojas esi. Konservatyvus? Subalansuotas? Agresyvus? Gauk asmenin\u012f investuotojo portret\u0105, portfelio strukt\u016br\u0105, ETF bei brokeri\u0173 s\u0105ra\u0161\u0105.\" \/>\n<meta property=\"og:url\" content=\"https:\/\/inwest.lt\/en\/product\/investuotojo-portretas-suzinok-savo-investavimo-profili\/\" \/>\n<meta property=\"og:site_name\" content=\"INWEST\" \/>\n<meta property=\"article:publisher\" content=\"https:\/\/www.facebook.com\/weinvestlt\" \/>\n<meta property=\"article:modified_time\" content=\"2025-05-23T20:26:06+00:00\" \/>\n<meta property=\"og:image\" content=\"https:\/\/inwest.lt\/wp-content\/uploads\/2025\/05\/Investuotojo-portretas-inwest-investavimas-1.webp\" \/>\n\t<meta property=\"og:image:width\" content=\"1080\" \/>\n\t<meta property=\"og:image:height\" content=\"1080\" \/>\n\t<meta property=\"og:image:type\" content=\"image\/webp\" \/>\n<meta name=\"twitter:card\" content=\"summary_large_image\" \/>\n<meta name=\"twitter:label1\" content=\"Estimated reading time\" \/>\n\t<meta name=\"twitter:data1\" content=\"2 minutes\" \/>\n<script type=\"application\/ld+json\" class=\"yoast-schema-graph\">{\"@context\":\"https:\\\/\\\/schema.org\",\"@graph\":[{\"@type\":\"WebPage\",\"@id\":\"https:\\\/\\\/inwest.lt\\\/produktas\\\/investuotojo-portretas-suzinok-savo-investavimo-profili\\\/\",\"url\":\"https:\\\/\\\/inwest.lt\\\/produktas\\\/investuotojo-portretas-suzinok-savo-investavimo-profili\\\/\",\"name\":\"Investuotojo portretas \u2013 Su\u017einok savo investavimo profil\u012f!\",\"isPartOf\":{\"@id\":\"https:\\\/\\\/inwest.lt\\\/#website\"},\"primaryImageOfPage\":{\"@id\":\"https:\\\/\\\/inwest.lt\\\/produktas\\\/investuotojo-portretas-suzinok-savo-investavimo-profili\\\/#primaryimage\"},\"image\":{\"@id\":\"https:\\\/\\\/inwest.lt\\\/produktas\\\/investuotojo-portretas-suzinok-savo-investavimo-profili\\\/#primaryimage\"},\"thumbnailUrl\":\"https:\\\/\\\/inwest.lt\\\/wp-content\\\/uploads\\\/2025\\\/05\\\/Investuotojo-portretas-inwest-investavimas-1.webp\",\"datePublished\":\"2025-05-14T19:18:38+00:00\",\"dateModified\":\"2025-05-23T20:26:06+00:00\",\"description\":\"Atrask, koks investuotojas esi. Konservatyvus? Subalansuotas? Agresyvus? Gauk asmenin\u012f investuotojo portret\u0105, portfelio strukt\u016br\u0105, ETF bei brokeri\u0173 s\u0105ra\u0161\u0105.\",\"breadcrumb\":{\"@id\":\"https:\\\/\\\/inwest.lt\\\/produktas\\\/investuotojo-portretas-suzinok-savo-investavimo-profili\\\/#breadcrumb\"},\"inLanguage\":\"en-GB\",\"potentialAction\":[{\"@type\":\"ReadAction\",\"target\":[\"https:\\\/\\\/inwest.lt\\\/produktas\\\/investuotojo-portretas-suzinok-savo-investavimo-profili\\\/\"]}]},{\"@type\":\"ImageObject\",\"inLanguage\":\"en-GB\",\"@id\":\"https:\\\/\\\/inwest.lt\\\/produktas\\\/investuotojo-portretas-suzinok-savo-investavimo-profili\\\/#primaryimage\",\"url\":\"https:\\\/\\\/inwest.lt\\\/wp-content\\\/uploads\\\/2025\\\/05\\\/Investuotojo-portretas-inwest-investavimas-1.webp\",\"contentUrl\":\"https:\\\/\\\/inwest.lt\\\/wp-content\\\/uploads\\\/2025\\\/05\\\/Investuotojo-portretas-inwest-investavimas-1.webp\",\"width\":1080,\"height\":1080},{\"@type\":\"BreadcrumbList\",\"@id\":\"https:\\\/\\\/inwest.lt\\\/produktas\\\/investuotojo-portretas-suzinok-savo-investavimo-profili\\\/#breadcrumb\",\"itemListElement\":[{\"@type\":\"ListItem\",\"position\":1,\"name\":\"Home\",\"item\":\"https:\\\/\\\/inwest.lt\\\/\"},{\"@type\":\"ListItem\",\"position\":2,\"name\":\"Parduotuv\u0117\",\"item\":\"https:\\\/\\\/inwest.lt\\\/parduotuve\\\/\"},{\"@type\":\"ListItem\",\"position\":3,\"name\":\"Investuotojo portretas\"}]},{\"@type\":\"WebSite\",\"@id\":\"https:\\\/\\\/inwest.lt\\\/#website\",\"url\":\"https:\\\/\\\/inwest.lt\\\/\",\"name\":\"INWEST\",\"description\":\"TAVO INVESTAVIMO GIDAS\",\"publisher\":{\"@id\":\"https:\\\/\\\/inwest.lt\\\/#organization\"},\"alternateName\":\"INWEST - moter\u0173 investavimas\",\"potentialAction\":[{\"@type\":\"SearchAction\",\"target\":{\"@type\":\"EntryPoint\",\"urlTemplate\":\"https:\\\/\\\/inwest.lt\\\/?s={search_term_string}\"},\"query-input\":{\"@type\":\"PropertyValueSpecification\",\"valueRequired\":true,\"valueName\":\"search_term_string\"}}],\"inLanguage\":\"en-GB\"},{\"@type\":\"Organization\",\"@id\":\"https:\\\/\\\/inwest.lt\\\/#organization\",\"name\":\"INWEST\",\"url\":\"https:\\\/\\\/inwest.lt\\\/\",\"logo\":{\"@type\":\"ImageObject\",\"inLanguage\":\"en-GB\",\"@id\":\"https:\\\/\\\/inwest.lt\\\/#\\\/schema\\\/logo\\\/image\\\/\",\"url\":\"https:\\\/\\\/inwest.lt\\\/wp-content\\\/uploads\\\/2023\\\/03\\\/Dizainas-be-pavadinimo.png\",\"contentUrl\":\"https:\\\/\\\/inwest.lt\\\/wp-content\\\/uploads\\\/2023\\\/03\\\/Dizainas-be-pavadinimo.png\",\"width\":2304,\"height\":2304,\"caption\":\"INWEST\"},\"image\":{\"@id\":\"https:\\\/\\\/inwest.lt\\\/#\\\/schema\\\/logo\\\/image\\\/\"},\"sameAs\":[\"https:\\\/\\\/www.facebook.com\\\/weinvestlt\",\"https:\\\/\\\/www.instagram.com\\\/inwest___\\\/\",\"https:\\\/\\\/www.linkedin.com\\\/company\\\/winvestnow\\\/\"]}]}<\/script>\n<!-- \/ Yoast SEO plugin. -->","yoast_head_json":{"title":"Investuotojo portretas \u2013 Su\u017einok savo investavimo profil\u012f!","description":"Atrask, koks investuotojas esi. Konservatyvus? Subalansuotas? Agresyvus? Gauk asmenin\u012f investuotojo portret\u0105, portfelio strukt\u016br\u0105, ETF bei brokeri\u0173 s\u0105ra\u0161\u0105.","robots":{"index":"index","follow":"follow","max-snippet":"max-snippet:-1","max-image-preview":"max-image-preview:large","max-video-preview":"max-video-preview:-1"},"canonical":"https:\/\/inwest.lt\/en\/product\/investuotojo-portretas-suzinok-savo-investavimo-profili\/","og_locale":"en_GB","og_type":"article","og_title":"Investuotojo portretas \u2013 Su\u017einok savo investavimo profil\u012f!","og_description":"Atrask, koks investuotojas esi. Konservatyvus? Subalansuotas? Agresyvus? Gauk asmenin\u012f investuotojo portret\u0105, portfelio strukt\u016br\u0105, ETF bei brokeri\u0173 s\u0105ra\u0161\u0105.","og_url":"https:\/\/inwest.lt\/en\/product\/investuotojo-portretas-suzinok-savo-investavimo-profili\/","og_site_name":"INWEST","article_publisher":"https:\/\/www.facebook.com\/weinvestlt","article_modified_time":"2025-05-23T20:26:06+00:00","og_image":[{"width":1080,"height":1080,"url":"https:\/\/inwest.lt\/wp-content\/uploads\/2025\/05\/Investuotojo-portretas-inwest-investavimas-1.webp","type":"image\/webp"}],"twitter_card":"summary_large_image","twitter_misc":{"Estimated reading time":"2 minutes"},"schema":{"@context":"https:\/\/schema.org","@graph":[{"@type":"WebPage","@id":"https:\/\/inwest.lt\/produktas\/investuotojo-portretas-suzinok-savo-investavimo-profili\/","url":"https:\/\/inwest.lt\/produktas\/investuotojo-portretas-suzinok-savo-investavimo-profili\/","name":"Investuotojo portretas \u2013 Su\u017einok savo investavimo profil\u012f!","isPartOf":{"@id":"https:\/\/inwest.lt\/#website"},"primaryImageOfPage":{"@id":"https:\/\/inwest.lt\/produktas\/investuotojo-portretas-suzinok-savo-investavimo-profili\/#primaryimage"},"image":{"@id":"https:\/\/inwest.lt\/produktas\/investuotojo-portretas-suzinok-savo-investavimo-profili\/#primaryimage"},"thumbnailUrl":"https:\/\/inwest.lt\/wp-content\/uploads\/2025\/05\/Investuotojo-portretas-inwest-investavimas-1.webp","datePublished":"2025-05-14T19:18:38+00:00","dateModified":"2025-05-23T20:26:06+00:00","description":"Atrask, koks investuotojas esi. Konservatyvus? Subalansuotas? Agresyvus? Gauk asmenin\u012f investuotojo portret\u0105, portfelio strukt\u016br\u0105, ETF bei brokeri\u0173 s\u0105ra\u0161\u0105.","breadcrumb":{"@id":"https:\/\/inwest.lt\/produktas\/investuotojo-portretas-suzinok-savo-investavimo-profili\/#breadcrumb"},"inLanguage":"en-GB","potentialAction":[{"@type":"ReadAction","target":["https:\/\/inwest.lt\/produktas\/investuotojo-portretas-suzinok-savo-investavimo-profili\/"]}]},{"@type":"ImageObject","inLanguage":"en-GB","@id":"https:\/\/inwest.lt\/produktas\/investuotojo-portretas-suzinok-savo-investavimo-profili\/#primaryimage","url":"https:\/\/inwest.lt\/wp-content\/uploads\/2025\/05\/Investuotojo-portretas-inwest-investavimas-1.webp","contentUrl":"https:\/\/inwest.lt\/wp-content\/uploads\/2025\/05\/Investuotojo-portretas-inwest-investavimas-1.webp","width":1080,"height":1080},{"@type":"BreadcrumbList","@id":"https:\/\/inwest.lt\/produktas\/investuotojo-portretas-suzinok-savo-investavimo-profili\/#breadcrumb","itemListElement":[{"@type":"ListItem","position":1,"name":"Home","item":"https:\/\/inwest.lt\/"},{"@type":"ListItem","position":2,"name":"Parduotuv\u0117","item":"https:\/\/inwest.lt\/parduotuve\/"},{"@type":"ListItem","position":3,"name":"Investuotojo portretas"}]},{"@type":"WebSite","@id":"https:\/\/inwest.lt\/#website","url":"https:\/\/inwest.lt\/","name":"INWEST","description":"TAVO INVESTAVIMO GIDAS","publisher":{"@id":"https:\/\/inwest.lt\/#organization"},"alternateName":"INWEST - moter\u0173 investavimas","potentialAction":[{"@type":"SearchAction","target":{"@type":"EntryPoint","urlTemplate":"https:\/\/inwest.lt\/?s={search_term_string}"},"query-input":{"@type":"PropertyValueSpecification","valueRequired":true,"valueName":"search_term_string"}}],"inLanguage":"en-GB"},{"@type":"Organization","@id":"https:\/\/inwest.lt\/#organization","name":"INWEST","url":"https:\/\/inwest.lt\/","logo":{"@type":"ImageObject","inLanguage":"en-GB","@id":"https:\/\/inwest.lt\/#\/schema\/logo\/image\/","url":"https:\/\/inwest.lt\/wp-content\/uploads\/2023\/03\/Dizainas-be-pavadinimo.png","contentUrl":"https:\/\/inwest.lt\/wp-content\/uploads\/2023\/03\/Dizainas-be-pavadinimo.png","width":2304,"height":2304,"caption":"INWEST"},"image":{"@id":"https:\/\/inwest.lt\/#\/schema\/logo\/image\/"},"sameAs":["https:\/\/www.facebook.com\/weinvestlt","https:\/\/www.instagram.com\/inwest___\/","https:\/\/www.linkedin.com\/company\/winvestnow\/"]}]}},"jetpack_sharing_enabled":true,"_links":{"self":[{"href":"https:\/\/inwest.lt\/en\/wp-json\/wp\/v2\/product\/10865","targetHints":{"allow":["GET"]}}],"collection":[{"href":"https:\/\/inwest.lt\/en\/wp-json\/wp\/v2\/product"}],"about":[{"href":"https:\/\/inwest.lt\/en\/wp-json\/wp\/v2\/types\/product"}],"replies":[{"embeddable":true,"href":"https:\/\/inwest.lt\/en\/wp-json\/wp\/v2\/comments?post=10865"}],"version-history":[{"count":7,"href":"https:\/\/inwest.lt\/en\/wp-json\/wp\/v2\/product\/10865\/revisions"}],"predecessor-version":[{"id":10883,"href":"https:\/\/inwest.lt\/en\/wp-json\/wp\/v2\/product\/10865\/revisions\/10883"}],"wp:featuredmedia":[{"embeddable":true,"href":"https:\/\/inwest.lt\/en\/wp-json\/wp\/v2\/media\/10922"}],"wp:attachment":[{"href":"https:\/\/inwest.lt\/en\/wp-json\/wp\/v2\/media?parent=10865"}],"wp:term":[{"taxonomy":"product_brand","embeddable":true,"href":"https:\/\/inwest.lt\/en\/wp-json\/wp\/v2\/product_brand?post=10865"},{"taxonomy":"product_cat","embeddable":true,"href":"https:\/\/inwest.lt\/en\/wp-json\/wp\/v2\/product_cat?post=10865"},{"taxonomy":"product_tag","embeddable":true,"href":"https:\/\/inwest.lt\/en\/wp-json\/wp\/v2\/product_tag?post=10865"}],"curies":[{"name":"wp","href":"https:\/\/api.w.org\/{rel}","templated":true}]}}