{"id":1068,"date":"2023-03-15T17:22:53","date_gmt":"2023-03-15T15:22:53","guid":{"rendered":"https:\/\/inwest.lt\/?post_type=product&#038;p=1068"},"modified":"2026-01-27T13:37:53","modified_gmt":"2026-01-27T11:37:53","slug":"inwest-mokymu-kursai","status":"publish","type":"product","link":"https:\/\/inwest.lt\/en\/product\/inwest-mokymu-kursai\/","title":{"rendered":"Visi mokym\u0173 kursai"},"content":{"rendered":"<p style=\"font-size: 1.1em; font-weight: bold; color: #000000;\">Si\u016blome i\u0161sam\u0173 investavimo kurs\u0173 paket\u0105, skirt\u0105 tiek pradedantiesiems, tiek pa\u017eengusiems investuotojams.<\/p>\n<p style=\"color: #000000;\">\u0160iame rinkinyje rasite \u0161iuos kursus:<\/p>\n<ul style=\"list-style: disc; color: #000000; margin-left: 20px;\">\n<li style=\"margin-bottom: 10px;\"><strong>Investavimo prad\u017eiamokslis<\/strong>: pagrindin\u0117 informacija apie investavim\u0105, jo naud\u0105, rizikas bei psichologinius aspektus.<\/li>\n<li style=\"margin-bottom: 10px;\"><strong>Akcijos ir Obligacijos<\/strong>: esmin\u0117 informacija apie investavim\u0105 \u012f akcijas ir obligacijas, veiksnius, lemian\u010dius j\u0173 kain\u0173 poky\u010dius, bei istorines pelningumo ir rizikos normas.<\/li>\n<li style=\"margin-bottom: 10px;\"><strong>Tradiciniai ir bir\u017eoje prekiaujami (ETF) fondai<\/strong>: informacija, reikalinga renkantis ir analizuojant investicinius fondus, j\u0173 istorinius rezultatus bei galimas alternatyvas.<\/li>\n<li style=\"margin-bottom: 10px;\"><strong>Diversifikavimas ir portfelio valdymas<\/strong>: informacija apie teising\u0105 rizikos i\u0161skaidym\u0105 investiciniame portfelyje ir praktiniai diversifikavimo taikymo b\u016bdai.<\/li>\n<li style=\"margin-bottom: 10px;\"><strong>Tarpusavio skolinimo ir sutelktinio finansavimo platformos<\/strong>: informacija apie investavim\u0105 per \u0161ias platformas, j\u0173 veikimo principus, galimybes, rizikas bei patarimai pradedantiesiems.<\/li>\n<li style=\"margin-bottom: 10px;\"><strong>Kas svarbiausia renkantis pensijos fond\u0105?<\/strong>: informacija apie kaupim\u0105 Lietuvos pensij\u0173 fond\u0173 bendrov\u0117se, investavimo svarb\u0105, taikomas lengvatas ir kitus svarbius aspektus.<\/li>\n<li style=\"margin-bottom: 10px;\"><strong>Investavimo mokes\u010diai<\/strong>: koncentruota informacija apie investicij\u0173 gr\u0105\u017eai taikomus Lietuvos mokestinius reikalavimus bei galiojan\u010dias mokestines lengvatas.<\/li>\n<\/ul>\n<p style=\"color: #000000; margin-top: 20px;\">\u012esigij\u0119 \u0161\u012f kurs\u0173 paket\u0105, tur\u0117site prieig\u0105 prie vis\u0173 auk\u0161\u010diau i\u0161vardint\u0173 mokym\u0173 6 m\u0117nesius. Tai puiki galimyb\u0117 gilinti \u017einias apie investavim\u0105 ir prad\u0117ti savo finansin\u0119 kelion\u0119 su profesional\u0173 parengta med\u017eiaga.<\/p>","protected":false},"excerpt":{"rendered":"<p><span style=\"color: #000000;\"><strong>INWEST Mokym\u0173 Kursai<\/strong> \u2013 tai galimyb\u0117 per\u017ei\u016br\u0117ti visus m\u016bs\u0173 i\u0161samius kursus, skirtus tiek pradedantiesiems, tiek pa\u017eengusiems investuotojams. <\/span><\/p>\n<p><span style=\"color: #000000;\">\u012e kurs\u0173 paket\u0105 \u012ftrauktos temos:<\/span><\/p>\n<ul style=\"list-style: disc; color: #000000;\">\n<li><span style=\"color: #000000;\">Investavimo pagrindai<\/span><\/li>\n<li><span style=\"color: #000000;\">Akcijos ir Obligacijos<\/span><\/li>\n<li><span style=\"color: #000000;\">Tradiciniai ir bir\u017eoje prekiaujami (ETF) fondai<\/span><\/li>\n<li><span style=\"color: #000000;\">Diversifikavimas ir portfelio valdymas<\/span><\/li>\n<li><span style=\"color: #000000;\">Tarpusavio skolinimo ir sutelktinio finansavimo platformos<\/span><\/li>\n<li><span style=\"color: #000000;\">Kas svarbiausia renkantis pensijos fond\u0105?<\/span><\/li>\n<li><span style=\"color: #000000;\">Investavimo mokes\u010diai<\/span><\/li>\n<\/ul>\n<p>&nbsp;<\/p>\n<p><span style=\"color: #ff0000;\">\u012esigij\u0119 \u0161\u012f paket\u0105, tur\u0117site prieig\u0105 prie vis\u0173 kurs\u0173 net 6 m\u0117nesius!<\/span><\/p>","protected":false},"featured_media":14554,"comment_status":"open","ping_status":"closed","template":"","meta":{"_price":"49","_stock":"","_tribe_ticket_header":"","_tribe_default_ticket_provider":"","_tribe_ticket_capacity":"0","_ticket_start_date":"","_ticket_end_date":"","_tribe_ticket_show_description":"","_tribe_ticket_show_not_going":false,"_tribe_ticket_use_global_stock":"","_tribe_ticket_global_stock_level":"","_global_stock_mode":"","_global_stock_cap":"","_tribe_rsvp_for_event":"","_tribe_ticket_going_count":"","_tribe_ticket_not_going_count":"","_tribe_tickets_list":"[]","_tribe_ticket_has_attendee_info_fields":false,"_EventAllDay":false,"_EventTimezone":"","_EventStartDate":"","_EventEndDate":"","_EventStartDateUTC":"","_EventEndDateUTC":"","_EventShowMap":false,"_EventShowMapLink":false,"_EventURL":"","_EventCost":"","_EventCostDescription":"","_EventCurrencySymbol":"","_EventCurrencyCode":"","_EventCurrencyPosition":"","_EventDateTimeSeparator":"","_EventTimeRangeSeparator":"","_EventOrganizerID":[],"_EventVenueID":[],"_OrganizerEmail":"","_OrganizerPhone":"","_OrganizerWebsite":"","_VenueAddress":"","_VenueCity":"","_VenueCountry":"","_VenueProvince":"","_VenueState":"","_VenueZip":"","_VenuePhone":"","_VenueURL":"","_VenueStateProvince":"","_VenueLat":"","_VenueLng":"","_VenueShowMap":false,"_VenueShowMapLink":false,"_tec_slr_enabled":"","_tec_slr_layout":""},"product_brand":[],"product_cat":[40],"product_tag":[],"class_list":{"0":"post-1068","1":"product","2":"type-product","3":"status-publish","4":"has-post-thumbnail","6":"product_cat-visi-kursai","8":"first","9":"instock","10":"sale","11":"virtual","12":"purchasable","13":"product-type-simple"},"yoast_head":"<!-- This site is optimized with the Yoast SEO plugin v27.5 - https:\/\/yoast.com\/product\/yoast-seo-wordpress\/ -->\n<title>Visi mokym\u0173 kursai - INWEST<\/title>\n<meta name=\"description\" content=\"INWEST mokym\u0173 kursai \u2013 tai galimyb\u0117 per\u017ei\u016br\u0117ti visus m\u016bs\u0173 i\u0161samius kursus, skirtus tiek pradedantiesiems, tiek pa\u017eengusiems investuotojams.\" \/>\n<meta name=\"robots\" content=\"index, follow, max-snippet:-1, max-image-preview:large, max-video-preview:-1\" \/>\n<link rel=\"canonical\" href=\"https:\/\/inwest.lt\/en\/product\/inwest-mokymu-kursai\/\" \/>\n<meta property=\"og:locale\" content=\"en_GB\" \/>\n<meta property=\"og:type\" content=\"article\" \/>\n<meta property=\"og:title\" content=\"Visi mokym\u0173 kursai - INWEST\" \/>\n<meta property=\"og:description\" content=\"INWEST mokym\u0173 kursai \u2013 tai galimyb\u0117 per\u017ei\u016br\u0117ti visus m\u016bs\u0173 i\u0161samius kursus, skirtus tiek pradedantiesiems, tiek pa\u017eengusiems investuotojams.\" \/>\n<meta property=\"og:url\" content=\"https:\/\/inwest.lt\/en\/product\/inwest-mokymu-kursai\/\" \/>\n<meta property=\"og:site_name\" content=\"INWEST\" \/>\n<meta property=\"article:publisher\" content=\"https:\/\/www.facebook.com\/weinvestlt\" \/>\n<meta property=\"article:modified_time\" content=\"2026-01-27T11:37:53+00:00\" \/>\n<meta property=\"og:image\" content=\"https:\/\/inwest.lt\/wp-content\/uploads\/2024\/05\/INWEST-web-banners-square-imagesvisi-kursai.webp\" \/>\n\t<meta property=\"og:image:width\" content=\"1080\" \/>\n\t<meta property=\"og:image:height\" content=\"1080\" \/>\n\t<meta property=\"og:image:type\" content=\"image\/webp\" \/>\n<meta name=\"twitter:card\" content=\"summary_large_image\" \/>\n<meta name=\"twitter:label1\" content=\"Estimated reading time\" \/>\n\t<meta name=\"twitter:data1\" content=\"1 minute\" \/>\n<script type=\"application\/ld+json\" class=\"yoast-schema-graph\">{\"@context\":\"https:\\\/\\\/schema.org\",\"@graph\":[{\"@type\":\"WebPage\",\"@id\":\"https:\\\/\\\/inwest.lt\\\/produktas\\\/inwest-mokymu-kursai\\\/\",\"url\":\"https:\\\/\\\/inwest.lt\\\/produktas\\\/inwest-mokymu-kursai\\\/\",\"name\":\"Visi mokym\u0173 kursai - INWEST\",\"isPartOf\":{\"@id\":\"https:\\\/\\\/inwest.lt\\\/#website\"},\"primaryImageOfPage\":{\"@id\":\"https:\\\/\\\/inwest.lt\\\/produktas\\\/inwest-mokymu-kursai\\\/#primaryimage\"},\"image\":{\"@id\":\"https:\\\/\\\/inwest.lt\\\/produktas\\\/inwest-mokymu-kursai\\\/#primaryimage\"},\"thumbnailUrl\":\"https:\\\/\\\/inwest.lt\\\/wp-content\\\/uploads\\\/2024\\\/05\\\/INWEST-web-banners-square-imagesvisi-kursai.webp\",\"datePublished\":\"2023-03-15T15:22:53+00:00\",\"dateModified\":\"2026-01-27T11:37:53+00:00\",\"description\":\"INWEST mokym\u0173 kursai \u2013 tai galimyb\u0117 per\u017ei\u016br\u0117ti visus m\u016bs\u0173 i\u0161samius kursus, skirtus tiek pradedantiesiems, tiek pa\u017eengusiems investuotojams.\",\"breadcrumb\":{\"@id\":\"https:\\\/\\\/inwest.lt\\\/produktas\\\/inwest-mokymu-kursai\\\/#breadcrumb\"},\"inLanguage\":\"en-GB\",\"potentialAction\":[{\"@type\":\"ReadAction\",\"target\":[\"https:\\\/\\\/inwest.lt\\\/produktas\\\/inwest-mokymu-kursai\\\/\"]}]},{\"@type\":\"ImageObject\",\"inLanguage\":\"en-GB\",\"@id\":\"https:\\\/\\\/inwest.lt\\\/produktas\\\/inwest-mokymu-kursai\\\/#primaryimage\",\"url\":\"https:\\\/\\\/inwest.lt\\\/wp-content\\\/uploads\\\/2024\\\/05\\\/INWEST-web-banners-square-imagesvisi-kursai.webp\",\"contentUrl\":\"https:\\\/\\\/inwest.lt\\\/wp-content\\\/uploads\\\/2024\\\/05\\\/INWEST-web-banners-square-imagesvisi-kursai.webp\",\"width\":1080,\"height\":1080},{\"@type\":\"BreadcrumbList\",\"@id\":\"https:\\\/\\\/inwest.lt\\\/produktas\\\/inwest-mokymu-kursai\\\/#breadcrumb\",\"itemListElement\":[{\"@type\":\"ListItem\",\"position\":1,\"name\":\"Home\",\"item\":\"https:\\\/\\\/inwest.lt\\\/\"},{\"@type\":\"ListItem\",\"position\":2,\"name\":\"Parduotuv\u0117\",\"item\":\"https:\\\/\\\/inwest.lt\\\/parduotuve\\\/\"},{\"@type\":\"ListItem\",\"position\":3,\"name\":\"Visi mokym\u0173 kursai\"}]},{\"@type\":\"WebSite\",\"@id\":\"https:\\\/\\\/inwest.lt\\\/#website\",\"url\":\"https:\\\/\\\/inwest.lt\\\/\",\"name\":\"INWEST\",\"description\":\"TAVO INVESTAVIMO GIDAS\",\"publisher\":{\"@id\":\"https:\\\/\\\/inwest.lt\\\/#organization\"},\"alternateName\":\"INWEST - moter\u0173 investavimas\",\"potentialAction\":[{\"@type\":\"SearchAction\",\"target\":{\"@type\":\"EntryPoint\",\"urlTemplate\":\"https:\\\/\\\/inwest.lt\\\/?s={search_term_string}\"},\"query-input\":{\"@type\":\"PropertyValueSpecification\",\"valueRequired\":true,\"valueName\":\"search_term_string\"}}],\"inLanguage\":\"en-GB\"},{\"@type\":\"Organization\",\"@id\":\"https:\\\/\\\/inwest.lt\\\/#organization\",\"name\":\"INWEST\",\"url\":\"https:\\\/\\\/inwest.lt\\\/\",\"logo\":{\"@type\":\"ImageObject\",\"inLanguage\":\"en-GB\",\"@id\":\"https:\\\/\\\/inwest.lt\\\/#\\\/schema\\\/logo\\\/image\\\/\",\"url\":\"https:\\\/\\\/inwest.lt\\\/wp-content\\\/uploads\\\/2023\\\/03\\\/Dizainas-be-pavadinimo.png\",\"contentUrl\":\"https:\\\/\\\/inwest.lt\\\/wp-content\\\/uploads\\\/2023\\\/03\\\/Dizainas-be-pavadinimo.png\",\"width\":2304,\"height\":2304,\"caption\":\"INWEST\"},\"image\":{\"@id\":\"https:\\\/\\\/inwest.lt\\\/#\\\/schema\\\/logo\\\/image\\\/\"},\"sameAs\":[\"https:\\\/\\\/www.facebook.com\\\/weinvestlt\",\"https:\\\/\\\/www.instagram.com\\\/inwest___\\\/\",\"https:\\\/\\\/www.linkedin.com\\\/company\\\/winvestnow\\\/\"]}]}<\/script>\n<!-- \/ Yoast SEO plugin. -->","yoast_head_json":{"title":"Visi mokym\u0173 kursai - INWEST","description":"INWEST mokym\u0173 kursai \u2013 tai galimyb\u0117 per\u017ei\u016br\u0117ti visus m\u016bs\u0173 i\u0161samius kursus, skirtus tiek pradedantiesiems, tiek pa\u017eengusiems investuotojams.","robots":{"index":"index","follow":"follow","max-snippet":"max-snippet:-1","max-image-preview":"max-image-preview:large","max-video-preview":"max-video-preview:-1"},"canonical":"https:\/\/inwest.lt\/en\/product\/inwest-mokymu-kursai\/","og_locale":"en_GB","og_type":"article","og_title":"Visi mokym\u0173 kursai - INWEST","og_description":"INWEST mokym\u0173 kursai \u2013 tai galimyb\u0117 per\u017ei\u016br\u0117ti visus m\u016bs\u0173 i\u0161samius kursus, skirtus tiek pradedantiesiems, tiek pa\u017eengusiems investuotojams.","og_url":"https:\/\/inwest.lt\/en\/product\/inwest-mokymu-kursai\/","og_site_name":"INWEST","article_publisher":"https:\/\/www.facebook.com\/weinvestlt","article_modified_time":"2026-01-27T11:37:53+00:00","og_image":[{"width":1080,"height":1080,"url":"https:\/\/inwest.lt\/wp-content\/uploads\/2024\/05\/INWEST-web-banners-square-imagesvisi-kursai.webp","type":"image\/webp"}],"twitter_card":"summary_large_image","twitter_misc":{"Estimated reading time":"1 minute"},"schema":{"@context":"https:\/\/schema.org","@graph":[{"@type":"WebPage","@id":"https:\/\/inwest.lt\/produktas\/inwest-mokymu-kursai\/","url":"https:\/\/inwest.lt\/produktas\/inwest-mokymu-kursai\/","name":"Visi mokym\u0173 kursai - INWEST","isPartOf":{"@id":"https:\/\/inwest.lt\/#website"},"primaryImageOfPage":{"@id":"https:\/\/inwest.lt\/produktas\/inwest-mokymu-kursai\/#primaryimage"},"image":{"@id":"https:\/\/inwest.lt\/produktas\/inwest-mokymu-kursai\/#primaryimage"},"thumbnailUrl":"https:\/\/inwest.lt\/wp-content\/uploads\/2024\/05\/INWEST-web-banners-square-imagesvisi-kursai.webp","datePublished":"2023-03-15T15:22:53+00:00","dateModified":"2026-01-27T11:37:53+00:00","description":"INWEST mokym\u0173 kursai \u2013 tai galimyb\u0117 per\u017ei\u016br\u0117ti visus m\u016bs\u0173 i\u0161samius kursus, skirtus tiek pradedantiesiems, tiek pa\u017eengusiems investuotojams.","breadcrumb":{"@id":"https:\/\/inwest.lt\/produktas\/inwest-mokymu-kursai\/#breadcrumb"},"inLanguage":"en-GB","potentialAction":[{"@type":"ReadAction","target":["https:\/\/inwest.lt\/produktas\/inwest-mokymu-kursai\/"]}]},{"@type":"ImageObject","inLanguage":"en-GB","@id":"https:\/\/inwest.lt\/produktas\/inwest-mokymu-kursai\/#primaryimage","url":"https:\/\/inwest.lt\/wp-content\/uploads\/2024\/05\/INWEST-web-banners-square-imagesvisi-kursai.webp","contentUrl":"https:\/\/inwest.lt\/wp-content\/uploads\/2024\/05\/INWEST-web-banners-square-imagesvisi-kursai.webp","width":1080,"height":1080},{"@type":"BreadcrumbList","@id":"https:\/\/inwest.lt\/produktas\/inwest-mokymu-kursai\/#breadcrumb","itemListElement":[{"@type":"ListItem","position":1,"name":"Home","item":"https:\/\/inwest.lt\/"},{"@type":"ListItem","position":2,"name":"Parduotuv\u0117","item":"https:\/\/inwest.lt\/parduotuve\/"},{"@type":"ListItem","position":3,"name":"Visi mokym\u0173 kursai"}]},{"@type":"WebSite","@id":"https:\/\/inwest.lt\/#website","url":"https:\/\/inwest.lt\/","name":"INWEST","description":"TAVO INVESTAVIMO GIDAS","publisher":{"@id":"https:\/\/inwest.lt\/#organization"},"alternateName":"INWEST - moter\u0173 investavimas","potentialAction":[{"@type":"SearchAction","target":{"@type":"EntryPoint","urlTemplate":"https:\/\/inwest.lt\/?s={search_term_string}"},"query-input":{"@type":"PropertyValueSpecification","valueRequired":true,"valueName":"search_term_string"}}],"inLanguage":"en-GB"},{"@type":"Organization","@id":"https:\/\/inwest.lt\/#organization","name":"INWEST","url":"https:\/\/inwest.lt\/","logo":{"@type":"ImageObject","inLanguage":"en-GB","@id":"https:\/\/inwest.lt\/#\/schema\/logo\/image\/","url":"https:\/\/inwest.lt\/wp-content\/uploads\/2023\/03\/Dizainas-be-pavadinimo.png","contentUrl":"https:\/\/inwest.lt\/wp-content\/uploads\/2023\/03\/Dizainas-be-pavadinimo.png","width":2304,"height":2304,"caption":"INWEST"},"image":{"@id":"https:\/\/inwest.lt\/#\/schema\/logo\/image\/"},"sameAs":["https:\/\/www.facebook.com\/weinvestlt","https:\/\/www.instagram.com\/inwest___\/","https:\/\/www.linkedin.com\/company\/winvestnow\/"]}]}},"_links":{"self":[{"href":"https:\/\/inwest.lt\/en\/wp-json\/wp\/v2\/product\/1068","targetHints":{"allow":["GET"]}}],"collection":[{"href":"https:\/\/inwest.lt\/en\/wp-json\/wp\/v2\/product"}],"about":[{"href":"https:\/\/inwest.lt\/en\/wp-json\/wp\/v2\/types\/product"}],"replies":[{"embeddable":true,"href":"https:\/\/inwest.lt\/en\/wp-json\/wp\/v2\/comments?post=1068"}],"version-history":[{"count":15,"href":"https:\/\/inwest.lt\/en\/wp-json\/wp\/v2\/product\/1068\/revisions"}],"predecessor-version":[{"id":9387,"href":"https:\/\/inwest.lt\/en\/wp-json\/wp\/v2\/product\/1068\/revisions\/9387"}],"wp:featuredmedia":[{"embeddable":true,"href":"https:\/\/inwest.lt\/en\/wp-json\/wp\/v2\/media\/14554"}],"wp:attachment":[{"href":"https:\/\/inwest.lt\/en\/wp-json\/wp\/v2\/media?parent=1068"}],"wp:term":[{"taxonomy":"product_brand","embeddable":true,"href":"https:\/\/inwest.lt\/en\/wp-json\/wp\/v2\/product_brand?post=1068"},{"taxonomy":"product_cat","embeddable":true,"href":"https:\/\/inwest.lt\/en\/wp-json\/wp\/v2\/product_cat?post=1068"},{"taxonomy":"product_tag","embeddable":true,"href":"https:\/\/inwest.lt\/en\/wp-json\/wp\/v2\/product_tag?post=1068"}],"curies":[{"name":"wp","href":"https:\/\/api.w.org\/{rel}","templated":true}]}}