{"id":10650,"date":"2025-04-28T00:11:49","date_gmt":"2025-04-27T22:11:49","guid":{"rendered":"https:\/\/inwest.lt\/?post_type=product&#038;p=10650"},"modified":"2026-02-10T00:23:51","modified_gmt":"2026-02-09T22:23:51","slug":"inwest-klubas-pratesimas","status":"publish","type":"product","link":"https:\/\/inwest.lt\/en\/product\/inwest-klubas-pratesimas\/","title":{"rendered":"INWEST klubas (prat\u0119simas)"},"content":{"rendered":"Kas yra vieninteli nemokami piet\u016bs akcij\u0173 rinkoje?\u00a0 Ekonomistas Harry Markowitz yra pasak\u0119s, kad investicij\u0173 diversifikavimas gali b\u016bti vadinamas \u201evieninteliais nemokamais pietumis finans\u0173 rinkose\u201c. Investavimas \u012f \u012fvairias finansines priemones, pramones \u0161akas ir geografines vietoves leid\u017eia gerokai suma\u017eint rizik\u0105 aukojant tik nedidel\u0119 dal\u012f pelno. Svarbiausia, kad portfelyje esan\u010dios finansin\u0117s priemon\u0117s b\u016bt\u0173 skirtingai veikiamos \u012fvairi\u0173 galim\u0173 veiksni\u0173. Pavyzd\u017eiui, [&hellip;] \t\t<div class=\"woocommerce\">\n\t\t\t<div class=\"woocommerce-info wc-memberships-restriction-message wc-memberships-message wc-memberships-content-restricted-message\">\n\t\t\t\tJ\u016bs neturite leidimo per\u017ei\u016br\u0117ti \u0161io turinio. Norint per\u017ei\u016br\u0117ti, reikia \u012fsigyti\r\n\r\n<a href=\"https:\/\/inwest.lt\/produktas\/tobulek-investuodamas\/\" target=\"_blank\" rel=\"noopener\"> <strong> Investavimo klubo <\/strong><\/a> program\u0105.\t\t    <\/div>\n\t\t<\/div>\n\t\t","protected":false},"excerpt":{"rendered":"<p>Kas yra vieninteli nemokami piet\u016bs akcij\u0173 rinkoje?\u00a0 Ekonomistas Harry Markowitz yra pasak\u0119s, kad investicij\u0173 diversifikavimas gali b\u016bti vadinamas \u201evieninteliais nemokamais pietumis finans\u0173 rinkose\u201c. Investavimas \u012f \u012fvairias finansines priemones, pramones \u0161akas [&hellip;]<\/p>\n","protected":false},"featured_media":14241,"comment_status":"open","ping_status":"closed","template":"","meta":{"_price":"8","_stock":"","_tribe_ticket_header":"","_tribe_default_ticket_provider":"","_tribe_ticket_capacity":"0","_ticket_start_date":"","_ticket_end_date":"","_tribe_ticket_show_description":"","_tribe_ticket_show_not_going":false,"_tribe_ticket_use_global_stock":"","_tribe_ticket_global_stock_level":"","_global_stock_mode":"","_global_stock_cap":"","_tribe_rsvp_for_event":"","_tribe_ticket_going_count":"","_tribe_ticket_not_going_count":"","_tribe_tickets_list":"[]","_tribe_ticket_has_attendee_info_fields":false,"_EventAllDay":false,"_EventTimezone":"","_EventStartDate":"","_EventEndDate":"","_EventStartDateUTC":"","_EventEndDateUTC":"","_EventShowMap":false,"_EventShowMapLink":false,"_EventURL":"","_EventCost":"","_EventCostDescription":"","_EventCurrencySymbol":"","_EventCurrencyCode":"","_EventCurrencyPosition":"","_EventDateTimeSeparator":"","_EventTimeRangeSeparator":"","_EventOrganizerID":[],"_EventVenueID":[],"_OrganizerEmail":"","_OrganizerPhone":"","_OrganizerWebsite":"","_VenueAddress":"","_VenueCity":"","_VenueCountry":"","_VenueProvince":"","_VenueState":"","_VenueZip":"","_VenuePhone":"","_VenueURL":"","_VenueStateProvince":"","_VenueLat":"","_VenueLng":"","_VenueShowMap":false,"_VenueShowMapLink":false,"_tec_slr_enabled":"","_tec_slr_layout":""},"product_brand":[],"product_cat":[60],"product_tag":[],"class_list":{"0":"post-10650","1":"product","2":"type-product","3":"status-publish","4":"has-post-thumbnail","6":"product_cat-klubas","8":"first","9":"instock","10":"virtual","11":"purchasable","12":"product-type-simple"},"yoast_head":"<!-- This site is optimized with the Yoast SEO plugin v27.5 - https:\/\/yoast.com\/product\/yoast-seo-wordpress\/ -->\n<title>INWEST klubas - INWEST<\/title>\n<meta name=\"description\" content=\"Prenumeruokite \u201eINWEST klub\u0105\u201c ir gaukite m\u0117nesines investavimo galimybi\u0173 ap\u017evalgas, ekspert\u0173 analiz\u0119 bei praktines \u012f\u017evalgas, pad\u0117sian\u010dias priimti informuotus sprendimus.\u200bINWEST\" \/>\n<meta name=\"robots\" content=\"index, follow, max-snippet:-1, max-image-preview:large, max-video-preview:-1\" \/>\n<link rel=\"canonical\" href=\"https:\/\/inwest.lt\/en\/product\/inwest-klubas-pratesimas\/\" \/>\n<meta property=\"og:locale\" content=\"en_GB\" \/>\n<meta property=\"og:type\" content=\"article\" \/>\n<meta property=\"og:title\" content=\"INWEST klubas - INWEST\" \/>\n<meta property=\"og:description\" content=\"Prenumeruokite \u201eINWEST klub\u0105\u201c ir gaukite m\u0117nesines investavimo galimybi\u0173 ap\u017evalgas, ekspert\u0173 analiz\u0119 bei praktines \u012f\u017evalgas, pad\u0117sian\u010dias priimti informuotus sprendimus.\u200bINWEST\" \/>\n<meta property=\"og:url\" content=\"https:\/\/inwest.lt\/en\/product\/inwest-klubas-pratesimas\/\" \/>\n<meta property=\"og:site_name\" content=\"INWEST\" \/>\n<meta property=\"article:publisher\" content=\"https:\/\/www.facebook.com\/weinvestlt\" \/>\n<meta property=\"article:modified_time\" content=\"2026-02-09T22:23:51+00:00\" \/>\n<meta property=\"og:image\" content=\"https:\/\/inwest.lt\/wp-content\/uploads\/2025\/04\/INWEST-web-banner-inwest-klubassquare.webp\" \/>\n\t<meta property=\"og:image:width\" content=\"1080\" \/>\n\t<meta property=\"og:image:height\" content=\"1080\" \/>\n\t<meta property=\"og:image:type\" content=\"image\/webp\" \/>\n<meta name=\"twitter:card\" content=\"summary_large_image\" \/>\n<script type=\"application\/ld+json\" class=\"yoast-schema-graph\">{\"@context\":\"https:\\\/\\\/schema.org\",\"@graph\":[{\"@type\":\"WebPage\",\"@id\":\"https:\\\/\\\/inwest.lt\\\/produktas\\\/inwest-klubas-pratesimas\\\/\",\"url\":\"https:\\\/\\\/inwest.lt\\\/produktas\\\/inwest-klubas-pratesimas\\\/\",\"name\":\"INWEST klubas - INWEST\",\"isPartOf\":{\"@id\":\"https:\\\/\\\/inwest.lt\\\/#website\"},\"primaryImageOfPage\":{\"@id\":\"https:\\\/\\\/inwest.lt\\\/produktas\\\/inwest-klubas-pratesimas\\\/#primaryimage\"},\"image\":{\"@id\":\"https:\\\/\\\/inwest.lt\\\/produktas\\\/inwest-klubas-pratesimas\\\/#primaryimage\"},\"thumbnailUrl\":\"https:\\\/\\\/inwest.lt\\\/wp-content\\\/uploads\\\/2025\\\/04\\\/INWEST-web-banner-inwest-klubassquare.webp\",\"datePublished\":\"2025-04-27T22:11:49+00:00\",\"dateModified\":\"2026-02-09T22:23:51+00:00\",\"description\":\"Prenumeruokite \u201eINWEST klub\u0105\u201c ir gaukite m\u0117nesines investavimo galimybi\u0173 ap\u017evalgas, ekspert\u0173 analiz\u0119 bei praktines \u012f\u017evalgas, pad\u0117sian\u010dias priimti informuotus sprendimus.\u200bINWEST\",\"breadcrumb\":{\"@id\":\"https:\\\/\\\/inwest.lt\\\/produktas\\\/inwest-klubas-pratesimas\\\/#breadcrumb\"},\"inLanguage\":\"en-GB\",\"potentialAction\":[{\"@type\":\"ReadAction\",\"target\":[\"https:\\\/\\\/inwest.lt\\\/produktas\\\/inwest-klubas-pratesimas\\\/\"]}]},{\"@type\":\"ImageObject\",\"inLanguage\":\"en-GB\",\"@id\":\"https:\\\/\\\/inwest.lt\\\/produktas\\\/inwest-klubas-pratesimas\\\/#primaryimage\",\"url\":\"https:\\\/\\\/inwest.lt\\\/wp-content\\\/uploads\\\/2025\\\/04\\\/INWEST-web-banner-inwest-klubassquare.webp\",\"contentUrl\":\"https:\\\/\\\/inwest.lt\\\/wp-content\\\/uploads\\\/2025\\\/04\\\/INWEST-web-banner-inwest-klubassquare.webp\",\"width\":1080,\"height\":1080},{\"@type\":\"BreadcrumbList\",\"@id\":\"https:\\\/\\\/inwest.lt\\\/produktas\\\/inwest-klubas-pratesimas\\\/#breadcrumb\",\"itemListElement\":[{\"@type\":\"ListItem\",\"position\":1,\"name\":\"Home\",\"item\":\"https:\\\/\\\/inwest.lt\\\/\"},{\"@type\":\"ListItem\",\"position\":2,\"name\":\"Parduotuv\u0117\",\"item\":\"https:\\\/\\\/inwest.lt\\\/parduotuve\\\/\"},{\"@type\":\"ListItem\",\"position\":3,\"name\":\"INWEST klubas (prat\u0119simas)\"}]},{\"@type\":\"WebSite\",\"@id\":\"https:\\\/\\\/inwest.lt\\\/#website\",\"url\":\"https:\\\/\\\/inwest.lt\\\/\",\"name\":\"INWEST\",\"description\":\"TAVO INVESTAVIMO GIDAS\",\"publisher\":{\"@id\":\"https:\\\/\\\/inwest.lt\\\/#organization\"},\"alternateName\":\"INWEST - moter\u0173 investavimas\",\"potentialAction\":[{\"@type\":\"SearchAction\",\"target\":{\"@type\":\"EntryPoint\",\"urlTemplate\":\"https:\\\/\\\/inwest.lt\\\/?s={search_term_string}\"},\"query-input\":{\"@type\":\"PropertyValueSpecification\",\"valueRequired\":true,\"valueName\":\"search_term_string\"}}],\"inLanguage\":\"en-GB\"},{\"@type\":\"Organization\",\"@id\":\"https:\\\/\\\/inwest.lt\\\/#organization\",\"name\":\"INWEST\",\"url\":\"https:\\\/\\\/inwest.lt\\\/\",\"logo\":{\"@type\":\"ImageObject\",\"inLanguage\":\"en-GB\",\"@id\":\"https:\\\/\\\/inwest.lt\\\/#\\\/schema\\\/logo\\\/image\\\/\",\"url\":\"https:\\\/\\\/inwest.lt\\\/wp-content\\\/uploads\\\/2023\\\/03\\\/Dizainas-be-pavadinimo.png\",\"contentUrl\":\"https:\\\/\\\/inwest.lt\\\/wp-content\\\/uploads\\\/2023\\\/03\\\/Dizainas-be-pavadinimo.png\",\"width\":2304,\"height\":2304,\"caption\":\"INWEST\"},\"image\":{\"@id\":\"https:\\\/\\\/inwest.lt\\\/#\\\/schema\\\/logo\\\/image\\\/\"},\"sameAs\":[\"https:\\\/\\\/www.facebook.com\\\/weinvestlt\",\"https:\\\/\\\/www.instagram.com\\\/inwest___\\\/\",\"https:\\\/\\\/www.linkedin.com\\\/company\\\/winvestnow\\\/\"]}]}<\/script>\n<!-- \/ Yoast SEO plugin. -->","yoast_head_json":{"title":"INWEST klubas - INWEST","description":"Prenumeruokite \u201eINWEST klub\u0105\u201c ir gaukite m\u0117nesines investavimo galimybi\u0173 ap\u017evalgas, ekspert\u0173 analiz\u0119 bei praktines \u012f\u017evalgas, pad\u0117sian\u010dias priimti informuotus sprendimus.\u200bINWEST","robots":{"index":"index","follow":"follow","max-snippet":"max-snippet:-1","max-image-preview":"max-image-preview:large","max-video-preview":"max-video-preview:-1"},"canonical":"https:\/\/inwest.lt\/en\/product\/inwest-klubas-pratesimas\/","og_locale":"en_GB","og_type":"article","og_title":"INWEST klubas - INWEST","og_description":"Prenumeruokite \u201eINWEST klub\u0105\u201c ir gaukite m\u0117nesines investavimo galimybi\u0173 ap\u017evalgas, ekspert\u0173 analiz\u0119 bei praktines \u012f\u017evalgas, pad\u0117sian\u010dias priimti informuotus sprendimus.\u200bINWEST","og_url":"https:\/\/inwest.lt\/en\/product\/inwest-klubas-pratesimas\/","og_site_name":"INWEST","article_publisher":"https:\/\/www.facebook.com\/weinvestlt","article_modified_time":"2026-02-09T22:23:51+00:00","og_image":[{"width":1080,"height":1080,"url":"https:\/\/inwest.lt\/wp-content\/uploads\/2025\/04\/INWEST-web-banner-inwest-klubassquare.webp","type":"image\/webp"}],"twitter_card":"summary_large_image","schema":{"@context":"https:\/\/schema.org","@graph":[{"@type":"WebPage","@id":"https:\/\/inwest.lt\/produktas\/inwest-klubas-pratesimas\/","url":"https:\/\/inwest.lt\/produktas\/inwest-klubas-pratesimas\/","name":"INWEST klubas - INWEST","isPartOf":{"@id":"https:\/\/inwest.lt\/#website"},"primaryImageOfPage":{"@id":"https:\/\/inwest.lt\/produktas\/inwest-klubas-pratesimas\/#primaryimage"},"image":{"@id":"https:\/\/inwest.lt\/produktas\/inwest-klubas-pratesimas\/#primaryimage"},"thumbnailUrl":"https:\/\/inwest.lt\/wp-content\/uploads\/2025\/04\/INWEST-web-banner-inwest-klubassquare.webp","datePublished":"2025-04-27T22:11:49+00:00","dateModified":"2026-02-09T22:23:51+00:00","description":"Prenumeruokite \u201eINWEST klub\u0105\u201c ir gaukite m\u0117nesines investavimo galimybi\u0173 ap\u017evalgas, ekspert\u0173 analiz\u0119 bei praktines \u012f\u017evalgas, pad\u0117sian\u010dias priimti informuotus sprendimus.\u200bINWEST","breadcrumb":{"@id":"https:\/\/inwest.lt\/produktas\/inwest-klubas-pratesimas\/#breadcrumb"},"inLanguage":"en-GB","potentialAction":[{"@type":"ReadAction","target":["https:\/\/inwest.lt\/produktas\/inwest-klubas-pratesimas\/"]}]},{"@type":"ImageObject","inLanguage":"en-GB","@id":"https:\/\/inwest.lt\/produktas\/inwest-klubas-pratesimas\/#primaryimage","url":"https:\/\/inwest.lt\/wp-content\/uploads\/2025\/04\/INWEST-web-banner-inwest-klubassquare.webp","contentUrl":"https:\/\/inwest.lt\/wp-content\/uploads\/2025\/04\/INWEST-web-banner-inwest-klubassquare.webp","width":1080,"height":1080},{"@type":"BreadcrumbList","@id":"https:\/\/inwest.lt\/produktas\/inwest-klubas-pratesimas\/#breadcrumb","itemListElement":[{"@type":"ListItem","position":1,"name":"Home","item":"https:\/\/inwest.lt\/"},{"@type":"ListItem","position":2,"name":"Parduotuv\u0117","item":"https:\/\/inwest.lt\/parduotuve\/"},{"@type":"ListItem","position":3,"name":"INWEST klubas (prat\u0119simas)"}]},{"@type":"WebSite","@id":"https:\/\/inwest.lt\/#website","url":"https:\/\/inwest.lt\/","name":"INWEST","description":"TAVO INVESTAVIMO GIDAS","publisher":{"@id":"https:\/\/inwest.lt\/#organization"},"alternateName":"INWEST - moter\u0173 investavimas","potentialAction":[{"@type":"SearchAction","target":{"@type":"EntryPoint","urlTemplate":"https:\/\/inwest.lt\/?s={search_term_string}"},"query-input":{"@type":"PropertyValueSpecification","valueRequired":true,"valueName":"search_term_string"}}],"inLanguage":"en-GB"},{"@type":"Organization","@id":"https:\/\/inwest.lt\/#organization","name":"INWEST","url":"https:\/\/inwest.lt\/","logo":{"@type":"ImageObject","inLanguage":"en-GB","@id":"https:\/\/inwest.lt\/#\/schema\/logo\/image\/","url":"https:\/\/inwest.lt\/wp-content\/uploads\/2023\/03\/Dizainas-be-pavadinimo.png","contentUrl":"https:\/\/inwest.lt\/wp-content\/uploads\/2023\/03\/Dizainas-be-pavadinimo.png","width":2304,"height":2304,"caption":"INWEST"},"image":{"@id":"https:\/\/inwest.lt\/#\/schema\/logo\/image\/"},"sameAs":["https:\/\/www.facebook.com\/weinvestlt","https:\/\/www.instagram.com\/inwest___\/","https:\/\/www.linkedin.com\/company\/winvestnow\/"]}]}},"_links":{"self":[{"href":"https:\/\/inwest.lt\/en\/wp-json\/wp\/v2\/product\/10650","targetHints":{"allow":["GET"]}}],"collection":[{"href":"https:\/\/inwest.lt\/en\/wp-json\/wp\/v2\/product"}],"about":[{"href":"https:\/\/inwest.lt\/en\/wp-json\/wp\/v2\/types\/product"}],"replies":[{"embeddable":true,"href":"https:\/\/inwest.lt\/en\/wp-json\/wp\/v2\/comments?post=10650"}],"version-history":[{"count":10,"href":"https:\/\/inwest.lt\/en\/wp-json\/wp\/v2\/product\/10650\/revisions"}],"predecessor-version":[{"id":15091,"href":"https:\/\/inwest.lt\/en\/wp-json\/wp\/v2\/product\/10650\/revisions\/15091"}],"wp:featuredmedia":[{"embeddable":true,"href":"https:\/\/inwest.lt\/en\/wp-json\/wp\/v2\/media\/14241"}],"wp:attachment":[{"href":"https:\/\/inwest.lt\/en\/wp-json\/wp\/v2\/media?parent=10650"}],"wp:term":[{"taxonomy":"product_brand","embeddable":true,"href":"https:\/\/inwest.lt\/en\/wp-json\/wp\/v2\/product_brand?post=10650"},{"taxonomy":"product_cat","embeddable":true,"href":"https:\/\/inwest.lt\/en\/wp-json\/wp\/v2\/product_cat?post=10650"},{"taxonomy":"product_tag","embeddable":true,"href":"https:\/\/inwest.lt\/en\/wp-json\/wp\/v2\/product_tag?post=10650"}],"curies":[{"name":"wp","href":"https:\/\/api.w.org\/{rel}","templated":true}]}}