{"id":7548,"date":"2024-06-08T10:57:34","date_gmt":"2024-06-08T08:57:34","guid":{"rendered":"https:\/\/inwest.lt\/?page_id=7548"},"modified":"2026-01-17T01:07:53","modified_gmt":"2026-01-16T23:07:53","slug":"inwest-programa","status":"publish","type":"page","link":"https:\/\/inwest.lt\/en\/inwest-programa\/","title":{"rendered":"INWEST programa"},"content":{"rendered":"<div data-elementor-type=\"wp-page\" data-elementor-id=\"7548\" class=\"elementor elementor-7548\" data-elementor-post-type=\"page\">\n\t\t\t\t<div class=\"elementor-element elementor-element-75055e1 e-flex e-con-boxed e-con e-parent\" data-id=\"75055e1\" data-element_type=\"container\" data-e-type=\"container\">\n\t\t\t\t\t<div class=\"e-con-inner\">\n\t\t\t\t<div class=\"elementor-element elementor-element-2cef0c7 elementor-widget elementor-widget-heading\" data-id=\"2cef0c7\" data-element_type=\"widget\" data-e-type=\"widget\" data-widget_type=\"heading.default\">\n\t\t\t\t<div class=\"elementor-widget-container\">\n\t\t\t\t\t<h2 class=\"elementor-heading-title elementor-size-default\">INWEST programa<\/h2>\t\t\t\t<\/div>\n\t\t\t\t<\/div>\n\t\t\t\t\t<\/div>\n\t\t\t\t<\/div>\n\t\t<div class=\"elementor-element elementor-element-ca43b30 e-flex e-con-boxed e-con e-parent\" data-id=\"ca43b30\" data-element_type=\"container\" data-e-type=\"container\">\n\t\t\t\t\t<div class=\"e-con-inner\">\n\t\t\t\t<div class=\"elementor-element elementor-element-a1bd1bc elementor-widget elementor-widget-shortcode\" data-id=\"a1bd1bc\" data-element_type=\"widget\" data-e-type=\"widget\" data-widget_type=\"shortcode.default\">\n\t\t\t\t<div class=\"elementor-widget-container\">\n\t\t\t\t\t\t\t<div class=\"elementor-shortcode\">\t\t<div data-elementor-type=\"page\" data-elementor-id=\"4140\" class=\"elementor elementor-4140\" data-elementor-post-type=\"elementor_library\">\n\t\t\t\t<div class=\"elementor-element elementor-element-43fdf092 e-con-full e-flex e-con e-parent\" data-id=\"43fdf092\" data-element_type=\"container\" data-e-type=\"container\">\n\t\t\t\t<div class=\"elementor-element elementor-element-814ea87 elementor-widget elementor-widget-spacer\" data-id=\"814ea87\" data-element_type=\"widget\" data-e-type=\"widget\" data-widget_type=\"spacer.default\">\n\t\t\t\t<div class=\"elementor-widget-container\">\n\t\t\t\t\t\t\t<div class=\"elementor-spacer\">\n\t\t\t<div class=\"elementor-spacer-inner\"><\/div>\n\t\t<\/div>\n\t\t\t\t\t\t<\/div>\n\t\t\t\t<\/div>\n\t\t\t\t<div class=\"elementor-element elementor-element-6d79ec83 elementor-widget elementor-widget-text-editor\" data-id=\"6d79ec83\" data-element_type=\"widget\" data-e-type=\"widget\" data-widget_type=\"text-editor.default\">\n\t\t\t\t<div class=\"elementor-widget-container\">\n\t\t\t\t\t\t\t\t\t<p>Labai d\u017eiaugiam\u0117s, kad \u017eengei svarb\u0173 \u017eingsn\u012f savo investavimo kelion\u0117je ir prisijungei prie INWEST bendruomen\u0117s! Stengsim\u0117s tapti Tavo pagalbininku, pad\u0117sian\u010diu susiorientuoti investavimo pasaulyje ir gauti \u012fkv\u0117pim\u0105 r\u016bpintis savo finansine gerove.\u00a0<\/p>\t\t\t\t\t\t\t\t<\/div>\n\t\t\t\t<\/div>\n\t\t\t\t<\/div>\n\t\t<!-- dce invisible element c538b39 --><!-- dce invisible element 2227e11 --><!-- dce invisible element c318387 --><!-- dce invisible element 3c1cffa --><div class=\"elementor-element elementor-element-fe3037b e-con-full e-flex e-con e-parent\" data-id=\"fe3037b\" data-element_type=\"container\" data-e-type=\"container\" data-settings=\"{&quot;enabled_visibility&quot;:&quot;yes&quot;,&quot;dce_visibility_selected&quot;:&quot;hide&quot;}\">\n\t\t\t\t<div class=\"elementor-element elementor-element-076b780 elementor-widget elementor-widget-heading\" data-id=\"076b780\" data-element_type=\"widget\" data-e-type=\"widget\" data-widget_type=\"heading.default\">\n\t\t\t\t<div class=\"elementor-widget-container\">\n\t\t\t\t\t<h2 class=\"elementor-heading-title elementor-size-default\">Taip pat galite u\u017esisakyti<\/h2>\t\t\t\t<\/div>\n\t\t\t\t<\/div>\n\t\t<div class=\"elementor-element elementor-element-7dee8b8 e-con-full e-flex e-con e-child\" data-id=\"7dee8b8\" data-element_type=\"container\" data-e-type=\"container\" data-settings=\"{&quot;background_background&quot;:&quot;classic&quot;}\">\n\t\t<div class=\"elementor-element elementor-element-4c37619 e-con-full e-flex e-con e-child\" data-id=\"4c37619\" data-element_type=\"container\" data-e-type=\"container\">\n\t\t\t\t<div class=\"elementor-element elementor-element-2bbc503 elementor-widget elementor-widget-image\" data-id=\"2bbc503\" data-element_type=\"widget\" data-e-type=\"widget\" data-widget_type=\"image.default\">\n\t\t\t\t<div class=\"elementor-widget-container\">\n\t\t\t\t\t\t\t\t\t\t\t\t\t\t\t<img fetchpriority=\"high\" decoding=\"async\" width=\"1080\" height=\"1080\" src=\"https:\/\/inwest.lt\/wp-content\/uploads\/2025\/04\/INWEST-web-banner-inwest-klubassquare.webp\" class=\"attachment-full size-full wp-image-14241\" alt=\"\" srcset=\"https:\/\/inwest.lt\/wp-content\/uploads\/2025\/04\/INWEST-web-banner-inwest-klubassquare.webp 1080w, https:\/\/inwest.lt\/wp-content\/uploads\/2025\/04\/INWEST-web-banner-inwest-klubassquare-300x300.webp 300w, https:\/\/inwest.lt\/wp-content\/uploads\/2025\/04\/INWEST-web-banner-inwest-klubassquare-1024x1024.webp 1024w, https:\/\/inwest.lt\/wp-content\/uploads\/2025\/04\/INWEST-web-banner-inwest-klubassquare-150x150.webp 150w, https:\/\/inwest.lt\/wp-content\/uploads\/2025\/04\/INWEST-web-banner-inwest-klubassquare-768x768.webp 768w, https:\/\/inwest.lt\/wp-content\/uploads\/2025\/04\/INWEST-web-banner-inwest-klubassquare-12x12.webp 12w, https:\/\/inwest.lt\/wp-content\/uploads\/2025\/04\/INWEST-web-banner-inwest-klubassquare-600x600.webp 600w, https:\/\/inwest.lt\/wp-content\/uploads\/2025\/04\/INWEST-web-banner-inwest-klubassquare-100x100.webp 100w\" sizes=\"(max-width: 1080px) 100vw, 1080px\" \/>\t\t\t\t\t\t\t\t\t\t\t\t\t\t\t<\/div>\n\t\t\t\t<\/div>\n\t\t\t\t<\/div>\n\t\t<div class=\"elementor-element elementor-element-99ff2ff e-con-full e-flex e-con e-child\" data-id=\"99ff2ff\" data-element_type=\"container\" data-e-type=\"container\">\n\t\t\t\t<div class=\"elementor-element elementor-element-6c621b7 elementor-widget elementor-widget-heading\" data-id=\"6c621b7\" data-element_type=\"widget\" data-e-type=\"widget\" data-widget_type=\"heading.default\">\n\t\t\t\t<div class=\"elementor-widget-container\">\n\t\t\t\t\t<h2 class=\"elementor-heading-title elementor-size-default\">Inwest klubas<\/h2>\t\t\t\t<\/div>\n\t\t\t\t<\/div>\n\t\t\t\t<div class=\"elementor-element elementor-element-b039ef3 elementor-widget elementor-widget-text-editor\" data-id=\"b039ef3\" data-element_type=\"widget\" data-e-type=\"widget\" data-widget_type=\"text-editor.default\">\n\t\t\t\t<div class=\"elementor-widget-container\">\n\t\t\t\t\t\t\t\t\t<p>Mokomasis video kursas &#8222;Investicinis portfelis&#8221;, \u017emoni\u0173 investavimo istorijos, nauj\u0173 investicini\u0173 projekt\u0173 pristatymai, ekspert\u0173 \u012f\u017evalgos investavimo temomis, &#8222;INWEST&#8221; komandos m\u0117nesio investicijos apra\u0161ymas.\u00a0<\/p>\t\t\t\t\t\t\t\t<\/div>\n\t\t\t\t<\/div>\n\t\t\t\t<div class=\"elementor-element elementor-element-ad0f599 elementor-widget elementor-widget-text-editor\" data-id=\"ad0f599\" data-element_type=\"widget\" data-e-type=\"widget\" data-widget_type=\"text-editor.default\">\n\t\t\t\t<div class=\"elementor-widget-container\">\n\t\t\t\t\t\t\t\t\t<span class=\"woocommerce-Price-amount amount\"><bdi>8,00&nbsp;<span class=\"woocommerce-Price-currencySymbol\">&euro;<\/span><\/bdi><\/span><span class=\"wps_sfw_interval\"> \/  Month <\/span>\t\t\t\t\t\t\t\t<\/div>\n\t\t\t\t<\/div>\n\t\t\t\t<div class=\"elementor-element elementor-element-60053df elementor-widget elementor-widget-text-editor\" data-id=\"60053df\" data-element_type=\"widget\" data-e-type=\"widget\" data-widget_type=\"text-editor.default\">\n\t\t\t\t<div class=\"elementor-widget-container\">\n\t\t\t\t\t\t\t\t\t<p>Pirmas m\u0117nuo nemokamai.<\/p>\t\t\t\t\t\t\t\t<\/div>\n\t\t\t\t<\/div>\n\t\t\t\t<div class=\"elementor-element elementor-element-9b1e796 elementor-align-left elementor-widget elementor-widget-button\" data-id=\"9b1e796\" data-element_type=\"widget\" data-e-type=\"widget\" data-widget_type=\"button.default\">\n\t\t\t\t<div class=\"elementor-widget-container\">\n\t\t\t\t\t\t\t\t\t<div class=\"elementor-button-wrapper\">\n\t\t\t\t\t<a class=\"elementor-button elementor-button-link elementor-size-sm elementor-animation-shrink\" href=\"https:\/\/inwest.lt\/en?add-to-cart=7995&#038;quantity=1&#038;e-redirect=https:\/\/inwest.lt\/en\/product\/prisijunkite-prie-inwest-klubo\/\">\n\t\t\t\t\t\t<span class=\"elementor-button-content-wrapper\">\n\t\t\t\t\t\t<span class=\"elementor-button-icon\">\n\t\t\t\t<svg xmlns=\"http:\/\/www.w3.org\/2000\/svg\" width=\"22\" height=\"22\" viewbox=\"0 0 22 22\" fill=\"none\"><circle cx=\"11\" cy=\"11\" r=\"11\" fill=\"#5F1A37\"><\/circle><path d=\"M13.6075 11.6428L6 11.6428L6 10.3572L13.6075 10.3572L10.255 6.90897L11.1388 6L16 11L11.1387 16L10.255 15.091L13.6075 11.6428Z\" fill=\"#F5E4D6\"><\/path><\/svg>\t\t\t<\/span>\n\t\t\t\t\t\t\t\t\t<span class=\"elementor-button-text\">I\u0161bandyk nemokamai<\/span>\n\t\t\t\t\t<\/span>\n\t\t\t\t\t<\/a>\n\t\t\t\t<\/div>\n\t\t\t\t\t\t\t\t<\/div>\n\t\t\t\t<\/div>\n\t\t\t\t<div class=\"elementor-element elementor-element-c9d6631 elementor-widget elementor-widget-text-editor\" data-id=\"c9d6631\" data-element_type=\"widget\" data-e-type=\"widget\" data-widget_type=\"text-editor.default\">\n\t\t\t\t<div class=\"elementor-widget-container\">\n\t\t\t\t\t\t\t\t\t<p><strong><a href=\"https:\/\/inwest.lt\/produktas\/tobulek-investuodamas\/\">Su\u017einok daugiau apie naryst\u0119<\/a><\/strong><\/p>\t\t\t\t\t\t\t\t<\/div>\n\t\t\t\t<\/div>\n\t\t\t\t<\/div>\n\t\t\t\t<\/div>\n\t\t\t\t<\/div>\n\t\t<div class=\"elementor-element elementor-element-d9001cb e-con-full e-flex e-con e-parent\" data-id=\"d9001cb\" data-element_type=\"container\" data-e-type=\"container\" data-settings=\"{&quot;enabled_visibility&quot;:&quot;yes&quot;,&quot;dce_visibility_selected&quot;:&quot;hide&quot;}\">\n\t\t\t\t<div class=\"elementor-element elementor-element-70d4a1a elementor-widget elementor-widget-heading\" data-id=\"70d4a1a\" data-element_type=\"widget\" data-e-type=\"widget\" data-widget_type=\"heading.default\">\n\t\t\t\t<div class=\"elementor-widget-container\">\n\t\t\t\t\t<h2 class=\"elementor-heading-title elementor-size-default\">Taip pat galite u\u017esisakyti<\/h2>\t\t\t\t<\/div>\n\t\t\t\t<\/div>\n\t\t<div class=\"elementor-element elementor-element-4ae6fbe e-con-full e-flex e-con e-child\" data-id=\"4ae6fbe\" data-element_type=\"container\" data-e-type=\"container\" data-settings=\"{&quot;background_background&quot;:&quot;classic&quot;}\">\n\t\t<div class=\"elementor-element elementor-element-8621b22 e-con-full e-flex e-con e-child\" data-id=\"8621b22\" data-element_type=\"container\" data-e-type=\"container\">\n\t\t\t\t<div class=\"elementor-element elementor-element-c47c581 elementor-widget elementor-widget-image\" data-id=\"c47c581\" data-element_type=\"widget\" data-e-type=\"widget\" data-widget_type=\"image.default\">\n\t\t\t\t<div class=\"elementor-widget-container\">\n\t\t\t\t\t\t\t\t\t\t\t\t\t\t\t<img decoding=\"async\" width=\"1080\" height=\"1080\" src=\"https:\/\/inwest.lt\/wp-content\/uploads\/2024\/05\/INWEST-web-banners-square-imagesinvestavimo-pagrindai.webp\" class=\"attachment-full size-full wp-image-14552\" alt=\"\" srcset=\"https:\/\/inwest.lt\/wp-content\/uploads\/2024\/05\/INWEST-web-banners-square-imagesinvestavimo-pagrindai.webp 1080w, https:\/\/inwest.lt\/wp-content\/uploads\/2024\/05\/INWEST-web-banners-square-imagesinvestavimo-pagrindai-300x300.webp 300w, https:\/\/inwest.lt\/wp-content\/uploads\/2024\/05\/INWEST-web-banners-square-imagesinvestavimo-pagrindai-1024x1024.webp 1024w, https:\/\/inwest.lt\/wp-content\/uploads\/2024\/05\/INWEST-web-banners-square-imagesinvestavimo-pagrindai-150x150.webp 150w, https:\/\/inwest.lt\/wp-content\/uploads\/2024\/05\/INWEST-web-banners-square-imagesinvestavimo-pagrindai-768x768.webp 768w, https:\/\/inwest.lt\/wp-content\/uploads\/2024\/05\/INWEST-web-banners-square-imagesinvestavimo-pagrindai-12x12.webp 12w, https:\/\/inwest.lt\/wp-content\/uploads\/2024\/05\/INWEST-web-banners-square-imagesinvestavimo-pagrindai-600x600.webp 600w, https:\/\/inwest.lt\/wp-content\/uploads\/2024\/05\/INWEST-web-banners-square-imagesinvestavimo-pagrindai-100x100.webp 100w\" sizes=\"(max-width: 1080px) 100vw, 1080px\" \/>\t\t\t\t\t\t\t\t\t\t\t\t\t\t\t<\/div>\n\t\t\t\t<\/div>\n\t\t\t\t<\/div>\n\t\t<div class=\"elementor-element elementor-element-741fa26 e-con-full e-flex e-con e-child\" data-id=\"741fa26\" data-element_type=\"container\" data-e-type=\"container\">\n\t\t\t\t<div class=\"elementor-element elementor-element-f0d7dc8 elementor-widget elementor-widget-heading\" data-id=\"f0d7dc8\" data-element_type=\"widget\" data-e-type=\"widget\" data-widget_type=\"heading.default\">\n\t\t\t\t<div class=\"elementor-widget-container\">\n\t\t\t\t\t<h2 class=\"elementor-heading-title elementor-size-default\">Investavimo pagrindai<\/h2>\t\t\t\t<\/div>\n\t\t\t\t<\/div>\n\t\t\t\t<div class=\"elementor-element elementor-element-62287dc elementor-widget elementor-widget-text-editor\" data-id=\"62287dc\" data-element_type=\"widget\" data-e-type=\"widget\" data-widget_type=\"text-editor.default\">\n\t\t\t\t<div class=\"elementor-widget-container\">\n\t\t\t\t\t\t\t\t\t<p>Prieiga prie 7mokym\u0173 moduli\u0173 (133 Eur vert\u0117s), tinklalaid\u017ei\u0173 su ekspertais \u012fra\u0161\u0173, reali\u0173 \u017emoni\u0173 investavimo istorij\u0173.<\/p>\t\t\t\t\t\t\t\t<\/div>\n\t\t\t\t<\/div>\n\t\t\t\t<div class=\"elementor-element elementor-element-f523d2c elementor-widget elementor-widget-text-editor\" data-id=\"f523d2c\" data-element_type=\"widget\" data-e-type=\"widget\" data-widget_type=\"text-editor.default\">\n\t\t\t\t<div class=\"elementor-widget-container\">\n\t\t\t\t\t\t\t\t\t<span class=\"woocommerce-Price-amount amount\"><bdi>49,00&nbsp;<span class=\"woocommerce-Price-currencySymbol\">&euro;<\/span><\/bdi><\/span>\t\t\t\t\t\t\t\t<\/div>\n\t\t\t\t<\/div>\n\t\t\t\t<div class=\"elementor-element elementor-element-5c7ab1b elementor-align-left elementor-widget elementor-widget-button\" data-id=\"5c7ab1b\" data-element_type=\"widget\" data-e-type=\"widget\" data-widget_type=\"button.default\">\n\t\t\t\t<div class=\"elementor-widget-container\">\n\t\t\t\t\t\t\t\t\t<div class=\"elementor-button-wrapper\">\n\t\t\t\t\t<a class=\"elementor-button elementor-button-link elementor-size-sm elementor-animation-shrink\" href=\"https:\/\/inwest.lt\/en?add-to-cart=6699&#038;quantity=1&#038;e-redirect=https:\/\/inwest.lt\/en\/product\/investavimo-pagrindai\/\">\n\t\t\t\t\t\t<span class=\"elementor-button-content-wrapper\">\n\t\t\t\t\t\t<span class=\"elementor-button-icon\">\n\t\t\t\t<svg xmlns=\"http:\/\/www.w3.org\/2000\/svg\" width=\"22\" height=\"22\" viewbox=\"0 0 22 22\" fill=\"none\"><circle cx=\"11\" cy=\"11\" r=\"11\" fill=\"#5F1A37\"><\/circle><path d=\"M13.6075 11.6428L6 11.6428L6 10.3572L13.6075 10.3572L10.255 6.90897L11.1388 6L16 11L11.1387 16L10.255 15.091L13.6075 11.6428Z\" fill=\"#F5E4D6\"><\/path><\/svg>\t\t\t<\/span>\n\t\t\t\t\t\t\t\t\t<span class=\"elementor-button-text\">U\u017esakyti<\/span>\n\t\t\t\t\t<\/span>\n\t\t\t\t\t<\/a>\n\t\t\t\t<\/div>\n\t\t\t\t\t\t\t\t<\/div>\n\t\t\t\t<\/div>\n\t\t\t\t<div class=\"elementor-element elementor-element-8483375 elementor-widget elementor-widget-text-editor\" data-id=\"8483375\" data-element_type=\"widget\" data-e-type=\"widget\" data-widget_type=\"text-editor.default\">\n\t\t\t\t<div class=\"elementor-widget-container\">\n\t\t\t\t\t\t\t\t\t<p><strong><a href=\"https:\/\/inwest.lt\/produktas\/suprask\/\">Su\u017einok daugiau apie mokymus<\/a><\/strong><\/p>\t\t\t\t\t\t\t\t<\/div>\n\t\t\t\t<\/div>\n\t\t\t\t<\/div>\n\t\t\t\t<\/div>\n\t\t\t\t<\/div>\n\t\t\t\t<\/div>\n\t\t<\/div>\n\t\t\t\t\t\t<\/div>\n\t\t\t\t<\/div>\n\t\t\t\t\t<\/div>\n\t\t\t\t<\/div>\n\t\t\t\t<\/div>","protected":false},"excerpt":{"rendered":"<p>INWEST programa<\/p>","protected":false},"author":1,"featured_media":0,"parent":0,"menu_order":0,"comment_status":"closed","ping_status":"closed","template":"","meta":{"_price":"","_stock":"","_tribe_ticket_header":"","_tribe_default_ticket_provider":"","_tribe_ticket_capacity":"0","_ticket_start_date":"","_ticket_end_date":"","_tribe_ticket_show_description":"","_tribe_ticket_show_not_going":false,"_tribe_ticket_use_global_stock":"","_tribe_ticket_global_stock_level":"","_global_stock_mode":"","_global_stock_cap":"","_tribe_rsvp_for_event":"","_tribe_ticket_going_count":"","_tribe_ticket_not_going_count":"","_tribe_tickets_list":"[]","_tribe_ticket_has_attendee_info_fields":false,"_EventAllDay":false,"_EventTimezone":"","_EventStartDate":"","_EventEndDate":"","_EventStartDateUTC":"","_EventEndDateUTC":"","_EventShowMap":false,"_EventShowMapLink":false,"_EventURL":"","_EventCost":"","_EventCostDescription":"","_EventCurrencySymbol":"","_EventCurrencyCode":"","_EventCurrencyPosition":"","_EventDateTimeSeparator":"","_EventTimeRangeSeparator":"","_EventOrganizerID":[],"_EventVenueID":[],"_OrganizerEmail":"","_OrganizerPhone":"","_OrganizerWebsite":"","_VenueAddress":"","_VenueCity":"","_VenueCountry":"","_VenueProvince":"","_VenueState":"","_VenueZip":"","_VenuePhone":"","_VenueURL":"","_VenueStateProvince":"","_VenueLat":"","_VenueLng":"","_VenueShowMap":false,"_VenueShowMapLink":false,"footnotes":"","_tec_slr_enabled":"","_tec_slr_layout":""},"class_list":["post-7548","page","type-page","status-publish","hentry"],"yoast_head":"<!-- This site is optimized with the Yoast SEO plugin v27.5 - https:\/\/yoast.com\/product\/yoast-seo-wordpress\/ -->\n<title>INWEST programa - INWEST<\/title>\n<meta name=\"robots\" content=\"index, follow, max-snippet:-1, max-image-preview:large, max-video-preview:-1\" \/>\n<link rel=\"canonical\" href=\"https:\/\/inwest.lt\/en\/inwest-programa\/\" \/>\n<meta property=\"og:locale\" content=\"en_GB\" \/>\n<meta property=\"og:type\" content=\"article\" \/>\n<meta property=\"og:title\" content=\"INWEST programa - INWEST\" \/>\n<meta property=\"og:description\" content=\"INWEST programa\" \/>\n<meta property=\"og:url\" content=\"https:\/\/inwest.lt\/en\/inwest-programa\/\" \/>\n<meta property=\"og:site_name\" content=\"INWEST\" \/>\n<meta property=\"article:publisher\" content=\"https:\/\/www.facebook.com\/weinvestlt\" \/>\n<meta property=\"article:modified_time\" content=\"2026-01-16T23:07:53+00:00\" \/>\n<meta property=\"og:image\" content=\"https:\/\/inwest.lt\/wp-content\/uploads\/2023\/03\/Dizainas-be-pavadinimo.png\" \/>\n\t<meta property=\"og:image:width\" content=\"2304\" \/>\n\t<meta property=\"og:image:height\" content=\"2304\" \/>\n\t<meta property=\"og:image:type\" content=\"image\/png\" \/>\n<meta name=\"twitter:card\" content=\"summary_large_image\" \/>\n<meta name=\"twitter:label1\" content=\"Estimated reading time\" \/>\n\t<meta name=\"twitter:data1\" content=\"2 minutes\" \/>\n<script type=\"application\/ld+json\" class=\"yoast-schema-graph\">{\"@context\":\"https:\\\/\\\/schema.org\",\"@graph\":[{\"@type\":\"WebPage\",\"@id\":\"https:\\\/\\\/inwest.lt\\\/inwest-programa\\\/\",\"url\":\"https:\\\/\\\/inwest.lt\\\/inwest-programa\\\/\",\"name\":\"INWEST programa - INWEST\",\"isPartOf\":{\"@id\":\"https:\\\/\\\/inwest.lt\\\/#website\"},\"datePublished\":\"2024-06-08T08:57:34+00:00\",\"dateModified\":\"2026-01-16T23:07:53+00:00\",\"breadcrumb\":{\"@id\":\"https:\\\/\\\/inwest.lt\\\/inwest-programa\\\/#breadcrumb\"},\"inLanguage\":\"en-GB\",\"potentialAction\":[{\"@type\":\"ReadAction\",\"target\":[\"https:\\\/\\\/inwest.lt\\\/inwest-programa\\\/\"]}]},{\"@type\":\"BreadcrumbList\",\"@id\":\"https:\\\/\\\/inwest.lt\\\/inwest-programa\\\/#breadcrumb\",\"itemListElement\":[{\"@type\":\"ListItem\",\"position\":1,\"name\":\"Home\",\"item\":\"https:\\\/\\\/inwest.lt\\\/\"},{\"@type\":\"ListItem\",\"position\":2,\"name\":\"INWEST programa\"}]},{\"@type\":\"WebSite\",\"@id\":\"https:\\\/\\\/inwest.lt\\\/#website\",\"url\":\"https:\\\/\\\/inwest.lt\\\/\",\"name\":\"INWEST\",\"description\":\"TAVO INVESTAVIMO GIDAS\",\"publisher\":{\"@id\":\"https:\\\/\\\/inwest.lt\\\/#organization\"},\"alternateName\":\"INWEST - moter\u0173 investavimas\",\"potentialAction\":[{\"@type\":\"SearchAction\",\"target\":{\"@type\":\"EntryPoint\",\"urlTemplate\":\"https:\\\/\\\/inwest.lt\\\/?s={search_term_string}\"},\"query-input\":{\"@type\":\"PropertyValueSpecification\",\"valueRequired\":true,\"valueName\":\"search_term_string\"}}],\"inLanguage\":\"en-GB\"},{\"@type\":\"Organization\",\"@id\":\"https:\\\/\\\/inwest.lt\\\/#organization\",\"name\":\"INWEST\",\"url\":\"https:\\\/\\\/inwest.lt\\\/\",\"logo\":{\"@type\":\"ImageObject\",\"inLanguage\":\"en-GB\",\"@id\":\"https:\\\/\\\/inwest.lt\\\/#\\\/schema\\\/logo\\\/image\\\/\",\"url\":\"https:\\\/\\\/inwest.lt\\\/wp-content\\\/uploads\\\/2023\\\/03\\\/Dizainas-be-pavadinimo.png\",\"contentUrl\":\"https:\\\/\\\/inwest.lt\\\/wp-content\\\/uploads\\\/2023\\\/03\\\/Dizainas-be-pavadinimo.png\",\"width\":2304,\"height\":2304,\"caption\":\"INWEST\"},\"image\":{\"@id\":\"https:\\\/\\\/inwest.lt\\\/#\\\/schema\\\/logo\\\/image\\\/\"},\"sameAs\":[\"https:\\\/\\\/www.facebook.com\\\/weinvestlt\",\"https:\\\/\\\/www.instagram.com\\\/inwest___\\\/\",\"https:\\\/\\\/www.linkedin.com\\\/company\\\/winvestnow\\\/\"]}]}<\/script>\n<!-- \/ Yoast SEO plugin. -->","yoast_head_json":{"title":"INWEST programa - INWEST","robots":{"index":"index","follow":"follow","max-snippet":"max-snippet:-1","max-image-preview":"max-image-preview:large","max-video-preview":"max-video-preview:-1"},"canonical":"https:\/\/inwest.lt\/en\/inwest-programa\/","og_locale":"en_GB","og_type":"article","og_title":"INWEST programa - INWEST","og_description":"INWEST programa","og_url":"https:\/\/inwest.lt\/en\/inwest-programa\/","og_site_name":"INWEST","article_publisher":"https:\/\/www.facebook.com\/weinvestlt","article_modified_time":"2026-01-16T23:07:53+00:00","og_image":[{"width":2304,"height":2304,"url":"https:\/\/inwest.lt\/wp-content\/uploads\/2023\/03\/Dizainas-be-pavadinimo.png","type":"image\/png"}],"twitter_card":"summary_large_image","twitter_misc":{"Estimated reading time":"2 minutes"},"schema":{"@context":"https:\/\/schema.org","@graph":[{"@type":"WebPage","@id":"https:\/\/inwest.lt\/inwest-programa\/","url":"https:\/\/inwest.lt\/inwest-programa\/","name":"INWEST programa - INWEST","isPartOf":{"@id":"https:\/\/inwest.lt\/#website"},"datePublished":"2024-06-08T08:57:34+00:00","dateModified":"2026-01-16T23:07:53+00:00","breadcrumb":{"@id":"https:\/\/inwest.lt\/inwest-programa\/#breadcrumb"},"inLanguage":"en-GB","potentialAction":[{"@type":"ReadAction","target":["https:\/\/inwest.lt\/inwest-programa\/"]}]},{"@type":"BreadcrumbList","@id":"https:\/\/inwest.lt\/inwest-programa\/#breadcrumb","itemListElement":[{"@type":"ListItem","position":1,"name":"Home","item":"https:\/\/inwest.lt\/"},{"@type":"ListItem","position":2,"name":"INWEST programa"}]},{"@type":"WebSite","@id":"https:\/\/inwest.lt\/#website","url":"https:\/\/inwest.lt\/","name":"INWEST","description":"TAVO INVESTAVIMO GIDAS","publisher":{"@id":"https:\/\/inwest.lt\/#organization"},"alternateName":"INWEST - moter\u0173 investavimas","potentialAction":[{"@type":"SearchAction","target":{"@type":"EntryPoint","urlTemplate":"https:\/\/inwest.lt\/?s={search_term_string}"},"query-input":{"@type":"PropertyValueSpecification","valueRequired":true,"valueName":"search_term_string"}}],"inLanguage":"en-GB"},{"@type":"Organization","@id":"https:\/\/inwest.lt\/#organization","name":"INWEST","url":"https:\/\/inwest.lt\/","logo":{"@type":"ImageObject","inLanguage":"en-GB","@id":"https:\/\/inwest.lt\/#\/schema\/logo\/image\/","url":"https:\/\/inwest.lt\/wp-content\/uploads\/2023\/03\/Dizainas-be-pavadinimo.png","contentUrl":"https:\/\/inwest.lt\/wp-content\/uploads\/2023\/03\/Dizainas-be-pavadinimo.png","width":2304,"height":2304,"caption":"INWEST"},"image":{"@id":"https:\/\/inwest.lt\/#\/schema\/logo\/image\/"},"sameAs":["https:\/\/www.facebook.com\/weinvestlt","https:\/\/www.instagram.com\/inwest___\/","https:\/\/www.linkedin.com\/company\/winvestnow\/"]}]}},"ticketed":false,"_links":{"self":[{"href":"https:\/\/inwest.lt\/en\/wp-json\/wp\/v2\/pages\/7548","targetHints":{"allow":["GET"]}}],"collection":[{"href":"https:\/\/inwest.lt\/en\/wp-json\/wp\/v2\/pages"}],"about":[{"href":"https:\/\/inwest.lt\/en\/wp-json\/wp\/v2\/types\/page"}],"author":[{"embeddable":true,"href":"https:\/\/inwest.lt\/en\/wp-json\/wp\/v2\/users\/1"}],"replies":[{"embeddable":true,"href":"https:\/\/inwest.lt\/en\/wp-json\/wp\/v2\/comments?post=7548"}],"version-history":[{"count":7,"href":"https:\/\/inwest.lt\/en\/wp-json\/wp\/v2\/pages\/7548\/revisions"}],"predecessor-version":[{"id":14167,"href":"https:\/\/inwest.lt\/en\/wp-json\/wp\/v2\/pages\/7548\/revisions\/14167"}],"wp:attachment":[{"href":"https:\/\/inwest.lt\/en\/wp-json\/wp\/v2\/media?parent=7548"}],"curies":[{"name":"wp","href":"https:\/\/api.w.org\/{rel}","templated":true}]}}