{"id":7535,"date":"2024-06-08T10:33:57","date_gmt":"2024-06-08T08:33:57","guid":{"rendered":"https:\/\/inwest.lt\/?page_id=7535"},"modified":"2026-01-24T01:15:52","modified_gmt":"2026-01-23T23:15:52","slug":"susipazink-su-finansu-tarpininku","status":"publish","type":"page","link":"https:\/\/inwest.lt\/en\/susipazink-su-finansu-tarpininku\/","title":{"rendered":"Susipa\u017eink su finans\u0173 tarpininku"},"content":{"rendered":"Lietuvoje registruota ir licencijuota \u201eRevolut\u201c finans\u0173 maklerio \u012fmon\u0117 teikia paslaugas visoje Europos ekonomikos erdv\u0117je. Jos vadovas Rolandas Juteika papasakos apie:\n\u27a1 investavimo per \u201eRevolut\u201c subtilybes\n\u27a1 komisinius\n\u27a1 finansinius instrumentus\n\u27a1 galimybes investuoti \u012f \u012fmoni\u0173 ir valstybi\u0173 obligacijas\n\u27a1 apie nauj\u0105 investavimo \u201erobotuk\u0105\u201c, kuris pad\u0117s sud\u0117lioti tinkam\u0105 strategij\u0105 \t\t<div class=\"woocommerce\">\n\t\t\t<div class=\"woocommerce-info wc-memberships-restriction-message wc-memberships-message wc-memberships-content-restricted-message\">\n\t\t\t\tJ\u016bs neturite leidimo per\u017ei\u016br\u0117ti \u0161io turinio. Norint per\u017ei\u016br\u0117ti, reikia \u012fsigyti\r\n\r\n<a href=\"https:\/\/inwest.lt\/produktas\/tobulek-investuodamas\/\" target=\"_blank\" rel=\"noopener\"> <strong> Investavimo klubo <\/strong><\/a> program\u0105.\t\t    <\/div>\n\t\t<\/div>","protected":false},"excerpt":{"rendered":"<p>Lietuvoje registruota ir licencijuota \u201eRevolut\u201c finans\u0173 maklerio \u012fmon\u0117 teikia paslaugas visoje Europos ekonomikos erdv\u0117je. Jos vadovas Rolandas Juteika papasakos apie: \u27a1 investavimo per \u201eRevolut\u201c subtilybes \u27a1 komisinius \u27a1 finansinius instrumentus [&hellip;]<\/p>\n","protected":false},"author":1,"featured_media":0,"parent":0,"menu_order":0,"comment_status":"closed","ping_status":"closed","template":"","meta":{"_price":"","_stock":"","_tribe_ticket_header":"","_tribe_default_ticket_provider":"","_tribe_ticket_capacity":"0","_ticket_start_date":"","_ticket_end_date":"","_tribe_ticket_show_description":"","_tribe_ticket_show_not_going":false,"_tribe_ticket_use_global_stock":"","_tribe_ticket_global_stock_level":"","_global_stock_mode":"","_global_stock_cap":"","_tribe_rsvp_for_event":"","_tribe_ticket_going_count":"","_tribe_ticket_not_going_count":"","_tribe_tickets_list":"[]","_tribe_ticket_has_attendee_info_fields":false,"_EventAllDay":false,"_EventTimezone":"","_EventStartDate":"","_EventEndDate":"","_EventStartDateUTC":"","_EventEndDateUTC":"","_EventShowMap":false,"_EventShowMapLink":false,"_EventURL":"","_EventCost":"","_EventCostDescription":"","_EventCurrencySymbol":"","_EventCurrencyCode":"","_EventCurrencyPosition":"","_EventDateTimeSeparator":"","_EventTimeRangeSeparator":"","_EventOrganizerID":[],"_EventVenueID":[],"_OrganizerEmail":"","_OrganizerPhone":"","_OrganizerWebsite":"","_VenueAddress":"","_VenueCity":"","_VenueCountry":"","_VenueProvince":"","_VenueState":"","_VenueZip":"","_VenuePhone":"","_VenueURL":"","_VenueStateProvince":"","_VenueLat":"","_VenueLng":"","_VenueShowMap":false,"_VenueShowMapLink":false,"footnotes":"","_tec_slr_enabled":"","_tec_slr_layout":""},"class_list":["post-7535","page","type-page","status-publish","hentry"],"yoast_head":"<!-- This site is optimized with the Yoast SEO plugin v27.5 - https:\/\/yoast.com\/product\/yoast-seo-wordpress\/ -->\n<title>Susipa\u017eink su finans\u0173 tarpininku - INWEST<\/title>\n<meta name=\"robots\" content=\"index, follow, max-snippet:-1, max-image-preview:large, max-video-preview:-1\" \/>\n<link rel=\"canonical\" href=\"https:\/\/inwest.lt\/en\/susipazink-su-finansu-tarpininku\/\" \/>\n<meta property=\"og:locale\" content=\"en_GB\" \/>\n<meta property=\"og:type\" content=\"article\" \/>\n<meta property=\"og:title\" content=\"Susipa\u017eink su finans\u0173 tarpininku - INWEST\" \/>\n<meta property=\"og:description\" content=\"Lietuvoje registruota ir licencijuota \u201eRevolut\u201c finans\u0173 maklerio \u012fmon\u0117 teikia paslaugas visoje Europos ekonomikos erdv\u0117je. Jos vadovas Rolandas Juteika papasakos apie: \u27a1 investavimo per \u201eRevolut\u201c subtilybes \u27a1 komisinius \u27a1 finansinius instrumentus [&hellip;]\" \/>\n<meta property=\"og:url\" content=\"https:\/\/inwest.lt\/en\/susipazink-su-finansu-tarpininku\/\" \/>\n<meta property=\"og:site_name\" content=\"INWEST\" \/>\n<meta property=\"article:publisher\" content=\"https:\/\/www.facebook.com\/weinvestlt\" \/>\n<meta property=\"article:modified_time\" content=\"2026-01-23T23:15:52+00:00\" \/>\n<meta property=\"og:image\" content=\"https:\/\/inwest.lt\/wp-content\/uploads\/2023\/03\/Dizainas-be-pavadinimo.png\" \/>\n\t<meta property=\"og:image:width\" content=\"2304\" \/>\n\t<meta property=\"og:image:height\" content=\"2304\" \/>\n\t<meta property=\"og:image:type\" content=\"image\/png\" \/>\n<meta name=\"twitter:card\" content=\"summary_large_image\" \/>\n<meta name=\"twitter:label1\" content=\"Estimated reading time\" \/>\n\t<meta name=\"twitter:data1\" content=\"4 minutes\" \/>\n<script type=\"application\/ld+json\" class=\"yoast-schema-graph\">{\"@context\":\"https:\\\/\\\/schema.org\",\"@graph\":[{\"@type\":\"WebPage\",\"@id\":\"https:\\\/\\\/inwest.lt\\\/susipazink-su-finansu-tarpininku\\\/\",\"url\":\"https:\\\/\\\/inwest.lt\\\/susipazink-su-finansu-tarpininku\\\/\",\"name\":\"Susipa\u017eink su finans\u0173 tarpininku - INWEST\",\"isPartOf\":{\"@id\":\"https:\\\/\\\/inwest.lt\\\/#website\"},\"datePublished\":\"2024-06-08T08:33:57+00:00\",\"dateModified\":\"2026-01-23T23:15:52+00:00\",\"breadcrumb\":{\"@id\":\"https:\\\/\\\/inwest.lt\\\/susipazink-su-finansu-tarpininku\\\/#breadcrumb\"},\"inLanguage\":\"en-GB\",\"potentialAction\":[{\"@type\":\"ReadAction\",\"target\":[\"https:\\\/\\\/inwest.lt\\\/susipazink-su-finansu-tarpininku\\\/\"]}]},{\"@type\":\"BreadcrumbList\",\"@id\":\"https:\\\/\\\/inwest.lt\\\/susipazink-su-finansu-tarpininku\\\/#breadcrumb\",\"itemListElement\":[{\"@type\":\"ListItem\",\"position\":1,\"name\":\"Home\",\"item\":\"https:\\\/\\\/inwest.lt\\\/\"},{\"@type\":\"ListItem\",\"position\":2,\"name\":\"Susipa\u017eink su finans\u0173 tarpininku\"}]},{\"@type\":\"WebSite\",\"@id\":\"https:\\\/\\\/inwest.lt\\\/#website\",\"url\":\"https:\\\/\\\/inwest.lt\\\/\",\"name\":\"INWEST\",\"description\":\"TAVO INVESTAVIMO GIDAS\",\"publisher\":{\"@id\":\"https:\\\/\\\/inwest.lt\\\/#organization\"},\"alternateName\":\"INWEST - moter\u0173 investavimas\",\"potentialAction\":[{\"@type\":\"SearchAction\",\"target\":{\"@type\":\"EntryPoint\",\"urlTemplate\":\"https:\\\/\\\/inwest.lt\\\/?s={search_term_string}\"},\"query-input\":{\"@type\":\"PropertyValueSpecification\",\"valueRequired\":true,\"valueName\":\"search_term_string\"}}],\"inLanguage\":\"en-GB\"},{\"@type\":\"Organization\",\"@id\":\"https:\\\/\\\/inwest.lt\\\/#organization\",\"name\":\"INWEST\",\"url\":\"https:\\\/\\\/inwest.lt\\\/\",\"logo\":{\"@type\":\"ImageObject\",\"inLanguage\":\"en-GB\",\"@id\":\"https:\\\/\\\/inwest.lt\\\/#\\\/schema\\\/logo\\\/image\\\/\",\"url\":\"https:\\\/\\\/inwest.lt\\\/wp-content\\\/uploads\\\/2023\\\/03\\\/Dizainas-be-pavadinimo.png\",\"contentUrl\":\"https:\\\/\\\/inwest.lt\\\/wp-content\\\/uploads\\\/2023\\\/03\\\/Dizainas-be-pavadinimo.png\",\"width\":2304,\"height\":2304,\"caption\":\"INWEST\"},\"image\":{\"@id\":\"https:\\\/\\\/inwest.lt\\\/#\\\/schema\\\/logo\\\/image\\\/\"},\"sameAs\":[\"https:\\\/\\\/www.facebook.com\\\/weinvestlt\",\"https:\\\/\\\/www.instagram.com\\\/inwest___\\\/\",\"https:\\\/\\\/www.linkedin.com\\\/company\\\/winvestnow\\\/\"]}]}<\/script>\n<!-- \/ Yoast SEO plugin. -->","yoast_head_json":{"title":"Susipa\u017eink su finans\u0173 tarpininku - INWEST","robots":{"index":"index","follow":"follow","max-snippet":"max-snippet:-1","max-image-preview":"max-image-preview:large","max-video-preview":"max-video-preview:-1"},"canonical":"https:\/\/inwest.lt\/en\/susipazink-su-finansu-tarpininku\/","og_locale":"en_GB","og_type":"article","og_title":"Susipa\u017eink su finans\u0173 tarpininku - INWEST","og_description":"Lietuvoje registruota ir licencijuota \u201eRevolut\u201c finans\u0173 maklerio \u012fmon\u0117 teikia paslaugas visoje Europos ekonomikos erdv\u0117je. Jos vadovas Rolandas Juteika papasakos apie: \u27a1 investavimo per \u201eRevolut\u201c subtilybes \u27a1 komisinius \u27a1 finansinius instrumentus [&hellip;]","og_url":"https:\/\/inwest.lt\/en\/susipazink-su-finansu-tarpininku\/","og_site_name":"INWEST","article_publisher":"https:\/\/www.facebook.com\/weinvestlt","article_modified_time":"2026-01-23T23:15:52+00:00","og_image":[{"width":2304,"height":2304,"url":"https:\/\/inwest.lt\/wp-content\/uploads\/2023\/03\/Dizainas-be-pavadinimo.png","type":"image\/png"}],"twitter_card":"summary_large_image","twitter_misc":{"Estimated reading time":"4 minutes"},"schema":{"@context":"https:\/\/schema.org","@graph":[{"@type":"WebPage","@id":"https:\/\/inwest.lt\/susipazink-su-finansu-tarpininku\/","url":"https:\/\/inwest.lt\/susipazink-su-finansu-tarpininku\/","name":"Susipa\u017eink su finans\u0173 tarpininku - INWEST","isPartOf":{"@id":"https:\/\/inwest.lt\/#website"},"datePublished":"2024-06-08T08:33:57+00:00","dateModified":"2026-01-23T23:15:52+00:00","breadcrumb":{"@id":"https:\/\/inwest.lt\/susipazink-su-finansu-tarpininku\/#breadcrumb"},"inLanguage":"en-GB","potentialAction":[{"@type":"ReadAction","target":["https:\/\/inwest.lt\/susipazink-su-finansu-tarpininku\/"]}]},{"@type":"BreadcrumbList","@id":"https:\/\/inwest.lt\/susipazink-su-finansu-tarpininku\/#breadcrumb","itemListElement":[{"@type":"ListItem","position":1,"name":"Home","item":"https:\/\/inwest.lt\/"},{"@type":"ListItem","position":2,"name":"Susipa\u017eink su finans\u0173 tarpininku"}]},{"@type":"WebSite","@id":"https:\/\/inwest.lt\/#website","url":"https:\/\/inwest.lt\/","name":"INWEST","description":"TAVO INVESTAVIMO GIDAS","publisher":{"@id":"https:\/\/inwest.lt\/#organization"},"alternateName":"INWEST - moter\u0173 investavimas","potentialAction":[{"@type":"SearchAction","target":{"@type":"EntryPoint","urlTemplate":"https:\/\/inwest.lt\/?s={search_term_string}"},"query-input":{"@type":"PropertyValueSpecification","valueRequired":true,"valueName":"search_term_string"}}],"inLanguage":"en-GB"},{"@type":"Organization","@id":"https:\/\/inwest.lt\/#organization","name":"INWEST","url":"https:\/\/inwest.lt\/","logo":{"@type":"ImageObject","inLanguage":"en-GB","@id":"https:\/\/inwest.lt\/#\/schema\/logo\/image\/","url":"https:\/\/inwest.lt\/wp-content\/uploads\/2023\/03\/Dizainas-be-pavadinimo.png","contentUrl":"https:\/\/inwest.lt\/wp-content\/uploads\/2023\/03\/Dizainas-be-pavadinimo.png","width":2304,"height":2304,"caption":"INWEST"},"image":{"@id":"https:\/\/inwest.lt\/#\/schema\/logo\/image\/"},"sameAs":["https:\/\/www.facebook.com\/weinvestlt","https:\/\/www.instagram.com\/inwest___\/","https:\/\/www.linkedin.com\/company\/winvestnow\/"]}]}},"ticketed":false,"_links":{"self":[{"href":"https:\/\/inwest.lt\/en\/wp-json\/wp\/v2\/pages\/7535","targetHints":{"allow":["GET"]}}],"collection":[{"href":"https:\/\/inwest.lt\/en\/wp-json\/wp\/v2\/pages"}],"about":[{"href":"https:\/\/inwest.lt\/en\/wp-json\/wp\/v2\/types\/page"}],"author":[{"embeddable":true,"href":"https:\/\/inwest.lt\/en\/wp-json\/wp\/v2\/users\/1"}],"replies":[{"embeddable":true,"href":"https:\/\/inwest.lt\/en\/wp-json\/wp\/v2\/comments?post=7535"}],"version-history":[{"count":13,"href":"https:\/\/inwest.lt\/en\/wp-json\/wp\/v2\/pages\/7535\/revisions"}],"predecessor-version":[{"id":14329,"href":"https:\/\/inwest.lt\/en\/wp-json\/wp\/v2\/pages\/7535\/revisions\/14329"}],"wp:attachment":[{"href":"https:\/\/inwest.lt\/en\/wp-json\/wp\/v2\/media?parent=7535"}],"curies":[{"name":"wp","href":"https:\/\/api.w.org\/{rel}","templated":true}]}}