{"id":606,"date":"2023-03-13T11:52:35","date_gmt":"2023-03-13T09:52:35","guid":{"rendered":"https:\/\/inwest.lt\/?page_id=606"},"modified":"2024-06-04T10:30:28","modified_gmt":"2024-06-04T08:30:28","slug":"investavimo-pagrindai","status":"publish","type":"page","link":"https:\/\/inwest.lt\/en\/investavimo-pagrindai\/","title":{"rendered":"Investavimo pagrindai puslapis"},"content":{"rendered":"<div data-elementor-type=\"wp-page\" data-elementor-id=\"606\" class=\"elementor elementor-606\" data-elementor-post-type=\"page\">\n\t\t\t\t<div class=\"elementor-element elementor-element-eddac57 e-flex e-con-boxed e-con e-parent\" data-id=\"eddac57\" data-element_type=\"container\" data-e-type=\"container\" data-settings=\"{&quot;background_background&quot;:&quot;classic&quot;}\">\n\t\t\t\t\t<div class=\"e-con-inner\">\n\t\t<div class=\"elementor-element elementor-element-0a7ff28 e-con-full e-flex e-con e-child\" data-id=\"0a7ff28\" data-element_type=\"container\" data-e-type=\"container\">\n\t\t\t\t<\/div>\n\t\t<div class=\"elementor-element elementor-element-77ae1b2 e-con-full e-flex e-con e-child\" data-id=\"77ae1b2\" data-element_type=\"container\" data-e-type=\"container\">\n\t\t\t\t<div class=\"elementor-element elementor-element-5d257b2 elementor-widget elementor-widget-heading\" data-id=\"5d257b2\" data-element_type=\"widget\" data-e-type=\"widget\" data-widget_type=\"heading.default\">\n\t\t\t\t<div class=\"elementor-widget-container\">\n\t\t\t\t\t<h2 class=\"elementor-heading-title elementor-size-xxl\">Investavimo pagrindai<\/h2>\t\t\t\t<\/div>\n\t\t\t\t<\/div>\n\t\t\t\t<div class=\"elementor-element elementor-element-c212c83 elementor-widget elementor-widget-spacer\" data-id=\"c212c83\" data-element_type=\"widget\" data-e-type=\"widget\" data-widget_type=\"spacer.default\">\n\t\t\t\t<div class=\"elementor-widget-container\">\n\t\t\t\t\t\t\t<div class=\"elementor-spacer\">\n\t\t\t<div class=\"elementor-spacer-inner\"><\/div>\n\t\t<\/div>\n\t\t\t\t\t\t<\/div>\n\t\t\t\t<\/div>\n\t\t\t\t<div class=\"elementor-element elementor-element-aaff59f elementor-widget elementor-widget-text-editor\" data-id=\"aaff59f\" data-element_type=\"widget\" data-e-type=\"widget\" data-widget_type=\"text-editor.default\">\n\t\t\t\t<div class=\"elementor-widget-container\">\n\t\t\t\t\t\t\t\t\t<p class=\"font_7\">2021 m. \u201eFidelity\u201c atliktas tyrimas parod\u0117, kad net 70 proc. moter\u0173 prisipa\u017e\u012fsta, jog apie investavim\u0105 jos \u017eino labai ma\u017eai ir nesijau\u010dia u\u017etikrintos investuodamos savo sunkiai u\u017edirbtus pinigus. S\u0117kmingo investavimo m\u012fsl\u0117 gali b\u016bti \u012fminta, suprantant kelis principus: pirma, investavimas turi tapti \u012fpro\u010diu arba automatizuoti investavim\u0105. Antra, tinkamai paskirstyti sukauptas l\u0117\u0161as, diversifikuojant turim\u0105 portfel\u012f, stengtis rinktis produktus su kuo ma\u017eesniais mokes\u010diais, i\u0161laikant ilgalaik\u0119 investavimo disciplin\u0105.<\/p><p class=\"font_7\">Kaip tai padaryti ?<\/p>\t\t\t\t\t\t\t\t<\/div>\n\t\t\t\t<\/div>\n\t\t\t\t<\/div>\n\t\t<div class=\"elementor-element elementor-element-8e455fe e-con-full e-flex e-con e-child\" data-id=\"8e455fe\" data-element_type=\"container\" data-e-type=\"container\">\n\t\t\t\t<\/div>\n\t\t\t\t\t<\/div>\n\t\t\t\t<\/div>\n\t\t<div class=\"elementor-element elementor-element-ff9c4e3 elementor-hidden-mobile e-flex e-con-boxed e-con e-parent\" data-id=\"ff9c4e3\" data-element_type=\"container\" data-e-type=\"container\" data-settings=\"{&quot;background_background&quot;:&quot;classic&quot;}\">\n\t\t\t\t\t<div class=\"e-con-inner\">\n\t\t\t\t<div class=\"elementor-element elementor-element-1bfba68 elementor-widget elementor-widget-heading\" data-id=\"1bfba68\" data-element_type=\"widget\" data-e-type=\"widget\" data-widget_type=\"heading.default\">\n\t\t\t\t<div class=\"elementor-widget-container\">\n\t\t\t\t\t<h2 class=\"elementor-heading-title elementor-size-xl\">Aktyvus investavimas<\/h2>\t\t\t\t<\/div>\n\t\t\t\t<\/div>\n\t\t\t\t\t<\/div>\n\t\t\t\t<\/div>\n\t\t<div class=\"elementor-element elementor-element-f00992d elementor-hidden-desktop elementor-hidden-tablet e-flex e-con-boxed e-con e-parent\" data-id=\"f00992d\" data-element_type=\"container\" data-e-type=\"container\" data-settings=\"{&quot;background_background&quot;:&quot;classic&quot;}\">\n\t\t\t\t\t<div class=\"e-con-inner\">\n\t\t\t\t<div class=\"elementor-element elementor-element-3d45c45 elementor-widget elementor-widget-heading\" data-id=\"3d45c45\" data-element_type=\"widget\" data-e-type=\"widget\" data-widget_type=\"heading.default\">\n\t\t\t\t<div class=\"elementor-widget-container\">\n\t\t\t\t\t<h2 class=\"elementor-heading-title elementor-size-xl\">Aktyvus\n<br> investavimas<\/h2>\t\t\t\t<\/div>\n\t\t\t\t<\/div>\n\t\t\t\t\t<\/div>\n\t\t\t\t<\/div>\n\t\t<div class=\"elementor-element elementor-element-2fadc72 e-flex e-con-boxed e-con e-parent\" data-id=\"2fadc72\" data-element_type=\"container\" data-e-type=\"container\" data-settings=\"{&quot;background_background&quot;:&quot;classic&quot;}\">\n\t\t\t\t\t<div class=\"e-con-inner\">\n\t\t<div class=\"elementor-element elementor-element-97b0a0e e-con-full e-flex e-con e-child\" data-id=\"97b0a0e\" data-element_type=\"container\" data-e-type=\"container\">\n\t\t\t\t<\/div>\n\t\t<div class=\"elementor-element elementor-element-171b815 e-con-full e-flex e-con e-child\" data-id=\"171b815\" data-element_type=\"container\" data-e-type=\"container\">\n\t\t\t\t<div class=\"elementor-element elementor-element-db7b736 elementor-widget elementor-widget-text-editor\" data-id=\"db7b736\" data-element_type=\"widget\" data-e-type=\"widget\" data-widget_type=\"text-editor.default\">\n\t\t\t\t<div class=\"elementor-widget-container\">\n\t\t\t\t\t\t\t\t\t<p>Norint b\u016bti s\u0117kmingu aktyviu investuotoju reikia skirti ne tik daug laiko ir darbo nagrin\u0117jant atskir\u0173 \u012fmoni\u0173 vertybinius popierius, bet ir tinkamo emocinio pasirengimo. Pasak W. Buffetto, norint tapti aktyviu investuotoju, reikia laikytis dviej\u0173 taisykli\u0173: \u201eTaisykl\u0117 Nr. 1 \u2013 neprarasti pinig\u0173 \u2026\u201c ir \u201eTaisykl\u0117 Nr. 2 \u2013 nepamir\u0161ti taisykl\u0117s Nr. 1\u201c. \u0160ios taisykl\u0117s puikiai iliustruoja emocin\u012f investuotoj\u0173 pasirengim\u0105, kai vedami \u201ebandos jausmo\u201c kai kurie investuotojai elgiasi neracionaliai ir da\u017eniausiai praranda pinigus. Vienas i\u0161 aktyvi\u0173 investavimo b\u016bdu &#8211; \u012fmoni\u0173, mokan\u010di\u0173 dividentus, akcij\u0173 pirkimas.Aktyv\u0173 investavim\u0105 daugelis renkasi pirkdami dividendus mokan\u010dias bendroves. Svarbu mok\u0117ti identifikuti geras \u012fmones, kurios ne tik man moka dividendus, bet ir nuolat tuos dividendus didina. Padid\u0117j\u0119s dividend\u0173 augimas yra raktas, kuriant pasyvius pajam\u0173 srautus, kurie laikui b\u0117gant leid\u017eia tapti finansi\u0161kai nepriklausomais.\u00a0<\/p>\t\t\t\t\t\t\t\t<\/div>\n\t\t\t\t<\/div>\n\t\t\t\t<\/div>\n\t\t<div class=\"elementor-element elementor-element-8165e80 e-con-full e-flex e-con e-child\" data-id=\"8165e80\" data-element_type=\"container\" data-e-type=\"container\">\n\t\t\t\t<\/div>\n\t\t\t\t\t<\/div>\n\t\t\t\t<\/div>\n\t\t<div class=\"elementor-element elementor-element-4da2baf e-flex e-con-boxed e-con e-parent\" data-id=\"4da2baf\" data-element_type=\"container\" data-e-type=\"container\" data-settings=\"{&quot;background_background&quot;:&quot;classic&quot;}\">\n\t\t\t\t\t<div class=\"e-con-inner\">\n\t\t\t\t<div class=\"elementor-element elementor-element-d06c91b elementor-widget elementor-widget-spacer\" data-id=\"d06c91b\" data-element_type=\"widget\" data-e-type=\"widget\" data-widget_type=\"spacer.default\">\n\t\t\t\t<div class=\"elementor-widget-container\">\n\t\t\t\t\t\t\t<div class=\"elementor-spacer\">\n\t\t\t<div class=\"elementor-spacer-inner\"><\/div>\n\t\t<\/div>\n\t\t\t\t\t\t<\/div>\n\t\t\t\t<\/div>\n\t\t\t\t<div class=\"elementor-element elementor-element-dfca021 elementor-widget elementor-widget-heading\" data-id=\"dfca021\" data-element_type=\"widget\" data-e-type=\"widget\" data-widget_type=\"heading.default\">\n\t\t\t\t<div class=\"elementor-widget-container\">\n\t\t\t\t\t<h2 class=\"elementor-heading-title elementor-size-xl\">Indeks\u0173 fondai<\/h2>\t\t\t\t<\/div>\n\t\t\t\t<\/div>\n\t\t\t\t\t<\/div>\n\t\t\t\t<\/div>\n\t\t<div class=\"elementor-element elementor-element-d5e27b8 e-flex e-con-boxed e-con e-parent\" data-id=\"d5e27b8\" data-element_type=\"container\" data-e-type=\"container\" data-settings=\"{&quot;background_background&quot;:&quot;classic&quot;}\">\n\t\t\t\t\t<div class=\"e-con-inner\">\n\t\t<div class=\"elementor-element elementor-element-f8317c2 e-con-full e-flex e-con e-child\" data-id=\"f8317c2\" data-element_type=\"container\" data-e-type=\"container\">\n\t\t\t\t<\/div>\n\t\t<div class=\"elementor-element elementor-element-7876130 e-con-full e-flex e-con e-child\" data-id=\"7876130\" data-element_type=\"container\" data-e-type=\"container\" data-settings=\"{&quot;background_background&quot;:&quot;classic&quot;}\">\n\t\t\t\t<div class=\"elementor-element elementor-element-f3f6d9f elementor-widget elementor-widget-image\" data-id=\"f3f6d9f\" data-element_type=\"widget\" data-e-type=\"widget\" data-widget_type=\"image.default\">\n\t\t\t\t<div class=\"elementor-widget-container\">\n\t\t\t\t\t\t\t\t\t\t\t\t\t\t\t<img fetchpriority=\"high\" decoding=\"async\" width=\"963\" height=\"729\" src=\"https:\/\/inwest.lt\/wp-content\/uploads\/2023\/03\/144Z_2107.w013.n001.494B.p30.494-Converted-1-e1678834986899.png\" class=\"attachment-full size-full wp-image-1010\" alt=\"\" srcset=\"https:\/\/inwest.lt\/wp-content\/uploads\/2023\/03\/144Z_2107.w013.n001.494B.p30.494-Converted-1-e1678834986899.png 963w, https:\/\/inwest.lt\/wp-content\/uploads\/2023\/03\/144Z_2107.w013.n001.494B.p30.494-Converted-1-e1678834986899-600x454.png 600w, https:\/\/inwest.lt\/wp-content\/uploads\/2023\/03\/144Z_2107.w013.n001.494B.p30.494-Converted-1-e1678834986899-300x227.png 300w, https:\/\/inwest.lt\/wp-content\/uploads\/2023\/03\/144Z_2107.w013.n001.494B.p30.494-Converted-1-e1678834986899-768x581.png 768w\" sizes=\"(max-width: 963px) 100vw, 963px\" \/>\t\t\t\t\t\t\t\t\t\t\t\t\t\t\t<\/div>\n\t\t\t\t<\/div>\n\t\t\t\t<\/div>\n\t\t<div class=\"elementor-element elementor-element-a54dc41 e-con-full e-flex e-con e-child\" data-id=\"a54dc41\" data-element_type=\"container\" data-e-type=\"container\">\n\t\t\t\t<div class=\"elementor-element elementor-element-d88f772 elementor-widget elementor-widget-text-editor\" data-id=\"d88f772\" data-element_type=\"widget\" data-e-type=\"widget\" data-widget_type=\"text-editor.default\">\n\t\t\t\t<div class=\"elementor-widget-container\">\n\t\t\t\t\t\t\t\t\t<p>Anot Warreno Buffetto, vieno geriausi\u0173 m\u016bs\u0173\u00a0 laik\u0173 investuotojo, vienas geriausi\u0173 investavimo b\u016bd\u0173 \u2013 investavimas \u012f indeks\u0173 fondus. Warrenas Buffettas net yra pasak\u0119s, kad jam mirus, jo turimas turtas tur\u0117t\u0173 b\u016bti padalinamas \u012f indeksus. Paklausite kod\u0117l? Renkantis investavim\u0105 \u012f indeksus jums nereikia b\u016bti Volstrito finans\u0173 burtininku, bandant nusp\u0117ti atskir\u0173 \u012fmoni\u0173 ateit\u012f ar analizuoti skirtingus vertybinius popierius. Jums suk\u016brus diversifikuot\u0105 pigi\u0173 indeks\u0173 fond\u0173 portfel\u012f, ilgalaik\u0117je perspektyvoje j\u016bs\u0173 rezultatai bus geresni u\u017e 90 proc. profesionali\u0173 investuotoj\u0173. Geriausia to dalis \u2013 nereikia skirti daug laiko investicijoms valdyti, nes indeks\u0173 fond\u0173 pajamingumas priklauso nuo konkre\u010dios investicin\u0117s priemon\u0117s rinkos pajamingumo.<\/p>\t\t\t\t\t\t\t\t<\/div>\n\t\t\t\t<\/div>\n\t\t\t\t<\/div>\n\t\t<div class=\"elementor-element elementor-element-6678e8f e-con-full e-flex e-con e-child\" data-id=\"6678e8f\" data-element_type=\"container\" data-e-type=\"container\">\n\t\t\t\t<\/div>\n\t\t\t\t\t<\/div>\n\t\t\t\t<\/div>\n\t\t<div class=\"elementor-element elementor-element-9602d73 elementor-hidden-tablet elementor-hidden-mobile e-flex e-con-boxed e-con e-parent\" data-id=\"9602d73\" data-element_type=\"container\" data-e-type=\"container\">\n\t\t\t\t\t<div class=\"e-con-inner\">\n\t\t\t\t\t<\/div>\n\t\t\t\t<\/div>\n\t\t\t\t<\/div>","protected":false},"excerpt":{"rendered":"<p>Investavimo pagrindai 2021 m. \u201eFidelity\u201c atliktas tyrimas parod\u0117, kad net 70 proc. moter\u0173 prisipa\u017e\u012fsta, jog apie investavim\u0105 jos \u017eino labai ma\u017eai ir nesijau\u010dia u\u017etikrintos investuodamos savo sunkiai u\u017edirbtus pinigus. S\u0117kmingo [&hellip;]<\/p>\n","protected":false},"author":1,"featured_media":0,"parent":0,"menu_order":0,"comment_status":"closed","ping_status":"closed","template":"","meta":{"_price":"","_stock":"","_tribe_ticket_header":"","_tribe_default_ticket_provider":"","_tribe_ticket_capacity":"0","_ticket_start_date":"","_ticket_end_date":"","_tribe_ticket_show_description":"","_tribe_ticket_show_not_going":false,"_tribe_ticket_use_global_stock":"","_tribe_ticket_global_stock_level":"","_global_stock_mode":"","_global_stock_cap":"","_tribe_rsvp_for_event":"","_tribe_ticket_going_count":"","_tribe_ticket_not_going_count":"","_tribe_tickets_list":"[]","_tribe_ticket_has_attendee_info_fields":false,"_EventAllDay":false,"_EventTimezone":"","_EventStartDate":"","_EventEndDate":"","_EventStartDateUTC":"","_EventEndDateUTC":"","_EventShowMap":false,"_EventShowMapLink":false,"_EventURL":"","_EventCost":"","_EventCostDescription":"","_EventCurrencySymbol":"","_EventCurrencyCode":"","_EventCurrencyPosition":"","_EventDateTimeSeparator":"","_EventTimeRangeSeparator":"","_EventOrganizerID":[],"_EventVenueID":[],"_OrganizerEmail":"","_OrganizerPhone":"","_OrganizerWebsite":"","_VenueAddress":"","_VenueCity":"","_VenueCountry":"","_VenueProvince":"","_VenueState":"","_VenueZip":"","_VenuePhone":"","_VenueURL":"","_VenueStateProvince":"","_VenueLat":"","_VenueLng":"","_VenueShowMap":false,"_VenueShowMapLink":false,"footnotes":"","_tec_slr_enabled":"","_tec_slr_layout":""},"class_list":["post-606","page","type-page","status-publish","hentry"],"yoast_head":"<!-- This site is optimized with the Yoast SEO plugin v27.5 - https:\/\/yoast.com\/product\/yoast-seo-wordpress\/ -->\n<title>Investavimo pagrindai - INWEST<\/title>\n<meta name=\"description\" content=\"Investavimo pagrindai - pradedant investuoti, svarbu suprasti pagrindines investavimo taisykles ir susipa\u017einti su skirtingomis priemon\u0117mis.\" \/>\n<meta name=\"robots\" content=\"index, follow, max-snippet:-1, max-image-preview:large, max-video-preview:-1\" \/>\n<link rel=\"canonical\" href=\"https:\/\/inwest.lt\/en\/investavimo-pagrindai\/\" \/>\n<meta property=\"og:locale\" content=\"en_GB\" \/>\n<meta property=\"og:type\" content=\"article\" \/>\n<meta property=\"og:title\" content=\"Investavimo pagrindai - INWEST\" \/>\n<meta property=\"og:description\" content=\"Investavimo pagrindai - pradedant investuoti, svarbu suprasti pagrindines investavimo taisykles ir susipa\u017einti su skirtingomis priemon\u0117mis.\" \/>\n<meta property=\"og:url\" content=\"https:\/\/inwest.lt\/en\/investavimo-pagrindai\/\" \/>\n<meta property=\"og:site_name\" content=\"INWEST\" \/>\n<meta property=\"article:publisher\" content=\"https:\/\/www.facebook.com\/weinvestlt\" \/>\n<meta property=\"article:modified_time\" content=\"2024-06-04T08:30:28+00:00\" \/>\n<meta property=\"og:image\" content=\"https:\/\/inwest.lt\/wp-content\/uploads\/2023\/03\/144Z_2107.w013.n001.494B.p30.494-Converted-1-e1678834986899.png\" \/>\n<meta name=\"twitter:card\" content=\"summary_large_image\" \/>\n<meta name=\"twitter:label1\" content=\"Estimated reading time\" \/>\n\t<meta name=\"twitter:data1\" content=\"2 minutes\" \/>\n<script type=\"application\/ld+json\" class=\"yoast-schema-graph\">{\"@context\":\"https:\\\/\\\/schema.org\",\"@graph\":[{\"@type\":\"WebPage\",\"@id\":\"https:\\\/\\\/inwest.lt\\\/en\\\/investavimo-pagrindai\\\/\",\"url\":\"https:\\\/\\\/inwest.lt\\\/en\\\/investavimo-pagrindai\\\/\",\"name\":\"Investavimo pagrindai - INWEST\",\"isPartOf\":{\"@id\":\"https:\\\/\\\/inwest.lt\\\/#website\"},\"primaryImageOfPage\":{\"@id\":\"https:\\\/\\\/inwest.lt\\\/en\\\/investavimo-pagrindai\\\/#primaryimage\"},\"image\":{\"@id\":\"https:\\\/\\\/inwest.lt\\\/en\\\/investavimo-pagrindai\\\/#primaryimage\"},\"thumbnailUrl\":\"https:\\\/\\\/inwest.lt\\\/wp-content\\\/uploads\\\/2023\\\/03\\\/144Z_2107.w013.n001.494B.p30.494-Converted-1-e1678834986899.png\",\"datePublished\":\"2023-03-13T09:52:35+00:00\",\"dateModified\":\"2024-06-04T08:30:28+00:00\",\"description\":\"Investavimo pagrindai - pradedant investuoti, svarbu suprasti pagrindines investavimo taisykles ir susipa\u017einti su skirtingomis priemon\u0117mis.\",\"breadcrumb\":{\"@id\":\"https:\\\/\\\/inwest.lt\\\/en\\\/investavimo-pagrindai\\\/#breadcrumb\"},\"inLanguage\":\"en-GB\",\"potentialAction\":[{\"@type\":\"ReadAction\",\"target\":[\"https:\\\/\\\/inwest.lt\\\/en\\\/investavimo-pagrindai\\\/\"]}]},{\"@type\":\"ImageObject\",\"inLanguage\":\"en-GB\",\"@id\":\"https:\\\/\\\/inwest.lt\\\/en\\\/investavimo-pagrindai\\\/#primaryimage\",\"url\":\"https:\\\/\\\/inwest.lt\\\/wp-content\\\/uploads\\\/2023\\\/03\\\/144Z_2107.w013.n001.494B.p30.494-Converted-1-e1678834986899.png\",\"contentUrl\":\"https:\\\/\\\/inwest.lt\\\/wp-content\\\/uploads\\\/2023\\\/03\\\/144Z_2107.w013.n001.494B.p30.494-Converted-1-e1678834986899.png\"},{\"@type\":\"BreadcrumbList\",\"@id\":\"https:\\\/\\\/inwest.lt\\\/en\\\/investavimo-pagrindai\\\/#breadcrumb\",\"itemListElement\":[{\"@type\":\"ListItem\",\"position\":1,\"name\":\"Home\",\"item\":\"https:\\\/\\\/inwest.lt\\\/\"},{\"@type\":\"ListItem\",\"position\":2,\"name\":\"Investavimo pagrindai puslapis\"}]},{\"@type\":\"WebSite\",\"@id\":\"https:\\\/\\\/inwest.lt\\\/#website\",\"url\":\"https:\\\/\\\/inwest.lt\\\/\",\"name\":\"INWEST\",\"description\":\"TAVO INVESTAVIMO GIDAS\",\"publisher\":{\"@id\":\"https:\\\/\\\/inwest.lt\\\/#organization\"},\"alternateName\":\"INWEST - moter\u0173 investavimas\",\"potentialAction\":[{\"@type\":\"SearchAction\",\"target\":{\"@type\":\"EntryPoint\",\"urlTemplate\":\"https:\\\/\\\/inwest.lt\\\/?s={search_term_string}\"},\"query-input\":{\"@type\":\"PropertyValueSpecification\",\"valueRequired\":true,\"valueName\":\"search_term_string\"}}],\"inLanguage\":\"en-GB\"},{\"@type\":\"Organization\",\"@id\":\"https:\\\/\\\/inwest.lt\\\/#organization\",\"name\":\"INWEST\",\"url\":\"https:\\\/\\\/inwest.lt\\\/\",\"logo\":{\"@type\":\"ImageObject\",\"inLanguage\":\"en-GB\",\"@id\":\"https:\\\/\\\/inwest.lt\\\/#\\\/schema\\\/logo\\\/image\\\/\",\"url\":\"https:\\\/\\\/inwest.lt\\\/wp-content\\\/uploads\\\/2023\\\/03\\\/Dizainas-be-pavadinimo.png\",\"contentUrl\":\"https:\\\/\\\/inwest.lt\\\/wp-content\\\/uploads\\\/2023\\\/03\\\/Dizainas-be-pavadinimo.png\",\"width\":2304,\"height\":2304,\"caption\":\"INWEST\"},\"image\":{\"@id\":\"https:\\\/\\\/inwest.lt\\\/#\\\/schema\\\/logo\\\/image\\\/\"},\"sameAs\":[\"https:\\\/\\\/www.facebook.com\\\/weinvestlt\",\"https:\\\/\\\/www.instagram.com\\\/inwest___\\\/\",\"https:\\\/\\\/www.linkedin.com\\\/company\\\/winvestnow\\\/\"]}]}<\/script>\n<!-- \/ Yoast SEO plugin. -->","yoast_head_json":{"title":"Investavimo pagrindai - INWEST","description":"Investavimo pagrindai - pradedant investuoti, svarbu suprasti pagrindines investavimo taisykles ir susipa\u017einti su skirtingomis priemon\u0117mis.","robots":{"index":"index","follow":"follow","max-snippet":"max-snippet:-1","max-image-preview":"max-image-preview:large","max-video-preview":"max-video-preview:-1"},"canonical":"https:\/\/inwest.lt\/en\/investavimo-pagrindai\/","og_locale":"en_GB","og_type":"article","og_title":"Investavimo pagrindai - INWEST","og_description":"Investavimo pagrindai - pradedant investuoti, svarbu suprasti pagrindines investavimo taisykles ir susipa\u017einti su skirtingomis priemon\u0117mis.","og_url":"https:\/\/inwest.lt\/en\/investavimo-pagrindai\/","og_site_name":"INWEST","article_publisher":"https:\/\/www.facebook.com\/weinvestlt","article_modified_time":"2024-06-04T08:30:28+00:00","og_image":[{"url":"https:\/\/inwest.lt\/wp-content\/uploads\/2023\/03\/144Z_2107.w013.n001.494B.p30.494-Converted-1-e1678834986899.png","type":"","width":"","height":""}],"twitter_card":"summary_large_image","twitter_misc":{"Estimated reading time":"2 minutes"},"schema":{"@context":"https:\/\/schema.org","@graph":[{"@type":"WebPage","@id":"https:\/\/inwest.lt\/en\/investavimo-pagrindai\/","url":"https:\/\/inwest.lt\/en\/investavimo-pagrindai\/","name":"Investavimo pagrindai - INWEST","isPartOf":{"@id":"https:\/\/inwest.lt\/#website"},"primaryImageOfPage":{"@id":"https:\/\/inwest.lt\/en\/investavimo-pagrindai\/#primaryimage"},"image":{"@id":"https:\/\/inwest.lt\/en\/investavimo-pagrindai\/#primaryimage"},"thumbnailUrl":"https:\/\/inwest.lt\/wp-content\/uploads\/2023\/03\/144Z_2107.w013.n001.494B.p30.494-Converted-1-e1678834986899.png","datePublished":"2023-03-13T09:52:35+00:00","dateModified":"2024-06-04T08:30:28+00:00","description":"Investavimo pagrindai - pradedant investuoti, svarbu suprasti pagrindines investavimo taisykles ir susipa\u017einti su skirtingomis priemon\u0117mis.","breadcrumb":{"@id":"https:\/\/inwest.lt\/en\/investavimo-pagrindai\/#breadcrumb"},"inLanguage":"en-GB","potentialAction":[{"@type":"ReadAction","target":["https:\/\/inwest.lt\/en\/investavimo-pagrindai\/"]}]},{"@type":"ImageObject","inLanguage":"en-GB","@id":"https:\/\/inwest.lt\/en\/investavimo-pagrindai\/#primaryimage","url":"https:\/\/inwest.lt\/wp-content\/uploads\/2023\/03\/144Z_2107.w013.n001.494B.p30.494-Converted-1-e1678834986899.png","contentUrl":"https:\/\/inwest.lt\/wp-content\/uploads\/2023\/03\/144Z_2107.w013.n001.494B.p30.494-Converted-1-e1678834986899.png"},{"@type":"BreadcrumbList","@id":"https:\/\/inwest.lt\/en\/investavimo-pagrindai\/#breadcrumb","itemListElement":[{"@type":"ListItem","position":1,"name":"Home","item":"https:\/\/inwest.lt\/"},{"@type":"ListItem","position":2,"name":"Investavimo pagrindai puslapis"}]},{"@type":"WebSite","@id":"https:\/\/inwest.lt\/#website","url":"https:\/\/inwest.lt\/","name":"INWEST","description":"TAVO INVESTAVIMO GIDAS","publisher":{"@id":"https:\/\/inwest.lt\/#organization"},"alternateName":"INWEST - moter\u0173 investavimas","potentialAction":[{"@type":"SearchAction","target":{"@type":"EntryPoint","urlTemplate":"https:\/\/inwest.lt\/?s={search_term_string}"},"query-input":{"@type":"PropertyValueSpecification","valueRequired":true,"valueName":"search_term_string"}}],"inLanguage":"en-GB"},{"@type":"Organization","@id":"https:\/\/inwest.lt\/#organization","name":"INWEST","url":"https:\/\/inwest.lt\/","logo":{"@type":"ImageObject","inLanguage":"en-GB","@id":"https:\/\/inwest.lt\/#\/schema\/logo\/image\/","url":"https:\/\/inwest.lt\/wp-content\/uploads\/2023\/03\/Dizainas-be-pavadinimo.png","contentUrl":"https:\/\/inwest.lt\/wp-content\/uploads\/2023\/03\/Dizainas-be-pavadinimo.png","width":2304,"height":2304,"caption":"INWEST"},"image":{"@id":"https:\/\/inwest.lt\/#\/schema\/logo\/image\/"},"sameAs":["https:\/\/www.facebook.com\/weinvestlt","https:\/\/www.instagram.com\/inwest___\/","https:\/\/www.linkedin.com\/company\/winvestnow\/"]}]}},"jetpack_sharing_enabled":true,"ticketed":false,"_links":{"self":[{"href":"https:\/\/inwest.lt\/en\/wp-json\/wp\/v2\/pages\/606","targetHints":{"allow":["GET"]}}],"collection":[{"href":"https:\/\/inwest.lt\/en\/wp-json\/wp\/v2\/pages"}],"about":[{"href":"https:\/\/inwest.lt\/en\/wp-json\/wp\/v2\/types\/page"}],"author":[{"embeddable":true,"href":"https:\/\/inwest.lt\/en\/wp-json\/wp\/v2\/users\/1"}],"replies":[{"embeddable":true,"href":"https:\/\/inwest.lt\/en\/wp-json\/wp\/v2\/comments?post=606"}],"version-history":[{"count":50,"href":"https:\/\/inwest.lt\/en\/wp-json\/wp\/v2\/pages\/606\/revisions"}],"predecessor-version":[{"id":5653,"href":"https:\/\/inwest.lt\/en\/wp-json\/wp\/v2\/pages\/606\/revisions\/5653"}],"wp:attachment":[{"href":"https:\/\/inwest.lt\/en\/wp-json\/wp\/v2\/media?parent=606"}],"curies":[{"name":"wp","href":"https:\/\/api.w.org\/{rel}","templated":true}]}}