{"id":3484,"date":"2023-05-23T17:47:46","date_gmt":"2023-05-23T15:47:46","guid":{"rendered":"https:\/\/inwest.lt\/?page_id=3484"},"modified":"2026-01-24T01:15:04","modified_gmt":"2026-01-23T23:15:04","slug":"rinku-apzvalga","status":"publish","type":"page","link":"https:\/\/inwest.lt\/en\/investavimo-mokymai\/rinku-apzvalga\/","title":{"rendered":"Rink\u0173 ap\u017evalga"},"content":{"rendered":"Kaip sekasi pagrindin\u0117ms akcij\u0173 rinkos sektoriams 2025 m. pirm\u0105 ketvirt\u012f. Hermes prover\u017eis, Taiwan Semiconductors kompanijos pozityvi \u017einut\u0117 technologij\u0173 sektoriui, bet toliau Tesla persekiojantis neramumai. K\u0105 rodo baim\u0117s indeksas VIX ir kod\u0117l dabar geras metas investuoti \t\t<div class=\"woocommerce\">\n\t\t\t<div class=\"woocommerce-info wc-memberships-restriction-message wc-memberships-message wc-memberships-content-restricted-message\">\n\t\t\t\tJ\u016bs neturite leidimo per\u017ei\u016br\u0117ti &scaron;io turinio. Norint per\u017ei\u016br\u0117ti, reikia \u012fsigyti\r\n\r\n&lt;a href=&quot;https:\/\/inwest.lt\/produktas\/tobulek-investuodamas\/&quot; target=&quot;_blank&quot; rel=&quot;noopener&quot;&gt; &lt;strong&gt; Investavimo klubo &lt;\/strong&gt;&lt;\/a&gt; program\u0105.\t\t    <\/div>\n\t\t<\/div>","protected":false},"excerpt":{"rendered":"<p>Kaip sekasi pagrindin\u0117ms akcij\u0173 rinkos sektoriams 2025 m. pirm\u0105 ketvirt\u012f. Hermes prover\u017eis, Taiwan Semiconductors kompanijos pozityvi \u017einut\u0117 technologij\u0173 sektoriui, bet toliau Tesla persekiojantis neramumai. K\u0105 rodo baim\u0117s indeksas VIX ir [&hellip;]<\/p>\n","protected":false},"author":1,"featured_media":3038,"parent":3437,"menu_order":0,"comment_status":"closed","ping_status":"closed","template":"","meta":{"_price":"","_stock":"","_tribe_ticket_header":"","_tribe_default_ticket_provider":"","_tribe_ticket_capacity":"0","_ticket_start_date":"","_ticket_end_date":"","_tribe_ticket_show_description":"","_tribe_ticket_show_not_going":false,"_tribe_ticket_use_global_stock":"","_tribe_ticket_global_stock_level":"","_global_stock_mode":"","_global_stock_cap":"","_tribe_rsvp_for_event":"","_tribe_ticket_going_count":"","_tribe_ticket_not_going_count":"","_tribe_tickets_list":"[]","_tribe_ticket_has_attendee_info_fields":false,"_EventAllDay":false,"_EventTimezone":"","_EventStartDate":"","_EventEndDate":"","_EventStartDateUTC":"","_EventEndDateUTC":"","_EventShowMap":false,"_EventShowMapLink":false,"_EventURL":"","_EventCost":"","_EventCostDescription":"","_EventCurrencySymbol":"","_EventCurrencyCode":"","_EventCurrencyPosition":"","_EventDateTimeSeparator":"","_EventTimeRangeSeparator":"","_EventOrganizerID":[],"_EventVenueID":[],"_OrganizerEmail":"","_OrganizerPhone":"","_OrganizerWebsite":"","_VenueAddress":"","_VenueCity":"","_VenueCountry":"","_VenueProvince":"","_VenueState":"","_VenueZip":"","_VenuePhone":"","_VenueURL":"","_VenueStateProvince":"","_VenueLat":"","_VenueLng":"","_VenueShowMap":false,"_VenueShowMapLink":false,"footnotes":"","_tec_slr_enabled":"","_tec_slr_layout":""},"class_list":["post-3484","page","type-page","status-publish","has-post-thumbnail","hentry"],"yoast_head":"<!-- This site is optimized with the Yoast SEO plugin v27.4 - https:\/\/yoast.com\/product\/yoast-seo-wordpress\/ -->\n<title>Rink\u0173 ap\u017evalga - INWEST<\/title>\n<meta name=\"robots\" content=\"index, follow, max-snippet:-1, max-image-preview:large, max-video-preview:-1\" \/>\n<link rel=\"canonical\" href=\"https:\/\/inwest.lt\/en\/investavimo-mokymai\/rinku-apzvalga\/\" \/>\n<meta property=\"og:locale\" content=\"en_GB\" \/>\n<meta property=\"og:type\" content=\"article\" \/>\n<meta property=\"og:title\" content=\"Rink\u0173 ap\u017evalga - INWEST\" \/>\n<meta property=\"og:description\" content=\"Kaip sekasi pagrindin\u0117ms akcij\u0173 rinkos sektoriams 2025 m. pirm\u0105 ketvirt\u012f. Hermes prover\u017eis, Taiwan Semiconductors kompanijos pozityvi \u017einut\u0117 technologij\u0173 sektoriui, bet toliau Tesla persekiojantis neramumai. K\u0105 rodo baim\u0117s indeksas VIX ir [&hellip;]\" \/>\n<meta property=\"og:url\" content=\"https:\/\/inwest.lt\/en\/investavimo-mokymai\/rinku-apzvalga\/\" \/>\n<meta property=\"og:site_name\" content=\"INWEST\" \/>\n<meta property=\"article:publisher\" content=\"https:\/\/www.facebook.com\/weinvestlt\" \/>\n<meta property=\"article:modified_time\" content=\"2026-01-23T23:15:04+00:00\" \/>\n<meta property=\"og:image\" content=\"https:\/\/inwest.lt\/wp-content\/uploads\/2023\/04\/Screenshot_1.png\" \/>\n\t<meta property=\"og:image:width\" content=\"1009\" \/>\n\t<meta property=\"og:image:height\" content=\"567\" \/>\n\t<meta property=\"og:image:type\" content=\"image\/png\" \/>\n<meta name=\"twitter:card\" content=\"summary_large_image\" \/>\n<meta name=\"twitter:label1\" content=\"Estimated reading time\" \/>\n\t<meta name=\"twitter:data1\" content=\"5 minutes\" \/>\n<script type=\"application\/ld+json\" class=\"yoast-schema-graph\">{\"@context\":\"https:\\\/\\\/schema.org\",\"@graph\":[{\"@type\":\"WebPage\",\"@id\":\"https:\\\/\\\/inwest.lt\\\/investavimo-mokymai\\\/rinku-apzvalga\\\/\",\"url\":\"https:\\\/\\\/inwest.lt\\\/investavimo-mokymai\\\/rinku-apzvalga\\\/\",\"name\":\"Rink\u0173 ap\u017evalga - INWEST\",\"isPartOf\":{\"@id\":\"https:\\\/\\\/inwest.lt\\\/#website\"},\"primaryImageOfPage\":{\"@id\":\"https:\\\/\\\/inwest.lt\\\/investavimo-mokymai\\\/rinku-apzvalga\\\/#primaryimage\"},\"image\":{\"@id\":\"https:\\\/\\\/inwest.lt\\\/investavimo-mokymai\\\/rinku-apzvalga\\\/#primaryimage\"},\"thumbnailUrl\":\"https:\\\/\\\/inwest.lt\\\/wp-content\\\/uploads\\\/2023\\\/04\\\/Screenshot_1.png\",\"datePublished\":\"2023-05-23T15:47:46+00:00\",\"dateModified\":\"2026-01-23T23:15:04+00:00\",\"breadcrumb\":{\"@id\":\"https:\\\/\\\/inwest.lt\\\/investavimo-mokymai\\\/rinku-apzvalga\\\/#breadcrumb\"},\"inLanguage\":\"en-GB\",\"potentialAction\":[{\"@type\":\"ReadAction\",\"target\":[\"https:\\\/\\\/inwest.lt\\\/investavimo-mokymai\\\/rinku-apzvalga\\\/\"]}]},{\"@type\":\"ImageObject\",\"inLanguage\":\"en-GB\",\"@id\":\"https:\\\/\\\/inwest.lt\\\/investavimo-mokymai\\\/rinku-apzvalga\\\/#primaryimage\",\"url\":\"https:\\\/\\\/inwest.lt\\\/wp-content\\\/uploads\\\/2023\\\/04\\\/Screenshot_1.png\",\"contentUrl\":\"https:\\\/\\\/inwest.lt\\\/wp-content\\\/uploads\\\/2023\\\/04\\\/Screenshot_1.png\",\"width\":1009,\"height\":567},{\"@type\":\"BreadcrumbList\",\"@id\":\"https:\\\/\\\/inwest.lt\\\/investavimo-mokymai\\\/rinku-apzvalga\\\/#breadcrumb\",\"itemListElement\":[{\"@type\":\"ListItem\",\"position\":1,\"name\":\"Home\",\"item\":\"https:\\\/\\\/inwest.lt\\\/\"},{\"@type\":\"ListItem\",\"position\":2,\"name\":\"Kursai nariams\",\"item\":\"https:\\\/\\\/inwest.lt\\\/investavimo-mokymai\\\/\"},{\"@type\":\"ListItem\",\"position\":3,\"name\":\"Rink\u0173 ap\u017evalga\"}]},{\"@type\":\"WebSite\",\"@id\":\"https:\\\/\\\/inwest.lt\\\/#website\",\"url\":\"https:\\\/\\\/inwest.lt\\\/\",\"name\":\"INWEST\",\"description\":\"TAVO INVESTAVIMO GIDAS\",\"publisher\":{\"@id\":\"https:\\\/\\\/inwest.lt\\\/#organization\"},\"alternateName\":\"INWEST - moter\u0173 investavimas\",\"potentialAction\":[{\"@type\":\"SearchAction\",\"target\":{\"@type\":\"EntryPoint\",\"urlTemplate\":\"https:\\\/\\\/inwest.lt\\\/?s={search_term_string}\"},\"query-input\":{\"@type\":\"PropertyValueSpecification\",\"valueRequired\":true,\"valueName\":\"search_term_string\"}}],\"inLanguage\":\"en-GB\"},{\"@type\":\"Organization\",\"@id\":\"https:\\\/\\\/inwest.lt\\\/#organization\",\"name\":\"INWEST\",\"url\":\"https:\\\/\\\/inwest.lt\\\/\",\"logo\":{\"@type\":\"ImageObject\",\"inLanguage\":\"en-GB\",\"@id\":\"https:\\\/\\\/inwest.lt\\\/#\\\/schema\\\/logo\\\/image\\\/\",\"url\":\"https:\\\/\\\/inwest.lt\\\/wp-content\\\/uploads\\\/2023\\\/03\\\/Dizainas-be-pavadinimo.png\",\"contentUrl\":\"https:\\\/\\\/inwest.lt\\\/wp-content\\\/uploads\\\/2023\\\/03\\\/Dizainas-be-pavadinimo.png\",\"width\":2304,\"height\":2304,\"caption\":\"INWEST\"},\"image\":{\"@id\":\"https:\\\/\\\/inwest.lt\\\/#\\\/schema\\\/logo\\\/image\\\/\"},\"sameAs\":[\"https:\\\/\\\/www.facebook.com\\\/weinvestlt\",\"https:\\\/\\\/www.instagram.com\\\/inwest___\\\/\",\"https:\\\/\\\/www.linkedin.com\\\/company\\\/winvestnow\\\/\"]}]}<\/script>\n<!-- \/ Yoast SEO plugin. -->","yoast_head_json":{"title":"Rink\u0173 ap\u017evalga - INWEST","robots":{"index":"index","follow":"follow","max-snippet":"max-snippet:-1","max-image-preview":"max-image-preview:large","max-video-preview":"max-video-preview:-1"},"canonical":"https:\/\/inwest.lt\/en\/investavimo-mokymai\/rinku-apzvalga\/","og_locale":"en_GB","og_type":"article","og_title":"Rink\u0173 ap\u017evalga - INWEST","og_description":"Kaip sekasi pagrindin\u0117ms akcij\u0173 rinkos sektoriams 2025 m. pirm\u0105 ketvirt\u012f. Hermes prover\u017eis, Taiwan Semiconductors kompanijos pozityvi \u017einut\u0117 technologij\u0173 sektoriui, bet toliau Tesla persekiojantis neramumai. K\u0105 rodo baim\u0117s indeksas VIX ir [&hellip;]","og_url":"https:\/\/inwest.lt\/en\/investavimo-mokymai\/rinku-apzvalga\/","og_site_name":"INWEST","article_publisher":"https:\/\/www.facebook.com\/weinvestlt","article_modified_time":"2026-01-23T23:15:04+00:00","og_image":[{"width":1009,"height":567,"url":"https:\/\/inwest.lt\/wp-content\/uploads\/2023\/04\/Screenshot_1.png","type":"image\/png"}],"twitter_card":"summary_large_image","twitter_misc":{"Estimated reading time":"5 minutes"},"schema":{"@context":"https:\/\/schema.org","@graph":[{"@type":"WebPage","@id":"https:\/\/inwest.lt\/investavimo-mokymai\/rinku-apzvalga\/","url":"https:\/\/inwest.lt\/investavimo-mokymai\/rinku-apzvalga\/","name":"Rink\u0173 ap\u017evalga - INWEST","isPartOf":{"@id":"https:\/\/inwest.lt\/#website"},"primaryImageOfPage":{"@id":"https:\/\/inwest.lt\/investavimo-mokymai\/rinku-apzvalga\/#primaryimage"},"image":{"@id":"https:\/\/inwest.lt\/investavimo-mokymai\/rinku-apzvalga\/#primaryimage"},"thumbnailUrl":"https:\/\/inwest.lt\/wp-content\/uploads\/2023\/04\/Screenshot_1.png","datePublished":"2023-05-23T15:47:46+00:00","dateModified":"2026-01-23T23:15:04+00:00","breadcrumb":{"@id":"https:\/\/inwest.lt\/investavimo-mokymai\/rinku-apzvalga\/#breadcrumb"},"inLanguage":"en-GB","potentialAction":[{"@type":"ReadAction","target":["https:\/\/inwest.lt\/investavimo-mokymai\/rinku-apzvalga\/"]}]},{"@type":"ImageObject","inLanguage":"en-GB","@id":"https:\/\/inwest.lt\/investavimo-mokymai\/rinku-apzvalga\/#primaryimage","url":"https:\/\/inwest.lt\/wp-content\/uploads\/2023\/04\/Screenshot_1.png","contentUrl":"https:\/\/inwest.lt\/wp-content\/uploads\/2023\/04\/Screenshot_1.png","width":1009,"height":567},{"@type":"BreadcrumbList","@id":"https:\/\/inwest.lt\/investavimo-mokymai\/rinku-apzvalga\/#breadcrumb","itemListElement":[{"@type":"ListItem","position":1,"name":"Home","item":"https:\/\/inwest.lt\/"},{"@type":"ListItem","position":2,"name":"Kursai nariams","item":"https:\/\/inwest.lt\/investavimo-mokymai\/"},{"@type":"ListItem","position":3,"name":"Rink\u0173 ap\u017evalga"}]},{"@type":"WebSite","@id":"https:\/\/inwest.lt\/#website","url":"https:\/\/inwest.lt\/","name":"INWEST","description":"TAVO INVESTAVIMO GIDAS","publisher":{"@id":"https:\/\/inwest.lt\/#organization"},"alternateName":"INWEST - moter\u0173 investavimas","potentialAction":[{"@type":"SearchAction","target":{"@type":"EntryPoint","urlTemplate":"https:\/\/inwest.lt\/?s={search_term_string}"},"query-input":{"@type":"PropertyValueSpecification","valueRequired":true,"valueName":"search_term_string"}}],"inLanguage":"en-GB"},{"@type":"Organization","@id":"https:\/\/inwest.lt\/#organization","name":"INWEST","url":"https:\/\/inwest.lt\/","logo":{"@type":"ImageObject","inLanguage":"en-GB","@id":"https:\/\/inwest.lt\/#\/schema\/logo\/image\/","url":"https:\/\/inwest.lt\/wp-content\/uploads\/2023\/03\/Dizainas-be-pavadinimo.png","contentUrl":"https:\/\/inwest.lt\/wp-content\/uploads\/2023\/03\/Dizainas-be-pavadinimo.png","width":2304,"height":2304,"caption":"INWEST"},"image":{"@id":"https:\/\/inwest.lt\/#\/schema\/logo\/image\/"},"sameAs":["https:\/\/www.facebook.com\/weinvestlt","https:\/\/www.instagram.com\/inwest___\/","https:\/\/www.linkedin.com\/company\/winvestnow\/"]}]}},"jetpack_sharing_enabled":true,"ticketed":false,"_links":{"self":[{"href":"https:\/\/inwest.lt\/en\/wp-json\/wp\/v2\/pages\/3484","targetHints":{"allow":["GET"]}}],"collection":[{"href":"https:\/\/inwest.lt\/en\/wp-json\/wp\/v2\/pages"}],"about":[{"href":"https:\/\/inwest.lt\/en\/wp-json\/wp\/v2\/types\/page"}],"author":[{"embeddable":true,"href":"https:\/\/inwest.lt\/en\/wp-json\/wp\/v2\/users\/1"}],"replies":[{"embeddable":true,"href":"https:\/\/inwest.lt\/en\/wp-json\/wp\/v2\/comments?post=3484"}],"version-history":[{"count":22,"href":"https:\/\/inwest.lt\/en\/wp-json\/wp\/v2\/pages\/3484\/revisions"}],"predecessor-version":[{"id":14326,"href":"https:\/\/inwest.lt\/en\/wp-json\/wp\/v2\/pages\/3484\/revisions\/14326"}],"up":[{"embeddable":true,"href":"https:\/\/inwest.lt\/en\/wp-json\/wp\/v2\/pages\/3437"}],"wp:featuredmedia":[{"embeddable":true,"href":"https:\/\/inwest.lt\/en\/wp-json\/wp\/v2\/media\/3038"}],"wp:attachment":[{"href":"https:\/\/inwest.lt\/en\/wp-json\/wp\/v2\/media?parent=3484"}],"curies":[{"name":"wp","href":"https:\/\/api.w.org\/{rel}","templated":true}]}}