{"id":3439,"date":"2023-05-19T09:32:30","date_gmt":"2023-05-19T07:32:30","guid":{"rendered":"https:\/\/inwest.lt\/?page_id=3439"},"modified":"2026-01-25T01:32:05","modified_gmt":"2026-01-24T23:32:05","slug":"tinklalaide-su-sveciu","status":"publish","type":"page","link":"https:\/\/inwest.lt\/en\/investavimo-mokymai\/tinklalaide-su-sveciu\/","title":{"rendered":"Tinklalaid\u0117 su sve\u010diu"},"content":{"rendered":"Ada Jonu\u0161\u0117 \u2013 kriptovaliut\u0173 technologijos ekspert\u0117 ir Web3 verslinink\u0117, su kuria INWEST tinklalaid\u0117je aptariama: ar kriptovaliutos \u0161iais laikais yra investicija ar tik spekuliacija. Ji ai\u0161kiai atskiria potencial\u0105 nuo rizikos: nors kripto turi didel\u0117s gr\u0105\u017eos galimyb\u0119, jis labiau tinka spekuliavimui nei ilgalaikiam investavimui d\u0117l didelio nestabilumo. Tinklalaid\u0117 aktuali tiems, kurie nori suprasti kripto rinkos tendencijas, galimus u\u017edarbio mechanizmus bei rizikos valdymo priemones \u2013 Ada pateikia profesionali\u0105 nuomon\u0119 apie tai, kaip vertinti \u0161i\u0105 turto klas\u0119 atsakingai. \t\t<div class=\"woocommerce\">\n\t\t\t<div class=\"woocommerce-info wc-memberships-restriction-message wc-memberships-message wc-memberships-content-restricted-message\">\n\t\t\t\tNor\u0117dami pasiekti \u0161\u012f \u012fra\u0161\u0105, turite \u012fsigyti <span class=\"wc-memberships-products-grant-access\"><a href=\"https:\/\/inwest.lt\/en\/product\/investavimo-pagrindai\/\">Investavimo mokymai<\/a><\/span>.\t\t    <\/div>\n\t\t<\/div>","protected":false},"excerpt":{"rendered":"<p>Ada Jonu\u0161\u0117 \u2013 kriptovaliut\u0173 technologijos ekspert\u0117 ir Web3 verslinink\u0117, su kuria INWEST tinklalaid\u0117je aptariama: ar kriptovaliutos \u0161iais laikais yra investicija ar tik spekuliacija. Ji ai\u0161kiai atskiria potencial\u0105 nuo rizikos: nors kripto turi didel\u0117s gr\u0105\u017eos galimyb\u0119, jis labiau tinka spekuliavimui nei ilgalaikiam investavimui d\u0117l didelio nestabilumo. Tinklalaid\u0117 aktuali tiems, kurie nori suprasti kripto rinkos tendencijas, galimus [&hellip;] \t\t<\/p>\n<div class=\"woocommerce\">\n<div class=\"woocommerce-info wc-memberships-restriction-message wc-memberships-message wc-memberships-content-restricted-message\">\n\t\t\t\tJ\u016bs neturite leidimo per\u017ei\u016br\u0117ti \u0161io turinio. Norint per\u017ei\u016br\u0117ti, reikia \u012fsigyti<\/p>\n<p><a href=\"https:\/\/inwest.lt\/produktas\/investavimo-pagrindai\/\/\" target=\"_blank\" rel=\"noopener\"> <strong> Investavimo pagrindai program\u0105.\t\t    <\/div>\n<\/p><\/div>\n","protected":false},"author":1,"featured_media":0,"parent":3437,"menu_order":0,"comment_status":"closed","ping_status":"closed","template":"","meta":{"_price":"","_stock":"","_tribe_ticket_header":"","_tribe_default_ticket_provider":"","_tribe_ticket_capacity":"0","_ticket_start_date":"","_ticket_end_date":"","_tribe_ticket_show_description":"","_tribe_ticket_show_not_going":false,"_tribe_ticket_use_global_stock":"","_tribe_ticket_global_stock_level":"","_global_stock_mode":"","_global_stock_cap":"","_tribe_rsvp_for_event":"","_tribe_ticket_going_count":"","_tribe_ticket_not_going_count":"","_tribe_tickets_list":"[]","_tribe_ticket_has_attendee_info_fields":false,"_EventAllDay":false,"_EventTimezone":"","_EventStartDate":"","_EventEndDate":"","_EventStartDateUTC":"","_EventEndDateUTC":"","_EventShowMap":false,"_EventShowMapLink":false,"_EventURL":"","_EventCost":"","_EventCostDescription":"","_EventCurrencySymbol":"","_EventCurrencyCode":"","_EventCurrencyPosition":"","_EventDateTimeSeparator":"","_EventTimeRangeSeparator":"","_EventOrganizerID":[],"_EventVenueID":[],"_OrganizerEmail":"","_OrganizerPhone":"","_OrganizerWebsite":"","_VenueAddress":"","_VenueCity":"","_VenueCountry":"","_VenueProvince":"","_VenueState":"","_VenueZip":"","_VenuePhone":"","_VenueURL":"","_VenueStateProvince":"","_VenueLat":"","_VenueLng":"","_VenueShowMap":false,"_VenueShowMapLink":false,"footnotes":"","_tec_slr_enabled":"","_tec_slr_layout":""},"class_list":["post-3439","page","type-page","status-publish","hentry","membership-content","access-restricted"],"yoast_head":"<!-- This site is optimized with the Yoast SEO plugin v27.4 - https:\/\/yoast.com\/product\/yoast-seo-wordpress\/ -->\n<title>Tinklalaid\u0117 su sve\u010diu - INWEST<\/title>\n<meta name=\"description\" content=\"Tinklalaid\u0117 su sve\u010diu skirta aptarti investavim\u0105 i\u0161 \u012fvairi\u0173 kamp\u0173, susipa\u017einti su \u012fvairiais investavimo b\u016bdais, ekonomikos tendencijomis.\" \/>\n<meta name=\"robots\" content=\"index, follow, max-snippet:-1, max-image-preview:large, max-video-preview:-1\" \/>\n<link rel=\"canonical\" href=\"https:\/\/inwest.lt\/en\/investavimo-mokymai\/tinklalaide-su-sveciu\/\" \/>\n<meta property=\"og:locale\" content=\"en_GB\" \/>\n<meta property=\"og:type\" content=\"article\" \/>\n<meta property=\"og:title\" content=\"Tinklalaid\u0117 su sve\u010diu - INWEST\" \/>\n<meta property=\"og:description\" content=\"Tinklalaid\u0117 su sve\u010diu skirta aptarti investavim\u0105 i\u0161 \u012fvairi\u0173 kamp\u0173, susipa\u017einti su \u012fvairiais investavimo b\u016bdais, ekonomikos tendencijomis.\" \/>\n<meta property=\"og:url\" content=\"https:\/\/inwest.lt\/en\/investavimo-mokymai\/tinklalaide-su-sveciu\/\" \/>\n<meta property=\"og:site_name\" content=\"INWEST\" \/>\n<meta property=\"article:publisher\" content=\"https:\/\/www.facebook.com\/weinvestlt\" \/>\n<meta property=\"article:modified_time\" content=\"2026-01-24T23:32:05+00:00\" \/>\n<meta property=\"og:image\" content=\"https:\/\/inwest.lt\/wp-content\/uploads\/2023\/05\/348361116_803533921187842_5000340043251317359_n.png\" \/>\n\t<meta property=\"og:image:width\" content=\"1920\" \/>\n\t<meta property=\"og:image:height\" content=\"1080\" \/>\n\t<meta property=\"og:image:type\" content=\"image\/png\" \/>\n<meta name=\"twitter:card\" content=\"summary_large_image\" \/>\n<meta name=\"twitter:label1\" content=\"Estimated reading time\" \/>\n\t<meta name=\"twitter:data1\" content=\"3 minutes\" \/>\n<script type=\"application\/ld+json\" class=\"yoast-schema-graph\">{\"@context\":\"https:\\\/\\\/schema.org\",\"@graph\":[{\"@type\":\"WebPage\",\"@id\":\"https:\\\/\\\/inwest.lt\\\/investavimo-mokymai\\\/tinklalaide-su-sveciu\\\/\",\"url\":\"https:\\\/\\\/inwest.lt\\\/investavimo-mokymai\\\/tinklalaide-su-sveciu\\\/\",\"name\":\"Tinklalaid\u0117 su sve\u010diu - INWEST\",\"isPartOf\":{\"@id\":\"https:\\\/\\\/inwest.lt\\\/#website\"},\"primaryImageOfPage\":{\"@id\":\"https:\\\/\\\/inwest.lt\\\/investavimo-mokymai\\\/tinklalaide-su-sveciu\\\/#primaryimage\"},\"image\":{\"@id\":\"https:\\\/\\\/inwest.lt\\\/investavimo-mokymai\\\/tinklalaide-su-sveciu\\\/#primaryimage\"},\"thumbnailUrl\":\"https:\\\/\\\/inwest.lt\\\/wp-content\\\/uploads\\\/2023\\\/05\\\/348361116_803533921187842_5000340043251317359_n.png\",\"datePublished\":\"2023-05-19T07:32:30+00:00\",\"dateModified\":\"2026-01-24T23:32:05+00:00\",\"description\":\"Tinklalaid\u0117 su sve\u010diu skirta aptarti investavim\u0105 i\u0161 \u012fvairi\u0173 kamp\u0173, susipa\u017einti su \u012fvairiais investavimo b\u016bdais, ekonomikos tendencijomis.\",\"breadcrumb\":{\"@id\":\"https:\\\/\\\/inwest.lt\\\/investavimo-mokymai\\\/tinklalaide-su-sveciu\\\/#breadcrumb\"},\"inLanguage\":\"en-GB\",\"potentialAction\":[{\"@type\":\"ReadAction\",\"target\":[\"https:\\\/\\\/inwest.lt\\\/investavimo-mokymai\\\/tinklalaide-su-sveciu\\\/\"]}]},{\"@type\":\"ImageObject\",\"inLanguage\":\"en-GB\",\"@id\":\"https:\\\/\\\/inwest.lt\\\/investavimo-mokymai\\\/tinklalaide-su-sveciu\\\/#primaryimage\",\"url\":\"https:\\\/\\\/inwest.lt\\\/wp-content\\\/uploads\\\/2023\\\/05\\\/348361116_803533921187842_5000340043251317359_n.png\",\"contentUrl\":\"https:\\\/\\\/inwest.lt\\\/wp-content\\\/uploads\\\/2023\\\/05\\\/348361116_803533921187842_5000340043251317359_n.png\"},{\"@type\":\"BreadcrumbList\",\"@id\":\"https:\\\/\\\/inwest.lt\\\/investavimo-mokymai\\\/tinklalaide-su-sveciu\\\/#breadcrumb\",\"itemListElement\":[{\"@type\":\"ListItem\",\"position\":1,\"name\":\"Home\",\"item\":\"https:\\\/\\\/inwest.lt\\\/\"},{\"@type\":\"ListItem\",\"position\":2,\"name\":\"Kursai nariams\",\"item\":\"https:\\\/\\\/inwest.lt\\\/investavimo-mokymai\\\/\"},{\"@type\":\"ListItem\",\"position\":3,\"name\":\"Tinklalaid\u0117 su sve\u010diu\"}]},{\"@type\":\"WebSite\",\"@id\":\"https:\\\/\\\/inwest.lt\\\/#website\",\"url\":\"https:\\\/\\\/inwest.lt\\\/\",\"name\":\"INWEST\",\"description\":\"TAVO INVESTAVIMO GIDAS\",\"publisher\":{\"@id\":\"https:\\\/\\\/inwest.lt\\\/#organization\"},\"alternateName\":\"INWEST - moter\u0173 investavimas\",\"potentialAction\":[{\"@type\":\"SearchAction\",\"target\":{\"@type\":\"EntryPoint\",\"urlTemplate\":\"https:\\\/\\\/inwest.lt\\\/?s={search_term_string}\"},\"query-input\":{\"@type\":\"PropertyValueSpecification\",\"valueRequired\":true,\"valueName\":\"search_term_string\"}}],\"inLanguage\":\"en-GB\"},{\"@type\":\"Organization\",\"@id\":\"https:\\\/\\\/inwest.lt\\\/#organization\",\"name\":\"INWEST\",\"url\":\"https:\\\/\\\/inwest.lt\\\/\",\"logo\":{\"@type\":\"ImageObject\",\"inLanguage\":\"en-GB\",\"@id\":\"https:\\\/\\\/inwest.lt\\\/#\\\/schema\\\/logo\\\/image\\\/\",\"url\":\"https:\\\/\\\/inwest.lt\\\/wp-content\\\/uploads\\\/2023\\\/03\\\/Dizainas-be-pavadinimo.png\",\"contentUrl\":\"https:\\\/\\\/inwest.lt\\\/wp-content\\\/uploads\\\/2023\\\/03\\\/Dizainas-be-pavadinimo.png\",\"width\":2304,\"height\":2304,\"caption\":\"INWEST\"},\"image\":{\"@id\":\"https:\\\/\\\/inwest.lt\\\/#\\\/schema\\\/logo\\\/image\\\/\"},\"sameAs\":[\"https:\\\/\\\/www.facebook.com\\\/weinvestlt\",\"https:\\\/\\\/www.instagram.com\\\/inwest___\\\/\",\"https:\\\/\\\/www.linkedin.com\\\/company\\\/winvestnow\\\/\"]}]}<\/script>\n<!-- \/ Yoast SEO plugin. -->","yoast_head_json":{"title":"Tinklalaid\u0117 su sve\u010diu - INWEST","description":"Tinklalaid\u0117 su sve\u010diu skirta aptarti investavim\u0105 i\u0161 \u012fvairi\u0173 kamp\u0173, susipa\u017einti su \u012fvairiais investavimo b\u016bdais, ekonomikos tendencijomis.","robots":{"index":"index","follow":"follow","max-snippet":"max-snippet:-1","max-image-preview":"max-image-preview:large","max-video-preview":"max-video-preview:-1"},"canonical":"https:\/\/inwest.lt\/en\/investavimo-mokymai\/tinklalaide-su-sveciu\/","og_locale":"en_GB","og_type":"article","og_title":"Tinklalaid\u0117 su sve\u010diu - INWEST","og_description":"Tinklalaid\u0117 su sve\u010diu skirta aptarti investavim\u0105 i\u0161 \u012fvairi\u0173 kamp\u0173, susipa\u017einti su \u012fvairiais investavimo b\u016bdais, ekonomikos tendencijomis.","og_url":"https:\/\/inwest.lt\/en\/investavimo-mokymai\/tinklalaide-su-sveciu\/","og_site_name":"INWEST","article_publisher":"https:\/\/www.facebook.com\/weinvestlt","article_modified_time":"2026-01-24T23:32:05+00:00","og_image":[{"width":1920,"height":1080,"url":"https:\/\/inwest.lt\/wp-content\/uploads\/2023\/05\/348361116_803533921187842_5000340043251317359_n.png","type":"image\/png"}],"twitter_card":"summary_large_image","twitter_misc":{"Estimated reading time":"3 minutes"},"schema":{"@context":"https:\/\/schema.org","@graph":[{"@type":"WebPage","@id":"https:\/\/inwest.lt\/investavimo-mokymai\/tinklalaide-su-sveciu\/","url":"https:\/\/inwest.lt\/investavimo-mokymai\/tinklalaide-su-sveciu\/","name":"Tinklalaid\u0117 su sve\u010diu - INWEST","isPartOf":{"@id":"https:\/\/inwest.lt\/#website"},"primaryImageOfPage":{"@id":"https:\/\/inwest.lt\/investavimo-mokymai\/tinklalaide-su-sveciu\/#primaryimage"},"image":{"@id":"https:\/\/inwest.lt\/investavimo-mokymai\/tinklalaide-su-sveciu\/#primaryimage"},"thumbnailUrl":"https:\/\/inwest.lt\/wp-content\/uploads\/2023\/05\/348361116_803533921187842_5000340043251317359_n.png","datePublished":"2023-05-19T07:32:30+00:00","dateModified":"2026-01-24T23:32:05+00:00","description":"Tinklalaid\u0117 su sve\u010diu skirta aptarti investavim\u0105 i\u0161 \u012fvairi\u0173 kamp\u0173, susipa\u017einti su \u012fvairiais investavimo b\u016bdais, ekonomikos tendencijomis.","breadcrumb":{"@id":"https:\/\/inwest.lt\/investavimo-mokymai\/tinklalaide-su-sveciu\/#breadcrumb"},"inLanguage":"en-GB","potentialAction":[{"@type":"ReadAction","target":["https:\/\/inwest.lt\/investavimo-mokymai\/tinklalaide-su-sveciu\/"]}]},{"@type":"ImageObject","inLanguage":"en-GB","@id":"https:\/\/inwest.lt\/investavimo-mokymai\/tinklalaide-su-sveciu\/#primaryimage","url":"https:\/\/inwest.lt\/wp-content\/uploads\/2023\/05\/348361116_803533921187842_5000340043251317359_n.png","contentUrl":"https:\/\/inwest.lt\/wp-content\/uploads\/2023\/05\/348361116_803533921187842_5000340043251317359_n.png"},{"@type":"BreadcrumbList","@id":"https:\/\/inwest.lt\/investavimo-mokymai\/tinklalaide-su-sveciu\/#breadcrumb","itemListElement":[{"@type":"ListItem","position":1,"name":"Home","item":"https:\/\/inwest.lt\/"},{"@type":"ListItem","position":2,"name":"Kursai nariams","item":"https:\/\/inwest.lt\/investavimo-mokymai\/"},{"@type":"ListItem","position":3,"name":"Tinklalaid\u0117 su sve\u010diu"}]},{"@type":"WebSite","@id":"https:\/\/inwest.lt\/#website","url":"https:\/\/inwest.lt\/","name":"INWEST","description":"TAVO INVESTAVIMO GIDAS","publisher":{"@id":"https:\/\/inwest.lt\/#organization"},"alternateName":"INWEST - moter\u0173 investavimas","potentialAction":[{"@type":"SearchAction","target":{"@type":"EntryPoint","urlTemplate":"https:\/\/inwest.lt\/?s={search_term_string}"},"query-input":{"@type":"PropertyValueSpecification","valueRequired":true,"valueName":"search_term_string"}}],"inLanguage":"en-GB"},{"@type":"Organization","@id":"https:\/\/inwest.lt\/#organization","name":"INWEST","url":"https:\/\/inwest.lt\/","logo":{"@type":"ImageObject","inLanguage":"en-GB","@id":"https:\/\/inwest.lt\/#\/schema\/logo\/image\/","url":"https:\/\/inwest.lt\/wp-content\/uploads\/2023\/03\/Dizainas-be-pavadinimo.png","contentUrl":"https:\/\/inwest.lt\/wp-content\/uploads\/2023\/03\/Dizainas-be-pavadinimo.png","width":2304,"height":2304,"caption":"INWEST"},"image":{"@id":"https:\/\/inwest.lt\/#\/schema\/logo\/image\/"},"sameAs":["https:\/\/www.facebook.com\/weinvestlt","https:\/\/www.instagram.com\/inwest___\/","https:\/\/www.linkedin.com\/company\/winvestnow\/"]}]}},"jetpack_sharing_enabled":true,"ticketed":false,"_links":{"self":[{"href":"https:\/\/inwest.lt\/en\/wp-json\/wp\/v2\/pages\/3439","targetHints":{"allow":["GET"]}}],"collection":[{"href":"https:\/\/inwest.lt\/en\/wp-json\/wp\/v2\/pages"}],"about":[{"href":"https:\/\/inwest.lt\/en\/wp-json\/wp\/v2\/types\/page"}],"author":[{"embeddable":true,"href":"https:\/\/inwest.lt\/en\/wp-json\/wp\/v2\/users\/1"}],"replies":[{"embeddable":true,"href":"https:\/\/inwest.lt\/en\/wp-json\/wp\/v2\/comments?post=3439"}],"version-history":[{"count":34,"href":"https:\/\/inwest.lt\/en\/wp-json\/wp\/v2\/pages\/3439\/revisions"}],"predecessor-version":[{"id":14423,"href":"https:\/\/inwest.lt\/en\/wp-json\/wp\/v2\/pages\/3439\/revisions\/14423"}],"up":[{"embeddable":true,"href":"https:\/\/inwest.lt\/en\/wp-json\/wp\/v2\/pages\/3437"}],"wp:attachment":[{"href":"https:\/\/inwest.lt\/en\/wp-json\/wp\/v2\/media?parent=3439"}],"curies":[{"name":"wp","href":"https:\/\/api.w.org\/{rel}","templated":true}]}}