{"id":3316,"date":"2023-05-08T18:55:14","date_gmt":"2023-05-08T16:55:14","guid":{"rendered":"https:\/\/inwest.lt\/gift-card\/"},"modified":"2026-05-08T21:30:55","modified_gmt":"2026-05-08T19:30:55","slug":"dovanu-kuponai","status":"publish","type":"page","link":"https:\/\/inwest.lt\/en\/dovanu-kuponai\/","title":{"rendered":"Dovan\u0173 kuponai"},"content":{"rendered":"<div data-elementor-type=\"wp-page\" data-elementor-id=\"3316\" class=\"elementor elementor-3316\" data-elementor-post-type=\"page\">\n\t\t\t\t<div class=\"elementor-element elementor-element-89d8bb0 e-con-full e-flex e-con e-parent\" data-id=\"89d8bb0\" data-element_type=\"container\" data-e-type=\"container\">\n\t\t\t\t<div class=\"elementor-element elementor-element-97097a7 elementor-widget elementor-widget-heading\" data-id=\"97097a7\" data-element_type=\"widget\" data-e-type=\"widget\" data-widget_type=\"heading.default\">\n\t\t\t\t<div class=\"elementor-widget-container\">\n\t\t\t\t\t<h2 class=\"elementor-heading-title elementor-size-default\">Dovan\u0173 kuponai<\/h2>\t\t\t\t<\/div>\n\t\t\t\t<\/div>\n\t\t\t\t<div class=\"elementor-element elementor-element-4638200 elementor-widget elementor-widget-text-editor\" data-id=\"4638200\" data-element_type=\"widget\" data-e-type=\"widget\" data-widget_type=\"text-editor.default\">\n\t\t\t\t<div class=\"elementor-widget-container\">\n\t\t\t\t\t\t\t\t\t<p data-start=\"0\" data-end=\"153\">Suteikite savo artimajam galimyb\u0119 prisijungti prie investuotoj\u0173 bendruomen\u0117s ir prad\u0117ti savo kelion\u0119 link saugios ateities jau dabar.<\/p>\t\t\t\t\t\t\t\t<\/div>\n\t\t\t\t<\/div>\n\t\t\t\t<\/div>\n\t\t<div class=\"elementor-element elementor-element-9401eb5 e-flex e-con-boxed e-con e-parent\" data-id=\"9401eb5\" data-element_type=\"container\" data-e-type=\"container\">\n\t\t\t\t\t<div class=\"e-con-inner\">\n\t\t<div class=\"elementor-element elementor-element-40f0faf e-con-full e-flex e-con e-child\" data-id=\"40f0faf\" data-element_type=\"container\" data-e-type=\"container\">\n\t\t\t\t<div class=\"elementor-element elementor-element-5a8a54a elementor-widget elementor-widget-image\" data-id=\"5a8a54a\" data-element_type=\"widget\" data-e-type=\"widget\" data-widget_type=\"image.default\">\n\t\t\t\t<div class=\"elementor-widget-container\">\n\t\t\t\t\t\t\t\t\t\t\t\t\t\t\t\t<a href=\"https:\/\/inwest.lt\/produktas\/investavimo-kursas-pagal-pasirinkima\/\">\n\t\t\t\t\t\t\t<img fetchpriority=\"high\" decoding=\"async\" width=\"546\" height=\"630\" src=\"https:\/\/inwest.lt\/wp-content\/uploads\/2026\/01\/Group-434-1-1.png\" class=\"attachment-full size-full wp-image-14076\" alt=\"\" srcset=\"https:\/\/inwest.lt\/wp-content\/uploads\/2026\/01\/Group-434-1-1.png 546w, https:\/\/inwest.lt\/wp-content\/uploads\/2026\/01\/Group-434-1-1-260x300.png 260w, https:\/\/inwest.lt\/wp-content\/uploads\/2026\/01\/Group-434-1-1-10x12.png 10w\" sizes=\"(max-width: 546px) 100vw, 546px\" \/>\t\t\t\t\t\t\t\t<\/a>\n\t\t\t\t\t\t\t\t\t\t\t\t\t\t\t<\/div>\n\t\t\t\t<\/div>\n\t\t\t\t<\/div>\n\t\t<div class=\"elementor-element elementor-element-798c875 e-con-full e-flex e-con e-child\" data-id=\"798c875\" data-element_type=\"container\" data-e-type=\"container\">\n\t\t\t\t<div class=\"elementor-element elementor-element-924742e elementor-widget elementor-widget-image\" data-id=\"924742e\" data-element_type=\"widget\" data-e-type=\"widget\" data-widget_type=\"image.default\">\n\t\t\t\t<div class=\"elementor-widget-container\">\n\t\t\t\t\t\t\t\t\t\t\t\t\t\t\t\t<a href=\"https:\/\/inwest.lt\/produktas\/dovanu-kuponas-individuali-investavimo-konsultacija\/\">\n\t\t\t\t\t\t\t<img decoding=\"async\" width=\"550\" height=\"630\" src=\"https:\/\/inwest.lt\/wp-content\/uploads\/2026\/01\/Group-435-1.png\" class=\"attachment-full size-full wp-image-14075\" alt=\"\" srcset=\"https:\/\/inwest.lt\/wp-content\/uploads\/2026\/01\/Group-435-1.png 550w, https:\/\/inwest.lt\/wp-content\/uploads\/2026\/01\/Group-435-1-262x300.png 262w, https:\/\/inwest.lt\/wp-content\/uploads\/2026\/01\/Group-435-1-10x12.png 10w\" sizes=\"(max-width: 550px) 100vw, 550px\" \/>\t\t\t\t\t\t\t\t<\/a>\n\t\t\t\t\t\t\t\t\t\t\t\t\t\t\t<\/div>\n\t\t\t\t<\/div>\n\t\t\t\t<\/div>\n\t\t\t\t\t<\/div>\n\t\t\t\t<\/div>\n\t\t<div class=\"elementor-element elementor-element-ac0f2c9 e-flex e-con-boxed e-con e-parent\" data-id=\"ac0f2c9\" data-element_type=\"container\" data-e-type=\"container\">\n\t\t\t\t\t<div class=\"e-con-inner\">\n\t\t<div class=\"elementor-element elementor-element-3a66f9e e-con-full e-flex e-con e-child\" data-id=\"3a66f9e\" data-element_type=\"container\" data-e-type=\"container\">\n\t\t\t\t<div class=\"elementor-element elementor-element-c98ef8b elementor-widget elementor-widget-image\" data-id=\"c98ef8b\" data-element_type=\"widget\" data-e-type=\"widget\" data-widget_type=\"image.default\">\n\t\t\t\t<div class=\"elementor-widget-container\">\n\t\t\t\t\t\t\t\t\t\t\t\t\t\t\t\t<a href=\"https:\/\/inwest.lt\/produktas\/dovanu-kuponas-bendruomenes-pietums\">\n\t\t\t\t\t\t\t<img decoding=\"async\" width=\"546\" height=\"630\" src=\"https:\/\/inwest.lt\/wp-content\/uploads\/2026\/01\/Group-436-1.png\" class=\"attachment-full size-full wp-image-14074\" alt=\"\" srcset=\"https:\/\/inwest.lt\/wp-content\/uploads\/2026\/01\/Group-436-1.png 546w, https:\/\/inwest.lt\/wp-content\/uploads\/2026\/01\/Group-436-1-260x300.png 260w, https:\/\/inwest.lt\/wp-content\/uploads\/2026\/01\/Group-436-1-10x12.png 10w\" sizes=\"(max-width: 546px) 100vw, 546px\" \/>\t\t\t\t\t\t\t\t<\/a>\n\t\t\t\t\t\t\t\t\t\t\t\t\t\t\t<\/div>\n\t\t\t\t<\/div>\n\t\t\t\t<\/div>\n\t\t<div class=\"elementor-element elementor-element-56bb2d4 e-con-full e-flex e-con e-child\" data-id=\"56bb2d4\" data-element_type=\"container\" data-e-type=\"container\">\n\t\t\t\t<div class=\"elementor-element elementor-element-268679f elementor-widget elementor-widget-image\" data-id=\"268679f\" data-element_type=\"widget\" data-e-type=\"widget\" data-widget_type=\"image.default\">\n\t\t\t\t<div class=\"elementor-widget-container\">\n\t\t\t\t\t\t\t\t\t\t\t\t\t\t\t\t<a href=\"https:\/\/inwest.lt\/produktas\/investicine-dovana\">\n\t\t\t\t\t\t\t<img loading=\"lazy\" decoding=\"async\" width=\"550\" height=\"583\" src=\"https:\/\/inwest.lt\/wp-content\/uploads\/2024\/10\/Group-441.png\" class=\"attachment-full size-full wp-image-17139\" alt=\"\" srcset=\"https:\/\/inwest.lt\/wp-content\/uploads\/2024\/10\/Group-441.png 550w, https:\/\/inwest.lt\/wp-content\/uploads\/2024\/10\/Group-441-283x300.png 283w, https:\/\/inwest.lt\/wp-content\/uploads\/2024\/10\/Group-441-11x12.png 11w\" sizes=\"(max-width: 550px) 100vw, 550px\" \/>\t\t\t\t\t\t\t\t<\/a>\n\t\t\t\t\t\t\t\t\t\t\t\t\t\t\t<\/div>\n\t\t\t\t<\/div>\n\t\t\t\t<\/div>\n\t\t\t\t\t<\/div>\n\t\t\t\t<\/div>\n\t\t\t\t<\/div>","protected":false},"excerpt":{"rendered":"<p>Dovan\u0173 kuponai Suteikite savo artimajam galimyb\u0119 prisijungti prie investuotoj\u0173 bendruomen\u0117s ir prad\u0117ti savo kelion\u0119 link saugios ateities jau dabar.<\/p>","protected":false},"author":1,"featured_media":0,"parent":0,"menu_order":0,"comment_status":"closed","ping_status":"closed","template":"","meta":{"_price":"","_stock":"","_tribe_ticket_header":"","_tribe_default_ticket_provider":"","_tribe_ticket_capacity":"0","_ticket_start_date":"","_ticket_end_date":"","_tribe_ticket_show_description":"","_tribe_ticket_show_not_going":false,"_tribe_ticket_use_global_stock":"","_tribe_ticket_global_stock_level":"","_global_stock_mode":"","_global_stock_cap":"","_tribe_rsvp_for_event":"","_tribe_ticket_going_count":"","_tribe_ticket_not_going_count":"","_tribe_tickets_list":"[]","_tribe_ticket_has_attendee_info_fields":false,"_EventAllDay":false,"_EventTimezone":"","_EventStartDate":"","_EventEndDate":"","_EventStartDateUTC":"","_EventEndDateUTC":"","_EventShowMap":false,"_EventShowMapLink":false,"_EventURL":"","_EventCost":"","_EventCostDescription":"","_EventCurrencySymbol":"","_EventCurrencyCode":"","_EventCurrencyPosition":"","_EventDateTimeSeparator":"","_EventTimeRangeSeparator":"","_EventOrganizerID":[],"_EventVenueID":[],"_OrganizerEmail":"","_OrganizerPhone":"","_OrganizerWebsite":"","_VenueAddress":"","_VenueCity":"","_VenueCountry":"","_VenueProvince":"","_VenueState":"","_VenueZip":"","_VenuePhone":"","_VenueURL":"","_VenueStateProvince":"","_VenueLat":"","_VenueLng":"","_VenueShowMap":false,"_VenueShowMapLink":false,"footnotes":"","_tec_slr_enabled":"","_tec_slr_layout":""},"class_list":["post-3316","page","type-page","status-publish","hentry"],"yoast_head":"<!-- This site is optimized with the Yoast SEO plugin v27.5 - https:\/\/yoast.com\/product\/yoast-seo-wordpress\/ -->\n<title>Dovan\u0173 kuponai - INWEST<\/title>\n<meta name=\"description\" content=\"Padovanok finansin\u0119 laisv\u0119 sau ar savo artimajam. INWEST produkt\u0173 kuponai puikus b\u016bdas prad\u0117ti investuoti ar tobulinti \u017einias.\" \/>\n<meta name=\"robots\" content=\"index, follow, max-snippet:-1, max-image-preview:large, max-video-preview:-1\" \/>\n<link rel=\"canonical\" href=\"https:\/\/inwest.lt\/en\/dovanu-kuponai\/\" \/>\n<meta property=\"og:locale\" content=\"en_GB\" \/>\n<meta property=\"og:type\" content=\"article\" \/>\n<meta property=\"og:title\" content=\"Dovan\u0173 kuponai - INWEST\" \/>\n<meta property=\"og:description\" content=\"Padovanok finansin\u0119 laisv\u0119 sau ar savo artimajam. INWEST produkt\u0173 kuponai puikus b\u016bdas prad\u0117ti investuoti ar tobulinti \u017einias.\" \/>\n<meta property=\"og:url\" content=\"https:\/\/inwest.lt\/en\/dovanu-kuponai\/\" \/>\n<meta property=\"og:site_name\" content=\"INWEST\" \/>\n<meta property=\"article:publisher\" content=\"https:\/\/www.facebook.com\/weinvestlt\" \/>\n<meta property=\"article:modified_time\" content=\"2026-05-08T19:30:55+00:00\" \/>\n<meta property=\"og:image\" content=\"https:\/\/inwest.lt\/wp-content\/uploads\/2026\/01\/Group-434-1-1.png\" \/>\n\t<meta property=\"og:image:width\" content=\"546\" \/>\n\t<meta property=\"og:image:height\" content=\"630\" \/>\n\t<meta property=\"og:image:type\" content=\"image\/png\" \/>\n<meta name=\"twitter:card\" content=\"summary_large_image\" \/>\n<meta name=\"twitter:label1\" content=\"Estimated reading time\" \/>\n\t<meta name=\"twitter:data1\" content=\"1 minute\" \/>\n<script type=\"application\/ld+json\" class=\"yoast-schema-graph\">{\"@context\":\"https:\\\/\\\/schema.org\",\"@graph\":[{\"@type\":\"WebPage\",\"@id\":\"https:\\\/\\\/inwest.lt\\\/dovanu-kuponai\\\/\",\"url\":\"https:\\\/\\\/inwest.lt\\\/dovanu-kuponai\\\/\",\"name\":\"Dovan\u0173 kuponai - INWEST\",\"isPartOf\":{\"@id\":\"https:\\\/\\\/inwest.lt\\\/#website\"},\"primaryImageOfPage\":{\"@id\":\"https:\\\/\\\/inwest.lt\\\/dovanu-kuponai\\\/#primaryimage\"},\"image\":{\"@id\":\"https:\\\/\\\/inwest.lt\\\/dovanu-kuponai\\\/#primaryimage\"},\"thumbnailUrl\":\"https:\\\/\\\/inwest.lt\\\/wp-content\\\/uploads\\\/2026\\\/01\\\/Group-434-1-1.png\",\"datePublished\":\"2023-05-08T16:55:14+00:00\",\"dateModified\":\"2026-05-08T19:30:55+00:00\",\"description\":\"Padovanok finansin\u0119 laisv\u0119 sau ar savo artimajam. INWEST produkt\u0173 kuponai puikus b\u016bdas prad\u0117ti investuoti ar tobulinti \u017einias.\",\"breadcrumb\":{\"@id\":\"https:\\\/\\\/inwest.lt\\\/dovanu-kuponai\\\/#breadcrumb\"},\"inLanguage\":\"en-GB\",\"potentialAction\":[{\"@type\":\"ReadAction\",\"target\":[\"https:\\\/\\\/inwest.lt\\\/dovanu-kuponai\\\/\"]}]},{\"@type\":\"ImageObject\",\"inLanguage\":\"en-GB\",\"@id\":\"https:\\\/\\\/inwest.lt\\\/dovanu-kuponai\\\/#primaryimage\",\"url\":\"https:\\\/\\\/inwest.lt\\\/wp-content\\\/uploads\\\/2026\\\/01\\\/Group-434-1-1.png\",\"contentUrl\":\"https:\\\/\\\/inwest.lt\\\/wp-content\\\/uploads\\\/2026\\\/01\\\/Group-434-1-1.png\"},{\"@type\":\"BreadcrumbList\",\"@id\":\"https:\\\/\\\/inwest.lt\\\/dovanu-kuponai\\\/#breadcrumb\",\"itemListElement\":[{\"@type\":\"ListItem\",\"position\":1,\"name\":\"Home\",\"item\":\"https:\\\/\\\/inwest.lt\\\/\"},{\"@type\":\"ListItem\",\"position\":2,\"name\":\"Dovan\u0173 kuponai\"}]},{\"@type\":\"WebSite\",\"@id\":\"https:\\\/\\\/inwest.lt\\\/#website\",\"url\":\"https:\\\/\\\/inwest.lt\\\/\",\"name\":\"INWEST\",\"description\":\"TAVO INVESTAVIMO GIDAS\",\"publisher\":{\"@id\":\"https:\\\/\\\/inwest.lt\\\/#organization\"},\"alternateName\":\"INWEST - moter\u0173 investavimas\",\"potentialAction\":[{\"@type\":\"SearchAction\",\"target\":{\"@type\":\"EntryPoint\",\"urlTemplate\":\"https:\\\/\\\/inwest.lt\\\/?s={search_term_string}\"},\"query-input\":{\"@type\":\"PropertyValueSpecification\",\"valueRequired\":true,\"valueName\":\"search_term_string\"}}],\"inLanguage\":\"en-GB\"},{\"@type\":\"Organization\",\"@id\":\"https:\\\/\\\/inwest.lt\\\/#organization\",\"name\":\"INWEST\",\"url\":\"https:\\\/\\\/inwest.lt\\\/\",\"logo\":{\"@type\":\"ImageObject\",\"inLanguage\":\"en-GB\",\"@id\":\"https:\\\/\\\/inwest.lt\\\/#\\\/schema\\\/logo\\\/image\\\/\",\"url\":\"https:\\\/\\\/inwest.lt\\\/wp-content\\\/uploads\\\/2023\\\/03\\\/Dizainas-be-pavadinimo.png\",\"contentUrl\":\"https:\\\/\\\/inwest.lt\\\/wp-content\\\/uploads\\\/2023\\\/03\\\/Dizainas-be-pavadinimo.png\",\"width\":2304,\"height\":2304,\"caption\":\"INWEST\"},\"image\":{\"@id\":\"https:\\\/\\\/inwest.lt\\\/#\\\/schema\\\/logo\\\/image\\\/\"},\"sameAs\":[\"https:\\\/\\\/www.facebook.com\\\/weinvestlt\",\"https:\\\/\\\/www.instagram.com\\\/inwest___\\\/\",\"https:\\\/\\\/www.linkedin.com\\\/company\\\/winvestnow\\\/\"]}]}<\/script>\n<!-- \/ Yoast SEO plugin. -->","yoast_head_json":{"title":"Dovan\u0173 kuponai - INWEST","description":"Padovanok finansin\u0119 laisv\u0119 sau ar savo artimajam. INWEST produkt\u0173 kuponai puikus b\u016bdas prad\u0117ti investuoti ar tobulinti \u017einias.","robots":{"index":"index","follow":"follow","max-snippet":"max-snippet:-1","max-image-preview":"max-image-preview:large","max-video-preview":"max-video-preview:-1"},"canonical":"https:\/\/inwest.lt\/en\/dovanu-kuponai\/","og_locale":"en_GB","og_type":"article","og_title":"Dovan\u0173 kuponai - INWEST","og_description":"Padovanok finansin\u0119 laisv\u0119 sau ar savo artimajam. INWEST produkt\u0173 kuponai puikus b\u016bdas prad\u0117ti investuoti ar tobulinti \u017einias.","og_url":"https:\/\/inwest.lt\/en\/dovanu-kuponai\/","og_site_name":"INWEST","article_publisher":"https:\/\/www.facebook.com\/weinvestlt","article_modified_time":"2026-05-08T19:30:55+00:00","og_image":[{"width":546,"height":630,"url":"https:\/\/inwest.lt\/wp-content\/uploads\/2026\/01\/Group-434-1-1.png","type":"image\/png"}],"twitter_card":"summary_large_image","twitter_misc":{"Estimated reading time":"1 minute"},"schema":{"@context":"https:\/\/schema.org","@graph":[{"@type":"WebPage","@id":"https:\/\/inwest.lt\/dovanu-kuponai\/","url":"https:\/\/inwest.lt\/dovanu-kuponai\/","name":"Dovan\u0173 kuponai - INWEST","isPartOf":{"@id":"https:\/\/inwest.lt\/#website"},"primaryImageOfPage":{"@id":"https:\/\/inwest.lt\/dovanu-kuponai\/#primaryimage"},"image":{"@id":"https:\/\/inwest.lt\/dovanu-kuponai\/#primaryimage"},"thumbnailUrl":"https:\/\/inwest.lt\/wp-content\/uploads\/2026\/01\/Group-434-1-1.png","datePublished":"2023-05-08T16:55:14+00:00","dateModified":"2026-05-08T19:30:55+00:00","description":"Padovanok finansin\u0119 laisv\u0119 sau ar savo artimajam. INWEST produkt\u0173 kuponai puikus b\u016bdas prad\u0117ti investuoti ar tobulinti \u017einias.","breadcrumb":{"@id":"https:\/\/inwest.lt\/dovanu-kuponai\/#breadcrumb"},"inLanguage":"en-GB","potentialAction":[{"@type":"ReadAction","target":["https:\/\/inwest.lt\/dovanu-kuponai\/"]}]},{"@type":"ImageObject","inLanguage":"en-GB","@id":"https:\/\/inwest.lt\/dovanu-kuponai\/#primaryimage","url":"https:\/\/inwest.lt\/wp-content\/uploads\/2026\/01\/Group-434-1-1.png","contentUrl":"https:\/\/inwest.lt\/wp-content\/uploads\/2026\/01\/Group-434-1-1.png"},{"@type":"BreadcrumbList","@id":"https:\/\/inwest.lt\/dovanu-kuponai\/#breadcrumb","itemListElement":[{"@type":"ListItem","position":1,"name":"Home","item":"https:\/\/inwest.lt\/"},{"@type":"ListItem","position":2,"name":"Dovan\u0173 kuponai"}]},{"@type":"WebSite","@id":"https:\/\/inwest.lt\/#website","url":"https:\/\/inwest.lt\/","name":"INWEST","description":"TAVO INVESTAVIMO GIDAS","publisher":{"@id":"https:\/\/inwest.lt\/#organization"},"alternateName":"INWEST - moter\u0173 investavimas","potentialAction":[{"@type":"SearchAction","target":{"@type":"EntryPoint","urlTemplate":"https:\/\/inwest.lt\/?s={search_term_string}"},"query-input":{"@type":"PropertyValueSpecification","valueRequired":true,"valueName":"search_term_string"}}],"inLanguage":"en-GB"},{"@type":"Organization","@id":"https:\/\/inwest.lt\/#organization","name":"INWEST","url":"https:\/\/inwest.lt\/","logo":{"@type":"ImageObject","inLanguage":"en-GB","@id":"https:\/\/inwest.lt\/#\/schema\/logo\/image\/","url":"https:\/\/inwest.lt\/wp-content\/uploads\/2023\/03\/Dizainas-be-pavadinimo.png","contentUrl":"https:\/\/inwest.lt\/wp-content\/uploads\/2023\/03\/Dizainas-be-pavadinimo.png","width":2304,"height":2304,"caption":"INWEST"},"image":{"@id":"https:\/\/inwest.lt\/#\/schema\/logo\/image\/"},"sameAs":["https:\/\/www.facebook.com\/weinvestlt","https:\/\/www.instagram.com\/inwest___\/","https:\/\/www.linkedin.com\/company\/winvestnow\/"]}]}},"ticketed":false,"_links":{"self":[{"href":"https:\/\/inwest.lt\/en\/wp-json\/wp\/v2\/pages\/3316","targetHints":{"allow":["GET"]}}],"collection":[{"href":"https:\/\/inwest.lt\/en\/wp-json\/wp\/v2\/pages"}],"about":[{"href":"https:\/\/inwest.lt\/en\/wp-json\/wp\/v2\/types\/page"}],"author":[{"embeddable":true,"href":"https:\/\/inwest.lt\/en\/wp-json\/wp\/v2\/users\/1"}],"replies":[{"embeddable":true,"href":"https:\/\/inwest.lt\/en\/wp-json\/wp\/v2\/comments?post=3316"}],"version-history":[{"count":118,"href":"https:\/\/inwest.lt\/en\/wp-json\/wp\/v2\/pages\/3316\/revisions"}],"predecessor-version":[{"id":17142,"href":"https:\/\/inwest.lt\/en\/wp-json\/wp\/v2\/pages\/3316\/revisions\/17142"}],"wp:attachment":[{"href":"https:\/\/inwest.lt\/en\/wp-json\/wp\/v2\/media?parent=3316"}],"curies":[{"name":"wp","href":"https:\/\/api.w.org\/{rel}","templated":true}]}}