{"id":2701,"date":"2023-04-01T12:33:24","date_gmt":"2023-04-01T10:33:24","guid":{"rendered":"https:\/\/inwest.lt\/?page_id=2701"},"modified":"2026-01-24T01:17:57","modified_gmt":"2026-01-23T23:17:57","slug":"investuoti-paprasta","status":"publish","type":"page","link":"https:\/\/inwest.lt\/en\/investuoti-paprasta\/","title":{"rendered":"Rubrika \u201eInvestuoti paprasta\u201d"},"content":{"rendered":"Pasidaviau visuotinei ro\u017einei euforijai.\u00a0 Pastarosiomis savait\u0117mis vertybini\u0173 popieri\u0173 bir\u017ea da\u017eniau raudonavo, nei \u017ealiavo, tad pradedan\u010diajam investuotojui akcij\u0173 vert\u0117s kritimas tur\u0117jo sukelti nema\u017eai streso. Vien mano praeit\u0105 m\u0117nes\u012f pirkta Volkswagen akcija per m\u0117nes\u012f nuva\u017eiavo nuo 122 iki beveik 115 eur\u0173 traukiantis Vokietijos ekonomikai ir prast\u0117jant jos kompanij\u0173 perspektyvoms. Bet dalyvaujant akcij\u0173 rinkoje reikia i\u0161mokti ramiai reaguoti [&hellip;] \t\t<div class=\"woocommerce\">\n\t\t\t<div class=\"woocommerce-info wc-memberships-restriction-message wc-memberships-message wc-memberships-content-restricted-message\">\n\t\t\t\tNor\u0117dami pasiekti \u0161\u012f \u012fra\u0161\u0105, turite \u012fsigyti <span class=\"wc-memberships-products-grant-access\"><a href=\"https:\/\/inwest.lt\/en\/product\/inwest-klubas-pratesimas\/\">INWEST klubas (prat\u0119simas)<\/a> or <a href=\"https:\/\/inwest.lt\/en\/product\/prisijunkite-prie-inwest-klubo\/\">INWEST klubas<\/a><\/span>.\t\t    <\/div>\n\t\t<\/div>\n\t\t","protected":false},"excerpt":{"rendered":"<p>Pasidaviau visuotinei ro\u017einei euforijai.\u00a0 Pastarosiomis savait\u0117mis vertybini\u0173 popieri\u0173 bir\u017ea da\u017eniau raudonavo, nei \u017ealiavo, tad pradedan\u010diajam investuotojui akcij\u0173 vert\u0117s kritimas tur\u0117jo sukelti nema\u017eai streso. Vien mano praeit\u0105 m\u0117nes\u012f pirkta Volkswagen akcija [&hellip;]<\/p>\n","protected":false},"author":1,"featured_media":0,"parent":0,"menu_order":0,"comment_status":"closed","ping_status":"closed","template":"","meta":{"_exactmetrics_skip_tracking":false,"_exactmetrics_sitenote_active":false,"_exactmetrics_sitenote_note":"","_exactmetrics_sitenote_category":0,"_price":"","_stock":"","_tribe_ticket_header":"","_tribe_default_ticket_provider":"","_tribe_ticket_capacity":"0","_ticket_start_date":"","_ticket_end_date":"","_tribe_ticket_show_description":"","_tribe_ticket_show_not_going":false,"_tribe_ticket_use_global_stock":"","_tribe_ticket_global_stock_level":"","_global_stock_mode":"","_global_stock_cap":"","_tribe_rsvp_for_event":"","_tribe_ticket_going_count":"","_tribe_ticket_not_going_count":"","_tribe_tickets_list":"[]","_tribe_ticket_has_attendee_info_fields":false,"_EventAllDay":false,"_EventTimezone":"","_EventStartDate":"","_EventEndDate":"","_EventStartDateUTC":"","_EventEndDateUTC":"","_EventShowMap":false,"_EventShowMapLink":false,"_EventURL":"","_EventCost":"","_EventCostDescription":"","_EventCurrencySymbol":"","_EventCurrencyCode":"","_EventCurrencyPosition":"","_EventDateTimeSeparator":"","_EventTimeRangeSeparator":"","_EventOrganizerID":[],"_EventVenueID":[],"_OrganizerEmail":"","_OrganizerPhone":"","_OrganizerWebsite":"","_VenueAddress":"","_VenueCity":"","_VenueCountry":"","_VenueProvince":"","_VenueState":"","_VenueZip":"","_VenuePhone":"","_VenueURL":"","_VenueStateProvince":"","_VenueLat":"","_VenueLng":"","_VenueShowMap":false,"_VenueShowMapLink":false,"footnotes":"","_tec_slr_enabled":"","_tec_slr_layout":""},"class_list":["post-2701","page","type-page","status-publish","hentry"],"yoast_head":"<!-- This site is optimized with the Yoast SEO plugin v27.5 - https:\/\/yoast.com\/product\/yoast-seo-wordpress\/ -->\n<title>Investuoti paprasta - INWEST<\/title>\n<meta name=\"description\" content=\"Investuoti paprasta - Rena ir Jekaterina pasirinko skirtingas investavimo strategijas. Sekite j\u0173 kelion\u0119 ir susipa\u017einkite su rezultatais.\" \/>\n<meta name=\"robots\" content=\"index, follow, max-snippet:-1, max-image-preview:large, max-video-preview:-1\" \/>\n<link rel=\"canonical\" href=\"https:\/\/inwest.lt\/en\/investuoti-paprasta\/\" \/>\n<meta property=\"og:locale\" content=\"en_GB\" \/>\n<meta property=\"og:type\" content=\"article\" \/>\n<meta property=\"og:title\" content=\"Investuoti paprasta - INWEST\" \/>\n<meta property=\"og:description\" content=\"Investuoti paprasta - Rena ir Jekaterina pasirinko skirtingas investavimo strategijas. Sekite j\u0173 kelion\u0119 ir susipa\u017einkite su rezultatais.\" \/>\n<meta property=\"og:url\" content=\"https:\/\/inwest.lt\/en\/investuoti-paprasta\/\" \/>\n<meta property=\"og:site_name\" content=\"INWEST\" \/>\n<meta property=\"article:publisher\" content=\"https:\/\/www.facebook.com\/weinvestlt\" \/>\n<meta property=\"article:modified_time\" content=\"2026-01-23T23:17:57+00:00\" \/>\n<meta property=\"og:image\" content=\"https:\/\/inwest.lt\/wp-content\/uploads\/2023\/03\/Jekaterina-ir-Rena_1920x1080.png\" \/>\n\t<meta property=\"og:image:width\" content=\"1920\" \/>\n\t<meta property=\"og:image:height\" content=\"1080\" \/>\n\t<meta property=\"og:image:type\" content=\"image\/png\" \/>\n<meta name=\"twitter:card\" content=\"summary_large_image\" \/>\n<meta name=\"twitter:label1\" content=\"Estimated reading time\" \/>\n\t<meta name=\"twitter:data1\" content=\"9 minutes\" \/>\n<script type=\"application\/ld+json\" class=\"yoast-schema-graph\">{\"@context\":\"https:\\\/\\\/schema.org\",\"@graph\":[{\"@type\":\"WebPage\",\"@id\":\"https:\\\/\\\/inwest.lt\\\/investuoti-paprasta\\\/\",\"url\":\"https:\\\/\\\/inwest.lt\\\/investuoti-paprasta\\\/\",\"name\":\"Investuoti paprasta - INWEST\",\"isPartOf\":{\"@id\":\"https:\\\/\\\/inwest.lt\\\/#website\"},\"primaryImageOfPage\":{\"@id\":\"https:\\\/\\\/inwest.lt\\\/investuoti-paprasta\\\/#primaryimage\"},\"image\":{\"@id\":\"https:\\\/\\\/inwest.lt\\\/investuoti-paprasta\\\/#primaryimage\"},\"thumbnailUrl\":\"https:\\\/\\\/inwest.lt\\\/wp-content\\\/uploads\\\/2023\\\/03\\\/Jekaterina-ir-Rena_1920x1080.png\",\"datePublished\":\"2023-04-01T10:33:24+00:00\",\"dateModified\":\"2026-01-23T23:17:57+00:00\",\"description\":\"Investuoti paprasta - Rena ir Jekaterina pasirinko skirtingas investavimo strategijas. Sekite j\u0173 kelion\u0119 ir susipa\u017einkite su rezultatais.\",\"breadcrumb\":{\"@id\":\"https:\\\/\\\/inwest.lt\\\/investuoti-paprasta\\\/#breadcrumb\"},\"inLanguage\":\"en-GB\",\"potentialAction\":[{\"@type\":\"ReadAction\",\"target\":[\"https:\\\/\\\/inwest.lt\\\/investuoti-paprasta\\\/\"]}]},{\"@type\":\"ImageObject\",\"inLanguage\":\"en-GB\",\"@id\":\"https:\\\/\\\/inwest.lt\\\/investuoti-paprasta\\\/#primaryimage\",\"url\":\"https:\\\/\\\/inwest.lt\\\/wp-content\\\/uploads\\\/2023\\\/03\\\/Jekaterina-ir-Rena_1920x1080.png\",\"contentUrl\":\"https:\\\/\\\/inwest.lt\\\/wp-content\\\/uploads\\\/2023\\\/03\\\/Jekaterina-ir-Rena_1920x1080.png\"},{\"@type\":\"BreadcrumbList\",\"@id\":\"https:\\\/\\\/inwest.lt\\\/investuoti-paprasta\\\/#breadcrumb\",\"itemListElement\":[{\"@type\":\"ListItem\",\"position\":1,\"name\":\"Home\",\"item\":\"https:\\\/\\\/inwest.lt\\\/\"},{\"@type\":\"ListItem\",\"position\":2,\"name\":\"Rubrika \u201eInvestuoti paprasta\u201d\"}]},{\"@type\":\"WebSite\",\"@id\":\"https:\\\/\\\/inwest.lt\\\/#website\",\"url\":\"https:\\\/\\\/inwest.lt\\\/\",\"name\":\"INWEST\",\"description\":\"TAVO INVESTAVIMO GIDAS\",\"publisher\":{\"@id\":\"https:\\\/\\\/inwest.lt\\\/#organization\"},\"alternateName\":\"INWEST - moter\u0173 investavimas\",\"potentialAction\":[{\"@type\":\"SearchAction\",\"target\":{\"@type\":\"EntryPoint\",\"urlTemplate\":\"https:\\\/\\\/inwest.lt\\\/?s={search_term_string}\"},\"query-input\":{\"@type\":\"PropertyValueSpecification\",\"valueRequired\":true,\"valueName\":\"search_term_string\"}}],\"inLanguage\":\"en-GB\"},{\"@type\":\"Organization\",\"@id\":\"https:\\\/\\\/inwest.lt\\\/#organization\",\"name\":\"INWEST\",\"url\":\"https:\\\/\\\/inwest.lt\\\/\",\"logo\":{\"@type\":\"ImageObject\",\"inLanguage\":\"en-GB\",\"@id\":\"https:\\\/\\\/inwest.lt\\\/#\\\/schema\\\/logo\\\/image\\\/\",\"url\":\"https:\\\/\\\/inwest.lt\\\/wp-content\\\/uploads\\\/2023\\\/03\\\/Dizainas-be-pavadinimo.png\",\"contentUrl\":\"https:\\\/\\\/inwest.lt\\\/wp-content\\\/uploads\\\/2023\\\/03\\\/Dizainas-be-pavadinimo.png\",\"width\":2304,\"height\":2304,\"caption\":\"INWEST\"},\"image\":{\"@id\":\"https:\\\/\\\/inwest.lt\\\/#\\\/schema\\\/logo\\\/image\\\/\"},\"sameAs\":[\"https:\\\/\\\/www.facebook.com\\\/weinvestlt\",\"https:\\\/\\\/www.instagram.com\\\/inwest___\\\/\",\"https:\\\/\\\/www.linkedin.com\\\/company\\\/winvestnow\\\/\"]}]}<\/script>\n<!-- \/ Yoast SEO plugin. -->","yoast_head_json":{"title":"Investuoti paprasta - INWEST","description":"Investuoti paprasta - Rena ir Jekaterina pasirinko skirtingas investavimo strategijas. Sekite j\u0173 kelion\u0119 ir susipa\u017einkite su rezultatais.","robots":{"index":"index","follow":"follow","max-snippet":"max-snippet:-1","max-image-preview":"max-image-preview:large","max-video-preview":"max-video-preview:-1"},"canonical":"https:\/\/inwest.lt\/en\/investuoti-paprasta\/","og_locale":"en_GB","og_type":"article","og_title":"Investuoti paprasta - INWEST","og_description":"Investuoti paprasta - Rena ir Jekaterina pasirinko skirtingas investavimo strategijas. Sekite j\u0173 kelion\u0119 ir susipa\u017einkite su rezultatais.","og_url":"https:\/\/inwest.lt\/en\/investuoti-paprasta\/","og_site_name":"INWEST","article_publisher":"https:\/\/www.facebook.com\/weinvestlt","article_modified_time":"2026-01-23T23:17:57+00:00","og_image":[{"width":1920,"height":1080,"url":"https:\/\/inwest.lt\/wp-content\/uploads\/2023\/03\/Jekaterina-ir-Rena_1920x1080.png","type":"image\/png"}],"twitter_card":"summary_large_image","twitter_misc":{"Estimated reading time":"9 minutes"},"schema":{"@context":"https:\/\/schema.org","@graph":[{"@type":"WebPage","@id":"https:\/\/inwest.lt\/investuoti-paprasta\/","url":"https:\/\/inwest.lt\/investuoti-paprasta\/","name":"Investuoti paprasta - INWEST","isPartOf":{"@id":"https:\/\/inwest.lt\/#website"},"primaryImageOfPage":{"@id":"https:\/\/inwest.lt\/investuoti-paprasta\/#primaryimage"},"image":{"@id":"https:\/\/inwest.lt\/investuoti-paprasta\/#primaryimage"},"thumbnailUrl":"https:\/\/inwest.lt\/wp-content\/uploads\/2023\/03\/Jekaterina-ir-Rena_1920x1080.png","datePublished":"2023-04-01T10:33:24+00:00","dateModified":"2026-01-23T23:17:57+00:00","description":"Investuoti paprasta - Rena ir Jekaterina pasirinko skirtingas investavimo strategijas. Sekite j\u0173 kelion\u0119 ir susipa\u017einkite su rezultatais.","breadcrumb":{"@id":"https:\/\/inwest.lt\/investuoti-paprasta\/#breadcrumb"},"inLanguage":"en-GB","potentialAction":[{"@type":"ReadAction","target":["https:\/\/inwest.lt\/investuoti-paprasta\/"]}]},{"@type":"ImageObject","inLanguage":"en-GB","@id":"https:\/\/inwest.lt\/investuoti-paprasta\/#primaryimage","url":"https:\/\/inwest.lt\/wp-content\/uploads\/2023\/03\/Jekaterina-ir-Rena_1920x1080.png","contentUrl":"https:\/\/inwest.lt\/wp-content\/uploads\/2023\/03\/Jekaterina-ir-Rena_1920x1080.png"},{"@type":"BreadcrumbList","@id":"https:\/\/inwest.lt\/investuoti-paprasta\/#breadcrumb","itemListElement":[{"@type":"ListItem","position":1,"name":"Home","item":"https:\/\/inwest.lt\/"},{"@type":"ListItem","position":2,"name":"Rubrika \u201eInvestuoti paprasta\u201d"}]},{"@type":"WebSite","@id":"https:\/\/inwest.lt\/#website","url":"https:\/\/inwest.lt\/","name":"INWEST","description":"TAVO INVESTAVIMO GIDAS","publisher":{"@id":"https:\/\/inwest.lt\/#organization"},"alternateName":"INWEST - moter\u0173 investavimas","potentialAction":[{"@type":"SearchAction","target":{"@type":"EntryPoint","urlTemplate":"https:\/\/inwest.lt\/?s={search_term_string}"},"query-input":{"@type":"PropertyValueSpecification","valueRequired":true,"valueName":"search_term_string"}}],"inLanguage":"en-GB"},{"@type":"Organization","@id":"https:\/\/inwest.lt\/#organization","name":"INWEST","url":"https:\/\/inwest.lt\/","logo":{"@type":"ImageObject","inLanguage":"en-GB","@id":"https:\/\/inwest.lt\/#\/schema\/logo\/image\/","url":"https:\/\/inwest.lt\/wp-content\/uploads\/2023\/03\/Dizainas-be-pavadinimo.png","contentUrl":"https:\/\/inwest.lt\/wp-content\/uploads\/2023\/03\/Dizainas-be-pavadinimo.png","width":2304,"height":2304,"caption":"INWEST"},"image":{"@id":"https:\/\/inwest.lt\/#\/schema\/logo\/image\/"},"sameAs":["https:\/\/www.facebook.com\/weinvestlt","https:\/\/www.instagram.com\/inwest___\/","https:\/\/www.linkedin.com\/company\/winvestnow\/"]}]}},"jetpack_sharing_enabled":true,"ticketed":false,"_links":{"self":[{"href":"https:\/\/inwest.lt\/en\/wp-json\/wp\/v2\/pages\/2701","targetHints":{"allow":["GET"]}}],"collection":[{"href":"https:\/\/inwest.lt\/en\/wp-json\/wp\/v2\/pages"}],"about":[{"href":"https:\/\/inwest.lt\/en\/wp-json\/wp\/v2\/types\/page"}],"author":[{"embeddable":true,"href":"https:\/\/inwest.lt\/en\/wp-json\/wp\/v2\/users\/1"}],"replies":[{"embeddable":true,"href":"https:\/\/inwest.lt\/en\/wp-json\/wp\/v2\/comments?post=2701"}],"version-history":[{"count":73,"href":"https:\/\/inwest.lt\/en\/wp-json\/wp\/v2\/pages\/2701\/revisions"}],"predecessor-version":[{"id":14332,"href":"https:\/\/inwest.lt\/en\/wp-json\/wp\/v2\/pages\/2701\/revisions\/14332"}],"wp:attachment":[{"href":"https:\/\/inwest.lt\/en\/wp-json\/wp\/v2\/media?parent=2701"}],"curies":[{"name":"wp","href":"https:\/\/api.w.org\/{rel}","templated":true}]}}