{"id":2169,"date":"2023-03-20T01:21:18","date_gmt":"2023-03-19T23:21:18","guid":{"rendered":"https:\/\/inwest.lt\/?page_id=2169"},"modified":"2026-05-08T19:38:57","modified_gmt":"2026-05-08T17:38:57","slug":"tarpusavio-skolinimo-ir-sutelktinio-finansavimo-platformos","status":"publish","type":"page","link":"https:\/\/inwest.lt\/en\/investavimo-kursai\/tarpusavio-skolinimo-ir-sutelktinio-finansavimo-platformos\/","title":{"rendered":"Tarpusavio skolinimo ir sutelktinio finansavimo platformos"},"content":{"rendered":"Mokymu\u0328 tikslas \u2013 pateikti pagrindine\u0328 informacija\u0328 apie investavim\u0105 per tarpusavio skolinimo ir sutelktinio sutelktinio finansavimo platformas. Mokym\u0173 metu bus detaliai pristatytas \u0161is investavimo instrumentas ir jo veikimo principas. Su\u017einosite kokios galimyb\u0117s, apsaugos priemon\u0117s ir rizikos aktualios investuotojams, kaip tarpusavio skolinimo ir sutelktinio finansavimo platformos atrodo kit\u0173 investicini\u0173 instrument\u0173 kontekste, kokios platformos veikia Lietuvoje, bei nuo ko vert\u0117t\u0173 prad\u0117ti ir \u012f k\u0105 atkreipti d\u0117mes\u012f \u0161ios rinkos dalyviams. \t\t<div class=\"woocommerce\">\n\t\t\t<div class=\"woocommerce-info wc-memberships-restriction-message wc-memberships-message wc-memberships-content-restricted-message\">\n\t\t\t\tNor\u0117dami patekti \u012f \u0161\u012f puslap\u012f, turite \u012fsigyti <span class=\"wc-memberships-products-grant-access\"><a href=\"https:\/\/inwest.lt\/en\/product\/inwest-mokymu-kursai\/\">Visi mokym\u0173 kursai<\/a>, <a href=\"https:\/\/inwest.lt\/en\/product\/tarpusavio-skolinimo-ir-sutelktinio-finansavimo-platformos\/\">Tarpusavio skolinimo ir sutelktinio finansavimo platformos<\/a>, <a href=\"https:\/\/inwest.lt\/en\/product\/investavimo-pagrindai\/\">Investavimo mokymai<\/a>, <a href=\"https:\/\/inwest.lt\/en\/product\/inwest-klubas-pratesimas\/\">INWEST klubas (prat\u0119simas)<\/a>, <a href=\"https:\/\/inwest.lt\/en\/product\/prisijunkite-prie-inwest-klubo\/\">INWEST klubas<\/a> or <a href=\"https:\/\/inwest.lt\/en\/product\/inwest-klubas-metams\/\">INWEST klubas metams<\/a><\/span>.\t\t    <\/div>\n\t\t<\/div>","protected":false},"excerpt":{"rendered":"<p>Mokymu\u0328 tikslas \u2013 pateikti pagrindine\u0328 informacija\u0328 apie investavim\u0105 per tarpusavio skolinimo ir sutelktinio sutelktinio finansavimo platformas. Mokym\u0173 metu bus detaliai pristatytas \u0161is investavimo instrumentas ir jo veikimo principas. Su\u017einosite kokios galimyb\u0117s, apsaugos priemon\u0117s ir rizikos aktualios investuotojams, kaip tarpusavio skolinimo ir sutelktinio finansavimo platformos atrodo kit\u0173 investicini\u0173 instrument\u0173 kontekste, kokios platformos veikia Lietuvoje, bei nuo ko vert\u0117t\u0173 prad\u0117ti ir \u012f k\u0105 atkreipti d\u0117mes\u012f \u0161ios rinkos dalyviams. \t\t<\/p>\n<div class=\"woocommerce\">\n<div class=\"woocommerce-info wc-memberships-restriction-message wc-memberships-message wc-memberships-content-restricted-message\">\n\t\t\t\tNor\u0117dami patekti \u012f \u0161\u012f puslap\u012f, turite \u012fsigyti <span class=\"wc-memberships-products-grant-access\"><a href=\"https:\/\/inwest.lt\/en\/product\/inwest-mokymu-kursai\/\">Visi mokym\u0173 kursai<\/a>, <a href=\"https:\/\/inwest.lt\/en\/product\/tarpusavio-skolinimo-ir-sutelktinio-finansavimo-platformos\/\">Tarpusavio skolinimo ir sutelktinio finansavimo platformos<\/a>, <a href=\"https:\/\/inwest.lt\/en\/product\/investavimo-pagrindai\/\">Investavimo mokymai<\/a>, <a href=\"https:\/\/inwest.lt\/en\/product\/inwest-klubas-pratesimas\/\">INWEST klubas (prat\u0119simas)<\/a>, <a href=\"https:\/\/inwest.lt\/en\/product\/prisijunkite-prie-inwest-klubo\/\">INWEST klubas<\/a> or <a href=\"https:\/\/inwest.lt\/en\/product\/inwest-klubas-metams\/\">INWEST klubas metams<\/a><\/span>.\t\t    <\/div>\n<\/p><\/div>","protected":false},"author":1,"featured_media":14225,"parent":15,"menu_order":0,"comment_status":"closed","ping_status":"closed","template":"","meta":{"_price":"","_stock":"","_tribe_ticket_header":"","_tribe_default_ticket_provider":"","_tribe_ticket_capacity":"0","_ticket_start_date":"","_ticket_end_date":"","_tribe_ticket_show_description":"","_tribe_ticket_show_not_going":false,"_tribe_ticket_use_global_stock":"","_tribe_ticket_global_stock_level":"","_global_stock_mode":"","_global_stock_cap":"","_tribe_rsvp_for_event":"","_tribe_ticket_going_count":"","_tribe_ticket_not_going_count":"","_tribe_tickets_list":"[]","_tribe_ticket_has_attendee_info_fields":false,"_EventAllDay":false,"_EventTimezone":"","_EventStartDate":"","_EventEndDate":"","_EventStartDateUTC":"","_EventEndDateUTC":"","_EventShowMap":false,"_EventShowMapLink":false,"_EventURL":"","_EventCost":"","_EventCostDescription":"","_EventCurrencySymbol":"","_EventCurrencyCode":"","_EventCurrencyPosition":"","_EventDateTimeSeparator":"","_EventTimeRangeSeparator":"","_EventOrganizerID":[],"_EventVenueID":[],"_OrganizerEmail":"","_OrganizerPhone":"","_OrganizerWebsite":"","_VenueAddress":"","_VenueCity":"","_VenueCountry":"","_VenueProvince":"","_VenueState":"","_VenueZip":"","_VenuePhone":"","_VenueURL":"","_VenueStateProvince":"","_VenueLat":"","_VenueLng":"","_VenueShowMap":false,"_VenueShowMapLink":false,"footnotes":"","_tec_slr_enabled":"","_tec_slr_layout":""},"class_list":["post-2169","page","type-page","status-publish","has-post-thumbnail","hentry","membership-content","access-restricted"],"yoast_head":"<!-- This site is optimized with the Yoast SEO plugin v27.5 - https:\/\/yoast.com\/product\/yoast-seo-wordpress\/ -->\n<title>Tarpusavio skolinimo ir sutelktinio finansavimo platformos - INWEST<\/title>\n<meta name=\"description\" content=\"Mokym\u0173 metu pateikiama pagrindin\u0117 informacija apie investavim\u0105 per tarpusavio skolinimo ir sutelktinio sutelktinio finansavimo platformas.\" \/>\n<meta name=\"robots\" content=\"index, follow, max-snippet:-1, max-image-preview:large, max-video-preview:-1\" \/>\n<link rel=\"canonical\" href=\"https:\/\/inwest.lt\/en\/investavimo-kursai\/tarpusavio-skolinimo-ir-sutelktinio-finansavimo-platformos\/\" \/>\n<meta property=\"og:locale\" content=\"en_GB\" \/>\n<meta property=\"og:type\" content=\"article\" \/>\n<meta property=\"og:title\" content=\"Tarpusavio skolinimo ir sutelktinio finansavimo platformos - INWEST\" \/>\n<meta property=\"og:description\" content=\"Mokym\u0173 metu pateikiama pagrindin\u0117 informacija apie investavim\u0105 per tarpusavio skolinimo ir sutelktinio sutelktinio finansavimo platformas.\" \/>\n<meta property=\"og:url\" content=\"https:\/\/inwest.lt\/en\/investavimo-kursai\/tarpusavio-skolinimo-ir-sutelktinio-finansavimo-platformos\/\" \/>\n<meta property=\"og:site_name\" content=\"INWEST\" \/>\n<meta property=\"article:publisher\" content=\"https:\/\/www.facebook.com\/weinvestlt\" \/>\n<meta property=\"article:modified_time\" content=\"2026-05-08T17:38:57+00:00\" \/>\n<meta property=\"og:image\" content=\"https:\/\/inwest.lt\/wp-content\/uploads\/2026\/01\/INWEST-web-kursai-thumbsfinansavimas.webp\" \/>\n\t<meta property=\"og:image:width\" content=\"760\" \/>\n\t<meta property=\"og:image:height\" content=\"760\" \/>\n\t<meta property=\"og:image:type\" content=\"image\/webp\" \/>\n<meta name=\"twitter:card\" content=\"summary_large_image\" \/>\n<meta name=\"twitter:label1\" content=\"Estimated reading time\" \/>\n\t<meta name=\"twitter:data1\" content=\"4 minutes\" \/>\n<script type=\"application\/ld+json\" class=\"yoast-schema-graph\">{\"@context\":\"https:\\\/\\\/schema.org\",\"@graph\":[{\"@type\":\"WebPage\",\"@id\":\"https:\\\/\\\/inwest.lt\\\/investavimo-kursai\\\/tarpusavio-skolinimo-ir-sutelktinio-finansavimo-platformos\\\/\",\"url\":\"https:\\\/\\\/inwest.lt\\\/investavimo-kursai\\\/tarpusavio-skolinimo-ir-sutelktinio-finansavimo-platformos\\\/\",\"name\":\"Tarpusavio skolinimo ir sutelktinio finansavimo platformos - INWEST\",\"isPartOf\":{\"@id\":\"https:\\\/\\\/inwest.lt\\\/#website\"},\"primaryImageOfPage\":{\"@id\":\"https:\\\/\\\/inwest.lt\\\/investavimo-kursai\\\/tarpusavio-skolinimo-ir-sutelktinio-finansavimo-platformos\\\/#primaryimage\"},\"image\":{\"@id\":\"https:\\\/\\\/inwest.lt\\\/investavimo-kursai\\\/tarpusavio-skolinimo-ir-sutelktinio-finansavimo-platformos\\\/#primaryimage\"},\"thumbnailUrl\":\"https:\\\/\\\/inwest.lt\\\/wp-content\\\/uploads\\\/2026\\\/01\\\/INWEST-web-kursai-thumbsfinansavimas.webp\",\"datePublished\":\"2023-03-19T23:21:18+00:00\",\"dateModified\":\"2026-05-08T17:38:57+00:00\",\"description\":\"Mokym\u0173 metu pateikiama pagrindin\u0117 informacija apie investavim\u0105 per tarpusavio skolinimo ir sutelktinio sutelktinio finansavimo platformas.\",\"breadcrumb\":{\"@id\":\"https:\\\/\\\/inwest.lt\\\/investavimo-kursai\\\/tarpusavio-skolinimo-ir-sutelktinio-finansavimo-platformos\\\/#breadcrumb\"},\"inLanguage\":\"en-GB\",\"potentialAction\":[{\"@type\":\"ReadAction\",\"target\":[\"https:\\\/\\\/inwest.lt\\\/investavimo-kursai\\\/tarpusavio-skolinimo-ir-sutelktinio-finansavimo-platformos\\\/\"]}]},{\"@type\":\"ImageObject\",\"inLanguage\":\"en-GB\",\"@id\":\"https:\\\/\\\/inwest.lt\\\/investavimo-kursai\\\/tarpusavio-skolinimo-ir-sutelktinio-finansavimo-platformos\\\/#primaryimage\",\"url\":\"https:\\\/\\\/inwest.lt\\\/wp-content\\\/uploads\\\/2026\\\/01\\\/INWEST-web-kursai-thumbsfinansavimas.webp\",\"contentUrl\":\"https:\\\/\\\/inwest.lt\\\/wp-content\\\/uploads\\\/2026\\\/01\\\/INWEST-web-kursai-thumbsfinansavimas.webp\",\"width\":760,\"height\":760},{\"@type\":\"BreadcrumbList\",\"@id\":\"https:\\\/\\\/inwest.lt\\\/investavimo-kursai\\\/tarpusavio-skolinimo-ir-sutelktinio-finansavimo-platformos\\\/#breadcrumb\",\"itemListElement\":[{\"@type\":\"ListItem\",\"position\":1,\"name\":\"Home\",\"item\":\"https:\\\/\\\/inwest.lt\\\/\"},{\"@type\":\"ListItem\",\"position\":2,\"name\":\"Kursai\",\"item\":\"https:\\\/\\\/inwest.lt\\\/investavimo-kursai\\\/\"},{\"@type\":\"ListItem\",\"position\":3,\"name\":\"Tarpusavio skolinimo ir sutelktinio finansavimo platformos\"}]},{\"@type\":\"WebSite\",\"@id\":\"https:\\\/\\\/inwest.lt\\\/#website\",\"url\":\"https:\\\/\\\/inwest.lt\\\/\",\"name\":\"INWEST\",\"description\":\"TAVO INVESTAVIMO GIDAS\",\"publisher\":{\"@id\":\"https:\\\/\\\/inwest.lt\\\/#organization\"},\"alternateName\":\"INWEST - moter\u0173 investavimas\",\"potentialAction\":[{\"@type\":\"SearchAction\",\"target\":{\"@type\":\"EntryPoint\",\"urlTemplate\":\"https:\\\/\\\/inwest.lt\\\/?s={search_term_string}\"},\"query-input\":{\"@type\":\"PropertyValueSpecification\",\"valueRequired\":true,\"valueName\":\"search_term_string\"}}],\"inLanguage\":\"en-GB\"},{\"@type\":\"Organization\",\"@id\":\"https:\\\/\\\/inwest.lt\\\/#organization\",\"name\":\"INWEST\",\"url\":\"https:\\\/\\\/inwest.lt\\\/\",\"logo\":{\"@type\":\"ImageObject\",\"inLanguage\":\"en-GB\",\"@id\":\"https:\\\/\\\/inwest.lt\\\/#\\\/schema\\\/logo\\\/image\\\/\",\"url\":\"https:\\\/\\\/inwest.lt\\\/wp-content\\\/uploads\\\/2023\\\/03\\\/Dizainas-be-pavadinimo.png\",\"contentUrl\":\"https:\\\/\\\/inwest.lt\\\/wp-content\\\/uploads\\\/2023\\\/03\\\/Dizainas-be-pavadinimo.png\",\"width\":2304,\"height\":2304,\"caption\":\"INWEST\"},\"image\":{\"@id\":\"https:\\\/\\\/inwest.lt\\\/#\\\/schema\\\/logo\\\/image\\\/\"},\"sameAs\":[\"https:\\\/\\\/www.facebook.com\\\/weinvestlt\",\"https:\\\/\\\/www.instagram.com\\\/inwest___\\\/\",\"https:\\\/\\\/www.linkedin.com\\\/company\\\/winvestnow\\\/\"]}]}<\/script>\n<!-- \/ Yoast SEO plugin. -->","yoast_head_json":{"title":"Tarpusavio skolinimo ir sutelktinio finansavimo platformos - INWEST","description":"Mokym\u0173 metu pateikiama pagrindin\u0117 informacija apie investavim\u0105 per tarpusavio skolinimo ir sutelktinio sutelktinio finansavimo platformas.","robots":{"index":"index","follow":"follow","max-snippet":"max-snippet:-1","max-image-preview":"max-image-preview:large","max-video-preview":"max-video-preview:-1"},"canonical":"https:\/\/inwest.lt\/en\/investavimo-kursai\/tarpusavio-skolinimo-ir-sutelktinio-finansavimo-platformos\/","og_locale":"en_GB","og_type":"article","og_title":"Tarpusavio skolinimo ir sutelktinio finansavimo platformos - INWEST","og_description":"Mokym\u0173 metu pateikiama pagrindin\u0117 informacija apie investavim\u0105 per tarpusavio skolinimo ir sutelktinio sutelktinio finansavimo platformas.","og_url":"https:\/\/inwest.lt\/en\/investavimo-kursai\/tarpusavio-skolinimo-ir-sutelktinio-finansavimo-platformos\/","og_site_name":"INWEST","article_publisher":"https:\/\/www.facebook.com\/weinvestlt","article_modified_time":"2026-05-08T17:38:57+00:00","og_image":[{"width":760,"height":760,"url":"https:\/\/inwest.lt\/wp-content\/uploads\/2026\/01\/INWEST-web-kursai-thumbsfinansavimas.webp","type":"image\/webp"}],"twitter_card":"summary_large_image","twitter_misc":{"Estimated reading time":"4 minutes"},"schema":{"@context":"https:\/\/schema.org","@graph":[{"@type":"WebPage","@id":"https:\/\/inwest.lt\/investavimo-kursai\/tarpusavio-skolinimo-ir-sutelktinio-finansavimo-platformos\/","url":"https:\/\/inwest.lt\/investavimo-kursai\/tarpusavio-skolinimo-ir-sutelktinio-finansavimo-platformos\/","name":"Tarpusavio skolinimo ir sutelktinio finansavimo platformos - INWEST","isPartOf":{"@id":"https:\/\/inwest.lt\/#website"},"primaryImageOfPage":{"@id":"https:\/\/inwest.lt\/investavimo-kursai\/tarpusavio-skolinimo-ir-sutelktinio-finansavimo-platformos\/#primaryimage"},"image":{"@id":"https:\/\/inwest.lt\/investavimo-kursai\/tarpusavio-skolinimo-ir-sutelktinio-finansavimo-platformos\/#primaryimage"},"thumbnailUrl":"https:\/\/inwest.lt\/wp-content\/uploads\/2026\/01\/INWEST-web-kursai-thumbsfinansavimas.webp","datePublished":"2023-03-19T23:21:18+00:00","dateModified":"2026-05-08T17:38:57+00:00","description":"Mokym\u0173 metu pateikiama pagrindin\u0117 informacija apie investavim\u0105 per tarpusavio skolinimo ir sutelktinio sutelktinio finansavimo platformas.","breadcrumb":{"@id":"https:\/\/inwest.lt\/investavimo-kursai\/tarpusavio-skolinimo-ir-sutelktinio-finansavimo-platformos\/#breadcrumb"},"inLanguage":"en-GB","potentialAction":[{"@type":"ReadAction","target":["https:\/\/inwest.lt\/investavimo-kursai\/tarpusavio-skolinimo-ir-sutelktinio-finansavimo-platformos\/"]}]},{"@type":"ImageObject","inLanguage":"en-GB","@id":"https:\/\/inwest.lt\/investavimo-kursai\/tarpusavio-skolinimo-ir-sutelktinio-finansavimo-platformos\/#primaryimage","url":"https:\/\/inwest.lt\/wp-content\/uploads\/2026\/01\/INWEST-web-kursai-thumbsfinansavimas.webp","contentUrl":"https:\/\/inwest.lt\/wp-content\/uploads\/2026\/01\/INWEST-web-kursai-thumbsfinansavimas.webp","width":760,"height":760},{"@type":"BreadcrumbList","@id":"https:\/\/inwest.lt\/investavimo-kursai\/tarpusavio-skolinimo-ir-sutelktinio-finansavimo-platformos\/#breadcrumb","itemListElement":[{"@type":"ListItem","position":1,"name":"Home","item":"https:\/\/inwest.lt\/"},{"@type":"ListItem","position":2,"name":"Kursai","item":"https:\/\/inwest.lt\/investavimo-kursai\/"},{"@type":"ListItem","position":3,"name":"Tarpusavio skolinimo ir sutelktinio finansavimo platformos"}]},{"@type":"WebSite","@id":"https:\/\/inwest.lt\/#website","url":"https:\/\/inwest.lt\/","name":"INWEST","description":"TAVO INVESTAVIMO GIDAS","publisher":{"@id":"https:\/\/inwest.lt\/#organization"},"alternateName":"INWEST - moter\u0173 investavimas","potentialAction":[{"@type":"SearchAction","target":{"@type":"EntryPoint","urlTemplate":"https:\/\/inwest.lt\/?s={search_term_string}"},"query-input":{"@type":"PropertyValueSpecification","valueRequired":true,"valueName":"search_term_string"}}],"inLanguage":"en-GB"},{"@type":"Organization","@id":"https:\/\/inwest.lt\/#organization","name":"INWEST","url":"https:\/\/inwest.lt\/","logo":{"@type":"ImageObject","inLanguage":"en-GB","@id":"https:\/\/inwest.lt\/#\/schema\/logo\/image\/","url":"https:\/\/inwest.lt\/wp-content\/uploads\/2023\/03\/Dizainas-be-pavadinimo.png","contentUrl":"https:\/\/inwest.lt\/wp-content\/uploads\/2023\/03\/Dizainas-be-pavadinimo.png","width":2304,"height":2304,"caption":"INWEST"},"image":{"@id":"https:\/\/inwest.lt\/#\/schema\/logo\/image\/"},"sameAs":["https:\/\/www.facebook.com\/weinvestlt","https:\/\/www.instagram.com\/inwest___\/","https:\/\/www.linkedin.com\/company\/winvestnow\/"]}]}},"ticketed":false,"_links":{"self":[{"href":"https:\/\/inwest.lt\/en\/wp-json\/wp\/v2\/pages\/2169","targetHints":{"allow":["GET"]}}],"collection":[{"href":"https:\/\/inwest.lt\/en\/wp-json\/wp\/v2\/pages"}],"about":[{"href":"https:\/\/inwest.lt\/en\/wp-json\/wp\/v2\/types\/page"}],"author":[{"embeddable":true,"href":"https:\/\/inwest.lt\/en\/wp-json\/wp\/v2\/users\/1"}],"replies":[{"embeddable":true,"href":"https:\/\/inwest.lt\/en\/wp-json\/wp\/v2\/comments?post=2169"}],"version-history":[{"count":43,"href":"https:\/\/inwest.lt\/en\/wp-json\/wp\/v2\/pages\/2169\/revisions"}],"predecessor-version":[{"id":17072,"href":"https:\/\/inwest.lt\/en\/wp-json\/wp\/v2\/pages\/2169\/revisions\/17072"}],"up":[{"embeddable":true,"href":"https:\/\/inwest.lt\/en\/wp-json\/wp\/v2\/pages\/15"}],"wp:featuredmedia":[{"embeddable":true,"href":"https:\/\/inwest.lt\/en\/wp-json\/wp\/v2\/media\/14225"}],"wp:attachment":[{"href":"https:\/\/inwest.lt\/en\/wp-json\/wp\/v2\/media?parent=2169"}],"curies":[{"name":"wp","href":"https:\/\/api.w.org\/{rel}","templated":true}]}}