{"id":1129,"date":"2023-03-15T19:55:59","date_gmt":"2023-03-15T17:55:59","guid":{"rendered":"https:\/\/inwest.lt\/?page_id=1129"},"modified":"2026-05-08T19:37:41","modified_gmt":"2026-05-08T17:37:41","slug":"tradiciniai-ir-birzoje-prekiaujami-etf-fondai","status":"publish","type":"page","link":"https:\/\/inwest.lt\/en\/investavimo-kursai\/tradiciniai-ir-birzoje-prekiaujami-etf-fondai\/","title":{"rendered":"Tradiciniai ir bir\u017eoje prekiaujami (ETF) fondai"},"content":{"rendered":"Mokymu\u0328 tikslas \u2013 pateikti pagrindine\u0328 informacija\u0328, kurios reikia renkantis ir nagrine\u0307jant investicinius fondus, pristatyti ju\u0328 istorinius rezultatus, bei pateikti galimas investiciniu\u0328 fondu\u0328 alternatyvas. Taip pat supaz\u030cindinti su vis daugiau de\u0307mesio sulaukianc\u030ciu investavimo instrumentu \u2013 laisvai rinkoje prekiaujamais fondais ETF, pateikti ju\u0328 privalumus, tru\u0304kumus ir skirtumus lyginant su tradiciniais investiciniais fondais, j\u0173 taikomus mokes\u010dius. \t\t<div class=\"woocommerce\">\n\t\t\t<div class=\"woocommerce-info wc-memberships-restriction-message wc-memberships-message wc-memberships-content-restricted-message\">\n\t\t\t\tNor\u0117dami patekti \u012f \u0161\u012f puslap\u012f, turite \u012fsigyti <span class=\"wc-memberships-products-grant-access\"><a href=\"https:\/\/inwest.lt\/en\/product\/tradiciniai-ir-birzoje-prekiaujami-etf-fondai\/\">Tradiciniai ir bir\u017eoje prekiaujami (ETF) fondai<\/a>, <a href=\"https:\/\/inwest.lt\/en\/product\/inwest-mokymu-kursai\/\">Visi mokym\u0173 kursai<\/a>, <a href=\"https:\/\/inwest.lt\/en\/product\/investavimo-pagrindai\/\">Investavimo mokymai<\/a>, <a href=\"https:\/\/inwest.lt\/en\/product\/inwest-klubas-pratesimas\/\">INWEST klubas (prat\u0119simas)<\/a>, <a href=\"https:\/\/inwest.lt\/en\/product\/prisijunkite-prie-inwest-klubo\/\">INWEST klubas<\/a> or <a href=\"https:\/\/inwest.lt\/en\/product\/inwest-klubas-metams\/\">INWEST klubas metams<\/a><\/span>.\t\t    <\/div>\n\t\t<\/div>","protected":false},"excerpt":{"rendered":"<p>Mokymu\u0328 tikslas \u2013 pateikti pagrindine\u0328 informacija\u0328, kurios reikia renkantis ir nagrine\u0307jant investicinius fondus, pristatyti ju\u0328 istorinius rezultatus, bei pateikti galimas investiciniu\u0328 fondu\u0328 alternatyvas. Taip pat supaz\u030cindinti su vis daugiau de\u0307mesio sulaukianc\u030ciu investavimo instrumentu \u2013 laisvai rinkoje prekiaujamais fondais ETF, pateikti ju\u0328 privalumus, tru\u0304kumus ir skirtumus lyginant su tradiciniais investiciniais fondais, j\u0173 taikomus mokes\u010dius. \t\t<\/p>\n<div class=\"woocommerce\">\n<div class=\"woocommerce-info wc-memberships-restriction-message wc-memberships-message wc-memberships-content-restricted-message\">\n\t\t\t\tNor\u0117dami patekti \u012f \u0161\u012f puslap\u012f, turite \u012fsigyti <span class=\"wc-memberships-products-grant-access\"><a href=\"https:\/\/inwest.lt\/en\/product\/tradiciniai-ir-birzoje-prekiaujami-etf-fondai\/\">Tradiciniai ir bir\u017eoje prekiaujami (ETF) fondai<\/a>, <a href=\"https:\/\/inwest.lt\/en\/product\/inwest-mokymu-kursai\/\">Visi mokym\u0173 kursai<\/a>, <a href=\"https:\/\/inwest.lt\/en\/product\/investavimo-pagrindai\/\">Investavimo mokymai<\/a>, <a href=\"https:\/\/inwest.lt\/en\/product\/inwest-klubas-pratesimas\/\">INWEST klubas (prat\u0119simas)<\/a>, <a href=\"https:\/\/inwest.lt\/en\/product\/prisijunkite-prie-inwest-klubo\/\">INWEST klubas<\/a> or <a href=\"https:\/\/inwest.lt\/en\/product\/inwest-klubas-metams\/\">INWEST klubas metams<\/a><\/span>.\t\t    <\/div>\n<\/p><\/div>","protected":false},"author":1,"featured_media":14226,"parent":15,"menu_order":0,"comment_status":"closed","ping_status":"closed","template":"","meta":{"_price":"","_stock":"","_tribe_ticket_header":"","_tribe_default_ticket_provider":"","_tribe_ticket_capacity":"0","_ticket_start_date":"","_ticket_end_date":"","_tribe_ticket_show_description":"","_tribe_ticket_show_not_going":false,"_tribe_ticket_use_global_stock":"","_tribe_ticket_global_stock_level":"","_global_stock_mode":"","_global_stock_cap":"","_tribe_rsvp_for_event":"","_tribe_ticket_going_count":"","_tribe_ticket_not_going_count":"","_tribe_tickets_list":"[]","_tribe_ticket_has_attendee_info_fields":false,"_EventAllDay":false,"_EventTimezone":"","_EventStartDate":"","_EventEndDate":"","_EventStartDateUTC":"","_EventEndDateUTC":"","_EventShowMap":false,"_EventShowMapLink":false,"_EventURL":"","_EventCost":"","_EventCostDescription":"","_EventCurrencySymbol":"","_EventCurrencyCode":"","_EventCurrencyPosition":"","_EventDateTimeSeparator":"","_EventTimeRangeSeparator":"","_EventOrganizerID":[],"_EventVenueID":[],"_OrganizerEmail":"","_OrganizerPhone":"","_OrganizerWebsite":"","_VenueAddress":"","_VenueCity":"","_VenueCountry":"","_VenueProvince":"","_VenueState":"","_VenueZip":"","_VenuePhone":"","_VenueURL":"","_VenueStateProvince":"","_VenueLat":"","_VenueLng":"","_VenueShowMap":false,"_VenueShowMapLink":false,"footnotes":"","_tec_slr_enabled":"","_tec_slr_layout":""},"class_list":["post-1129","page","type-page","status-publish","has-post-thumbnail","hentry","membership-content","access-restricted"],"yoast_head":"<!-- This site is optimized with the Yoast SEO plugin v27.5 - https:\/\/yoast.com\/product\/yoast-seo-wordpress\/ -->\n<title>Tradiciniai ir bir\u017eoje prekiaujami (ETF) fondai - INWEST<\/title>\n<meta name=\"description\" content=\"Mokymu\u0328 tikslas \u2013 pateikti pagrindine\u0328 informacija\u0328, kurios reikia renkantis ir nagrine\u0307jant investicinius fondus, pristatyti ju\u0328 istorinius rezultatus, bei pateikti galimas investiciniu\u0328 fondu\u0328 alternatyvas. Taip pat supaz\u030cindinti su vis daugiau de\u0307mesio sulaukianc\u030ciu investavimo instrumentu \u2013 laisvai rinkoje prekiaujamais fondais ETF, pateikti ju\u0328 privalumus, tru\u0304kumus ir skirtumus lyginant su tradiciniais investiciniais fondais.\" \/>\n<meta name=\"robots\" content=\"index, follow, max-snippet:-1, max-image-preview:large, max-video-preview:-1\" \/>\n<link rel=\"canonical\" href=\"https:\/\/inwest.lt\/en\/investavimo-kursai\/tradiciniai-ir-birzoje-prekiaujami-etf-fondai\/\" \/>\n<meta property=\"og:locale\" content=\"en_GB\" \/>\n<meta property=\"og:type\" content=\"article\" \/>\n<meta property=\"og:title\" content=\"Tradiciniai ir bir\u017eoje prekiaujami (ETF) fondai - INWEST\" \/>\n<meta property=\"og:description\" content=\"Mokymu\u0328 tikslas \u2013 pateikti pagrindine\u0328 informacija\u0328, kurios reikia renkantis ir nagrine\u0307jant investicinius fondus, pristatyti ju\u0328 istorinius rezultatus, bei pateikti galimas investiciniu\u0328 fondu\u0328 alternatyvas. Taip pat supaz\u030cindinti su vis daugiau de\u0307mesio sulaukianc\u030ciu investavimo instrumentu \u2013 laisvai rinkoje prekiaujamais fondais ETF, pateikti ju\u0328 privalumus, tru\u0304kumus ir skirtumus lyginant su tradiciniais investiciniais fondais.\" \/>\n<meta property=\"og:url\" content=\"https:\/\/inwest.lt\/en\/investavimo-kursai\/tradiciniai-ir-birzoje-prekiaujami-etf-fondai\/\" \/>\n<meta property=\"og:site_name\" content=\"INWEST\" \/>\n<meta property=\"article:publisher\" content=\"https:\/\/www.facebook.com\/weinvestlt\" \/>\n<meta property=\"article:modified_time\" content=\"2026-05-08T17:37:41+00:00\" \/>\n<meta property=\"og:image\" content=\"https:\/\/inwest.lt\/wp-content\/uploads\/2026\/01\/INWEST-web-kursai-thumbsfondai.webp\" \/>\n\t<meta property=\"og:image:width\" content=\"760\" \/>\n\t<meta property=\"og:image:height\" content=\"760\" \/>\n\t<meta property=\"og:image:type\" content=\"image\/webp\" \/>\n<meta name=\"twitter:card\" content=\"summary_large_image\" \/>\n<meta name=\"twitter:label1\" content=\"Estimated reading time\" \/>\n\t<meta name=\"twitter:data1\" content=\"2 minutes\" \/>\n<script type=\"application\/ld+json\" class=\"yoast-schema-graph\">{\"@context\":\"https:\\\/\\\/schema.org\",\"@graph\":[{\"@type\":\"WebPage\",\"@id\":\"https:\\\/\\\/inwest.lt\\\/investavimo-kursai\\\/tradiciniai-ir-birzoje-prekiaujami-etf-fondai\\\/\",\"url\":\"https:\\\/\\\/inwest.lt\\\/investavimo-kursai\\\/tradiciniai-ir-birzoje-prekiaujami-etf-fondai\\\/\",\"name\":\"Tradiciniai ir bir\u017eoje prekiaujami (ETF) fondai - INWEST\",\"isPartOf\":{\"@id\":\"https:\\\/\\\/inwest.lt\\\/#website\"},\"primaryImageOfPage\":{\"@id\":\"https:\\\/\\\/inwest.lt\\\/investavimo-kursai\\\/tradiciniai-ir-birzoje-prekiaujami-etf-fondai\\\/#primaryimage\"},\"image\":{\"@id\":\"https:\\\/\\\/inwest.lt\\\/investavimo-kursai\\\/tradiciniai-ir-birzoje-prekiaujami-etf-fondai\\\/#primaryimage\"},\"thumbnailUrl\":\"https:\\\/\\\/inwest.lt\\\/wp-content\\\/uploads\\\/2026\\\/01\\\/INWEST-web-kursai-thumbsfondai.webp\",\"datePublished\":\"2023-03-15T17:55:59+00:00\",\"dateModified\":\"2026-05-08T17:37:41+00:00\",\"description\":\"Mokymu\u0328 tikslas \u2013 pateikti pagrindine\u0328 informacija\u0328, kurios reikia renkantis ir nagrine\u0307jant investicinius fondus, pristatyti ju\u0328 istorinius rezultatus, bei pateikti galimas investiciniu\u0328 fondu\u0328 alternatyvas. Taip pat supaz\u030cindinti su vis daugiau de\u0307mesio sulaukianc\u030ciu investavimo instrumentu \u2013 laisvai rinkoje prekiaujamais fondais ETF, pateikti ju\u0328 privalumus, tru\u0304kumus ir skirtumus lyginant su tradiciniais investiciniais fondais.\",\"breadcrumb\":{\"@id\":\"https:\\\/\\\/inwest.lt\\\/investavimo-kursai\\\/tradiciniai-ir-birzoje-prekiaujami-etf-fondai\\\/#breadcrumb\"},\"inLanguage\":\"en-GB\",\"potentialAction\":[{\"@type\":\"ReadAction\",\"target\":[\"https:\\\/\\\/inwest.lt\\\/investavimo-kursai\\\/tradiciniai-ir-birzoje-prekiaujami-etf-fondai\\\/\"]}]},{\"@type\":\"ImageObject\",\"inLanguage\":\"en-GB\",\"@id\":\"https:\\\/\\\/inwest.lt\\\/investavimo-kursai\\\/tradiciniai-ir-birzoje-prekiaujami-etf-fondai\\\/#primaryimage\",\"url\":\"https:\\\/\\\/inwest.lt\\\/wp-content\\\/uploads\\\/2026\\\/01\\\/INWEST-web-kursai-thumbsfondai.webp\",\"contentUrl\":\"https:\\\/\\\/inwest.lt\\\/wp-content\\\/uploads\\\/2026\\\/01\\\/INWEST-web-kursai-thumbsfondai.webp\",\"width\":760,\"height\":760},{\"@type\":\"BreadcrumbList\",\"@id\":\"https:\\\/\\\/inwest.lt\\\/investavimo-kursai\\\/tradiciniai-ir-birzoje-prekiaujami-etf-fondai\\\/#breadcrumb\",\"itemListElement\":[{\"@type\":\"ListItem\",\"position\":1,\"name\":\"Home\",\"item\":\"https:\\\/\\\/inwest.lt\\\/\"},{\"@type\":\"ListItem\",\"position\":2,\"name\":\"Kursai\",\"item\":\"https:\\\/\\\/inwest.lt\\\/investavimo-kursai\\\/\"},{\"@type\":\"ListItem\",\"position\":3,\"name\":\"Tradiciniai ir bir\u017eoje prekiaujami (ETF) fondai\"}]},{\"@type\":\"WebSite\",\"@id\":\"https:\\\/\\\/inwest.lt\\\/#website\",\"url\":\"https:\\\/\\\/inwest.lt\\\/\",\"name\":\"INWEST\",\"description\":\"TAVO INVESTAVIMO GIDAS\",\"publisher\":{\"@id\":\"https:\\\/\\\/inwest.lt\\\/#organization\"},\"alternateName\":\"INWEST - moter\u0173 investavimas\",\"potentialAction\":[{\"@type\":\"SearchAction\",\"target\":{\"@type\":\"EntryPoint\",\"urlTemplate\":\"https:\\\/\\\/inwest.lt\\\/?s={search_term_string}\"},\"query-input\":{\"@type\":\"PropertyValueSpecification\",\"valueRequired\":true,\"valueName\":\"search_term_string\"}}],\"inLanguage\":\"en-GB\"},{\"@type\":\"Organization\",\"@id\":\"https:\\\/\\\/inwest.lt\\\/#organization\",\"name\":\"INWEST\",\"url\":\"https:\\\/\\\/inwest.lt\\\/\",\"logo\":{\"@type\":\"ImageObject\",\"inLanguage\":\"en-GB\",\"@id\":\"https:\\\/\\\/inwest.lt\\\/#\\\/schema\\\/logo\\\/image\\\/\",\"url\":\"https:\\\/\\\/inwest.lt\\\/wp-content\\\/uploads\\\/2023\\\/03\\\/Dizainas-be-pavadinimo.png\",\"contentUrl\":\"https:\\\/\\\/inwest.lt\\\/wp-content\\\/uploads\\\/2023\\\/03\\\/Dizainas-be-pavadinimo.png\",\"width\":2304,\"height\":2304,\"caption\":\"INWEST\"},\"image\":{\"@id\":\"https:\\\/\\\/inwest.lt\\\/#\\\/schema\\\/logo\\\/image\\\/\"},\"sameAs\":[\"https:\\\/\\\/www.facebook.com\\\/weinvestlt\",\"https:\\\/\\\/www.instagram.com\\\/inwest___\\\/\",\"https:\\\/\\\/www.linkedin.com\\\/company\\\/winvestnow\\\/\"]}]}<\/script>\n<!-- \/ Yoast SEO plugin. -->","yoast_head_json":{"title":"Tradiciniai ir bir\u017eoje prekiaujami (ETF) fondai - INWEST","description":"Mokymu\u0328 tikslas \u2013 pateikti pagrindine\u0328 informacija\u0328, kurios reikia renkantis ir nagrine\u0307jant investicinius fondus, pristatyti ju\u0328 istorinius rezultatus, bei pateikti galimas investiciniu\u0328 fondu\u0328 alternatyvas. Taip pat supaz\u030cindinti su vis daugiau de\u0307mesio sulaukianc\u030ciu investavimo instrumentu \u2013 laisvai rinkoje prekiaujamais fondais ETF, pateikti ju\u0328 privalumus, tru\u0304kumus ir skirtumus lyginant su tradiciniais investiciniais fondais.","robots":{"index":"index","follow":"follow","max-snippet":"max-snippet:-1","max-image-preview":"max-image-preview:large","max-video-preview":"max-video-preview:-1"},"canonical":"https:\/\/inwest.lt\/en\/investavimo-kursai\/tradiciniai-ir-birzoje-prekiaujami-etf-fondai\/","og_locale":"en_GB","og_type":"article","og_title":"Tradiciniai ir bir\u017eoje prekiaujami (ETF) fondai - INWEST","og_description":"Mokymu\u0328 tikslas \u2013 pateikti pagrindine\u0328 informacija\u0328, kurios reikia renkantis ir nagrine\u0307jant investicinius fondus, pristatyti ju\u0328 istorinius rezultatus, bei pateikti galimas investiciniu\u0328 fondu\u0328 alternatyvas. Taip pat supaz\u030cindinti su vis daugiau de\u0307mesio sulaukianc\u030ciu investavimo instrumentu \u2013 laisvai rinkoje prekiaujamais fondais ETF, pateikti ju\u0328 privalumus, tru\u0304kumus ir skirtumus lyginant su tradiciniais investiciniais fondais.","og_url":"https:\/\/inwest.lt\/en\/investavimo-kursai\/tradiciniai-ir-birzoje-prekiaujami-etf-fondai\/","og_site_name":"INWEST","article_publisher":"https:\/\/www.facebook.com\/weinvestlt","article_modified_time":"2026-05-08T17:37:41+00:00","og_image":[{"width":760,"height":760,"url":"https:\/\/inwest.lt\/wp-content\/uploads\/2026\/01\/INWEST-web-kursai-thumbsfondai.webp","type":"image\/webp"}],"twitter_card":"summary_large_image","twitter_misc":{"Estimated reading time":"2 minutes"},"schema":{"@context":"https:\/\/schema.org","@graph":[{"@type":"WebPage","@id":"https:\/\/inwest.lt\/investavimo-kursai\/tradiciniai-ir-birzoje-prekiaujami-etf-fondai\/","url":"https:\/\/inwest.lt\/investavimo-kursai\/tradiciniai-ir-birzoje-prekiaujami-etf-fondai\/","name":"Tradiciniai ir bir\u017eoje prekiaujami (ETF) fondai - INWEST","isPartOf":{"@id":"https:\/\/inwest.lt\/#website"},"primaryImageOfPage":{"@id":"https:\/\/inwest.lt\/investavimo-kursai\/tradiciniai-ir-birzoje-prekiaujami-etf-fondai\/#primaryimage"},"image":{"@id":"https:\/\/inwest.lt\/investavimo-kursai\/tradiciniai-ir-birzoje-prekiaujami-etf-fondai\/#primaryimage"},"thumbnailUrl":"https:\/\/inwest.lt\/wp-content\/uploads\/2026\/01\/INWEST-web-kursai-thumbsfondai.webp","datePublished":"2023-03-15T17:55:59+00:00","dateModified":"2026-05-08T17:37:41+00:00","description":"Mokymu\u0328 tikslas \u2013 pateikti pagrindine\u0328 informacija\u0328, kurios reikia renkantis ir nagrine\u0307jant investicinius fondus, pristatyti ju\u0328 istorinius rezultatus, bei pateikti galimas investiciniu\u0328 fondu\u0328 alternatyvas. Taip pat supaz\u030cindinti su vis daugiau de\u0307mesio sulaukianc\u030ciu investavimo instrumentu \u2013 laisvai rinkoje prekiaujamais fondais ETF, pateikti ju\u0328 privalumus, tru\u0304kumus ir skirtumus lyginant su tradiciniais investiciniais fondais.","breadcrumb":{"@id":"https:\/\/inwest.lt\/investavimo-kursai\/tradiciniai-ir-birzoje-prekiaujami-etf-fondai\/#breadcrumb"},"inLanguage":"en-GB","potentialAction":[{"@type":"ReadAction","target":["https:\/\/inwest.lt\/investavimo-kursai\/tradiciniai-ir-birzoje-prekiaujami-etf-fondai\/"]}]},{"@type":"ImageObject","inLanguage":"en-GB","@id":"https:\/\/inwest.lt\/investavimo-kursai\/tradiciniai-ir-birzoje-prekiaujami-etf-fondai\/#primaryimage","url":"https:\/\/inwest.lt\/wp-content\/uploads\/2026\/01\/INWEST-web-kursai-thumbsfondai.webp","contentUrl":"https:\/\/inwest.lt\/wp-content\/uploads\/2026\/01\/INWEST-web-kursai-thumbsfondai.webp","width":760,"height":760},{"@type":"BreadcrumbList","@id":"https:\/\/inwest.lt\/investavimo-kursai\/tradiciniai-ir-birzoje-prekiaujami-etf-fondai\/#breadcrumb","itemListElement":[{"@type":"ListItem","position":1,"name":"Home","item":"https:\/\/inwest.lt\/"},{"@type":"ListItem","position":2,"name":"Kursai","item":"https:\/\/inwest.lt\/investavimo-kursai\/"},{"@type":"ListItem","position":3,"name":"Tradiciniai ir bir\u017eoje prekiaujami (ETF) fondai"}]},{"@type":"WebSite","@id":"https:\/\/inwest.lt\/#website","url":"https:\/\/inwest.lt\/","name":"INWEST","description":"TAVO INVESTAVIMO GIDAS","publisher":{"@id":"https:\/\/inwest.lt\/#organization"},"alternateName":"INWEST - moter\u0173 investavimas","potentialAction":[{"@type":"SearchAction","target":{"@type":"EntryPoint","urlTemplate":"https:\/\/inwest.lt\/?s={search_term_string}"},"query-input":{"@type":"PropertyValueSpecification","valueRequired":true,"valueName":"search_term_string"}}],"inLanguage":"en-GB"},{"@type":"Organization","@id":"https:\/\/inwest.lt\/#organization","name":"INWEST","url":"https:\/\/inwest.lt\/","logo":{"@type":"ImageObject","inLanguage":"en-GB","@id":"https:\/\/inwest.lt\/#\/schema\/logo\/image\/","url":"https:\/\/inwest.lt\/wp-content\/uploads\/2023\/03\/Dizainas-be-pavadinimo.png","contentUrl":"https:\/\/inwest.lt\/wp-content\/uploads\/2023\/03\/Dizainas-be-pavadinimo.png","width":2304,"height":2304,"caption":"INWEST"},"image":{"@id":"https:\/\/inwest.lt\/#\/schema\/logo\/image\/"},"sameAs":["https:\/\/www.facebook.com\/weinvestlt","https:\/\/www.instagram.com\/inwest___\/","https:\/\/www.linkedin.com\/company\/winvestnow\/"]}]}},"ticketed":false,"_links":{"self":[{"href":"https:\/\/inwest.lt\/en\/wp-json\/wp\/v2\/pages\/1129","targetHints":{"allow":["GET"]}}],"collection":[{"href":"https:\/\/inwest.lt\/en\/wp-json\/wp\/v2\/pages"}],"about":[{"href":"https:\/\/inwest.lt\/en\/wp-json\/wp\/v2\/types\/page"}],"author":[{"embeddable":true,"href":"https:\/\/inwest.lt\/en\/wp-json\/wp\/v2\/users\/1"}],"replies":[{"embeddable":true,"href":"https:\/\/inwest.lt\/en\/wp-json\/wp\/v2\/comments?post=1129"}],"version-history":[{"count":39,"href":"https:\/\/inwest.lt\/en\/wp-json\/wp\/v2\/pages\/1129\/revisions"}],"predecessor-version":[{"id":17066,"href":"https:\/\/inwest.lt\/en\/wp-json\/wp\/v2\/pages\/1129\/revisions\/17066"}],"up":[{"embeddable":true,"href":"https:\/\/inwest.lt\/en\/wp-json\/wp\/v2\/pages\/15"}],"wp:featuredmedia":[{"embeddable":true,"href":"https:\/\/inwest.lt\/en\/wp-json\/wp\/v2\/media\/14226"}],"wp:attachment":[{"href":"https:\/\/inwest.lt\/en\/wp-json\/wp\/v2\/media?parent=1129"}],"curies":[{"name":"wp","href":"https:\/\/api.w.org\/{rel}","templated":true}]}}