{"id":10082,"date":"2025-03-03T15:27:14","date_gmt":"2025-03-03T13:27:14","guid":{"rendered":"https:\/\/inwest.lt\/?page_id=10082"},"modified":"2026-05-08T19:36:50","modified_gmt":"2026-05-08T17:36:50","slug":"investavimas-i-obligacijas","status":"publish","type":"page","link":"https:\/\/inwest.lt\/en\/investavimo-kursai\/investavimas-i-obligacijas\/","title":{"rendered":"Investavimas \u012f obligacijas"},"content":{"rendered":"Mokym\u0173 tikslas \u2013 suteikti Jums tvirt\u0105 pagrind\u0105 investavimo \u012f obligacijas srityje. I\u0161samiai aptarsime, kas yra obligacijos, kaip jos veikia ir kuo skiriasi skirting\u0173 tip\u0173 skolos vertybiniai popieriai. Paai\u0161kinsime pagrindinius veiksnius, kurie daro \u012ftak\u0105 obligacij\u0173 kain\u0173 ir pajamingumo poky\u010diams, ap\u017evelgsime istorinius gr\u0105\u017eos ir rizikos d\u0117sningumus. Pristatysime kelias obligacij\u0173 pasirinkimo ir portfelio sudarymo strategijas, paremtas finansiniais rodikliais, ir parodysime, kaip jas taikyti praktikoje. Taip pat su\u017einosite, per kokius finansinius instrumentus ir platformas galima \u012fsigyti obligacij\u0173 bei obligacij\u0173 fond\u0173. \t\t<div class=\"woocommerce\">\n\t\t\t<div class=\"woocommerce-info wc-memberships-restriction-message wc-memberships-message wc-memberships-content-restricted-message\">\n\t\t\t\tNor\u0117dami patekti \u012f \u0161\u012f puslap\u012f, turite \u012fsigyti <span class=\"wc-memberships-products-grant-access\"><a href=\"https:\/\/inwest.lt\/en\/product\/inwest-mokymu-kursai\/\">Visi mokym\u0173 kursai<\/a>, <a href=\"https:\/\/inwest.lt\/en\/product\/investavimo-pagrindai\/\">Investavimo mokymai<\/a>, <a href=\"https:\/\/inwest.lt\/en\/product\/obligacijos\/\">Investavimas \u012f obligacijas<\/a>, <a href=\"https:\/\/inwest.lt\/en\/product\/inwest-klubas-pratesimas\/\">INWEST klubas (prat\u0119simas)<\/a>, <a href=\"https:\/\/inwest.lt\/en\/product\/prisijunkite-prie-inwest-klubo\/\">INWEST klubas<\/a> or <a href=\"https:\/\/inwest.lt\/en\/product\/inwest-klubas-metams\/\">INWEST klubas metams<\/a><\/span>.\t\t    <\/div>\n\t\t<\/div>","protected":false},"excerpt":{"rendered":"<p>Mokym\u0173 tikslas \u2013 suteikti Jums tvirt\u0105 pagrind\u0105 investavimo \u012f obligacijas srityje. I\u0161samiai aptarsime, kas yra obligacijos, kaip jos veikia ir kuo skiriasi skirting\u0173 tip\u0173 skolos vertybiniai popieriai. Paai\u0161kinsime pagrindinius veiksnius, kurie daro \u012ftak\u0105 obligacij\u0173 kain\u0173 ir pajamingumo poky\u010diams, ap\u017evelgsime istorinius gr\u0105\u017eos ir rizikos d\u0117sningumus. Pristatysime kelias obligacij\u0173 pasirinkimo ir portfelio sudarymo strategijas, paremtas finansiniais rodikliais, ir parodysime, kaip jas taikyti praktikoje. Taip pat su\u017einosite, per kokius finansinius instrumentus ir platformas galima \u012fsigyti obligacij\u0173 bei obligacij\u0173 fond\u0173. \t\t<\/p>\n<div class=\"woocommerce\">\n<div class=\"woocommerce-info wc-memberships-restriction-message wc-memberships-message wc-memberships-content-restricted-message\">\n\t\t\t\tNor\u0117dami patekti \u012f \u0161\u012f puslap\u012f, turite \u012fsigyti <span class=\"wc-memberships-products-grant-access\"><a href=\"https:\/\/inwest.lt\/en\/product\/inwest-mokymu-kursai\/\">Visi mokym\u0173 kursai<\/a>, <a href=\"https:\/\/inwest.lt\/en\/product\/investavimo-pagrindai\/\">Investavimo mokymai<\/a>, <a href=\"https:\/\/inwest.lt\/en\/product\/obligacijos\/\">Investavimas \u012f obligacijas<\/a>, <a href=\"https:\/\/inwest.lt\/en\/product\/inwest-klubas-pratesimas\/\">INWEST klubas (prat\u0119simas)<\/a>, <a href=\"https:\/\/inwest.lt\/en\/product\/prisijunkite-prie-inwest-klubo\/\">INWEST klubas<\/a> or <a href=\"https:\/\/inwest.lt\/en\/product\/inwest-klubas-metams\/\">INWEST klubas metams<\/a><\/span>.\t\t    <\/div>\n<\/p><\/div>","protected":false},"author":1,"featured_media":14221,"parent":15,"menu_order":0,"comment_status":"closed","ping_status":"closed","template":"","meta":{"_price":"","_stock":"","_tribe_ticket_header":"","_tribe_default_ticket_provider":"","_tribe_ticket_capacity":"0","_ticket_start_date":"","_ticket_end_date":"","_tribe_ticket_show_description":"","_tribe_ticket_show_not_going":false,"_tribe_ticket_use_global_stock":"","_tribe_ticket_global_stock_level":"","_global_stock_mode":"","_global_stock_cap":"","_tribe_rsvp_for_event":"","_tribe_ticket_going_count":"","_tribe_ticket_not_going_count":"","_tribe_tickets_list":"[]","_tribe_ticket_has_attendee_info_fields":false,"_EventAllDay":false,"_EventTimezone":"","_EventStartDate":"","_EventEndDate":"","_EventStartDateUTC":"","_EventEndDateUTC":"","_EventShowMap":false,"_EventShowMapLink":false,"_EventURL":"","_EventCost":"","_EventCostDescription":"","_EventCurrencySymbol":"","_EventCurrencyCode":"","_EventCurrencyPosition":"","_EventDateTimeSeparator":"","_EventTimeRangeSeparator":"","_EventOrganizerID":[],"_EventVenueID":[],"_OrganizerEmail":"","_OrganizerPhone":"","_OrganizerWebsite":"","_VenueAddress":"","_VenueCity":"","_VenueCountry":"","_VenueProvince":"","_VenueState":"","_VenueZip":"","_VenuePhone":"","_VenueURL":"","_VenueStateProvince":"","_VenueLat":"","_VenueLng":"","_VenueShowMap":false,"_VenueShowMapLink":false,"footnotes":"","_tec_slr_enabled":"","_tec_slr_layout":""},"class_list":["post-10082","page","type-page","status-publish","has-post-thumbnail","hentry","membership-content","access-restricted"],"yoast_head":"<!-- This site is optimized with the Yoast SEO plugin v27.5 - https:\/\/yoast.com\/product\/yoast-seo-wordpress\/ -->\n<title>Investavimas \u012f obligacijas - INWEST<\/title>\n<meta name=\"description\" content=\"Investavimas \u012f obligacijas: i\u0161moksite \u012f k\u0105 reikia atsi\u017evelgti investuojant \u012f obligacijas, per kokius brokerius galima \u012fsigyti.\" \/>\n<meta name=\"robots\" content=\"index, follow, max-snippet:-1, max-image-preview:large, max-video-preview:-1\" \/>\n<link rel=\"canonical\" href=\"https:\/\/inwest.lt\/en\/investavimo-kursai\/investavimas-i-obligacijas\/\" \/>\n<meta property=\"og:locale\" content=\"en_GB\" \/>\n<meta property=\"og:type\" content=\"article\" \/>\n<meta property=\"og:title\" content=\"Investavimas \u012f obligacijas - INWEST\" \/>\n<meta property=\"og:description\" content=\"Investavimas \u012f obligacijas: i\u0161moksite \u012f k\u0105 reikia atsi\u017evelgti investuojant \u012f obligacijas, per kokius brokerius galima \u012fsigyti.\" \/>\n<meta property=\"og:url\" content=\"https:\/\/inwest.lt\/en\/investavimo-kursai\/investavimas-i-obligacijas\/\" \/>\n<meta property=\"og:site_name\" content=\"INWEST\" \/>\n<meta property=\"article:publisher\" content=\"https:\/\/www.facebook.com\/weinvestlt\" \/>\n<meta property=\"article:modified_time\" content=\"2026-05-08T17:36:50+00:00\" \/>\n<meta property=\"og:image\" content=\"https:\/\/inwest.lt\/wp-content\/uploads\/2026\/01\/INWEST-web-kursai-thumbsobligacijos.webp\" \/>\n\t<meta property=\"og:image:width\" content=\"760\" \/>\n\t<meta property=\"og:image:height\" content=\"760\" \/>\n\t<meta property=\"og:image:type\" content=\"image\/webp\" \/>\n<meta name=\"twitter:card\" content=\"summary_large_image\" \/>\n<meta name=\"twitter:label1\" content=\"Estimated reading time\" \/>\n\t<meta name=\"twitter:data1\" content=\"3 minutes\" \/>\n<script type=\"application\/ld+json\" class=\"yoast-schema-graph\">{\"@context\":\"https:\\\/\\\/schema.org\",\"@graph\":[{\"@type\":\"WebPage\",\"@id\":\"https:\\\/\\\/inwest.lt\\\/investavimo-kursai\\\/investavimas-i-obligacijas\\\/\",\"url\":\"https:\\\/\\\/inwest.lt\\\/investavimo-kursai\\\/investavimas-i-obligacijas\\\/\",\"name\":\"Investavimas \u012f obligacijas - INWEST\",\"isPartOf\":{\"@id\":\"https:\\\/\\\/inwest.lt\\\/#website\"},\"primaryImageOfPage\":{\"@id\":\"https:\\\/\\\/inwest.lt\\\/investavimo-kursai\\\/investavimas-i-obligacijas\\\/#primaryimage\"},\"image\":{\"@id\":\"https:\\\/\\\/inwest.lt\\\/investavimo-kursai\\\/investavimas-i-obligacijas\\\/#primaryimage\"},\"thumbnailUrl\":\"https:\\\/\\\/inwest.lt\\\/wp-content\\\/uploads\\\/2026\\\/01\\\/INWEST-web-kursai-thumbsobligacijos.webp\",\"datePublished\":\"2025-03-03T13:27:14+00:00\",\"dateModified\":\"2026-05-08T17:36:50+00:00\",\"description\":\"Investavimas \u012f obligacijas: i\u0161moksite \u012f k\u0105 reikia atsi\u017evelgti investuojant \u012f obligacijas, per kokius brokerius galima \u012fsigyti.\",\"breadcrumb\":{\"@id\":\"https:\\\/\\\/inwest.lt\\\/investavimo-kursai\\\/investavimas-i-obligacijas\\\/#breadcrumb\"},\"inLanguage\":\"en-GB\",\"potentialAction\":[{\"@type\":\"ReadAction\",\"target\":[\"https:\\\/\\\/inwest.lt\\\/investavimo-kursai\\\/investavimas-i-obligacijas\\\/\"]}]},{\"@type\":\"ImageObject\",\"inLanguage\":\"en-GB\",\"@id\":\"https:\\\/\\\/inwest.lt\\\/investavimo-kursai\\\/investavimas-i-obligacijas\\\/#primaryimage\",\"url\":\"https:\\\/\\\/inwest.lt\\\/wp-content\\\/uploads\\\/2026\\\/01\\\/INWEST-web-kursai-thumbsobligacijos.webp\",\"contentUrl\":\"https:\\\/\\\/inwest.lt\\\/wp-content\\\/uploads\\\/2026\\\/01\\\/INWEST-web-kursai-thumbsobligacijos.webp\",\"width\":760,\"height\":760},{\"@type\":\"BreadcrumbList\",\"@id\":\"https:\\\/\\\/inwest.lt\\\/investavimo-kursai\\\/investavimas-i-obligacijas\\\/#breadcrumb\",\"itemListElement\":[{\"@type\":\"ListItem\",\"position\":1,\"name\":\"Home\",\"item\":\"https:\\\/\\\/inwest.lt\\\/\"},{\"@type\":\"ListItem\",\"position\":2,\"name\":\"Kursai\",\"item\":\"https:\\\/\\\/inwest.lt\\\/investavimo-kursai\\\/\"},{\"@type\":\"ListItem\",\"position\":3,\"name\":\"Investavimas \u012f obligacijas\"}]},{\"@type\":\"WebSite\",\"@id\":\"https:\\\/\\\/inwest.lt\\\/#website\",\"url\":\"https:\\\/\\\/inwest.lt\\\/\",\"name\":\"INWEST\",\"description\":\"TAVO INVESTAVIMO GIDAS\",\"publisher\":{\"@id\":\"https:\\\/\\\/inwest.lt\\\/#organization\"},\"alternateName\":\"INWEST - moter\u0173 investavimas\",\"potentialAction\":[{\"@type\":\"SearchAction\",\"target\":{\"@type\":\"EntryPoint\",\"urlTemplate\":\"https:\\\/\\\/inwest.lt\\\/?s={search_term_string}\"},\"query-input\":{\"@type\":\"PropertyValueSpecification\",\"valueRequired\":true,\"valueName\":\"search_term_string\"}}],\"inLanguage\":\"en-GB\"},{\"@type\":\"Organization\",\"@id\":\"https:\\\/\\\/inwest.lt\\\/#organization\",\"name\":\"INWEST\",\"url\":\"https:\\\/\\\/inwest.lt\\\/\",\"logo\":{\"@type\":\"ImageObject\",\"inLanguage\":\"en-GB\",\"@id\":\"https:\\\/\\\/inwest.lt\\\/#\\\/schema\\\/logo\\\/image\\\/\",\"url\":\"https:\\\/\\\/inwest.lt\\\/wp-content\\\/uploads\\\/2023\\\/03\\\/Dizainas-be-pavadinimo.png\",\"contentUrl\":\"https:\\\/\\\/inwest.lt\\\/wp-content\\\/uploads\\\/2023\\\/03\\\/Dizainas-be-pavadinimo.png\",\"width\":2304,\"height\":2304,\"caption\":\"INWEST\"},\"image\":{\"@id\":\"https:\\\/\\\/inwest.lt\\\/#\\\/schema\\\/logo\\\/image\\\/\"},\"sameAs\":[\"https:\\\/\\\/www.facebook.com\\\/weinvestlt\",\"https:\\\/\\\/www.instagram.com\\\/inwest___\\\/\",\"https:\\\/\\\/www.linkedin.com\\\/company\\\/winvestnow\\\/\"]}]}<\/script>\n<!-- \/ Yoast SEO plugin. -->","yoast_head_json":{"title":"Investavimas \u012f obligacijas - INWEST","description":"Investavimas \u012f obligacijas: i\u0161moksite \u012f k\u0105 reikia atsi\u017evelgti investuojant \u012f obligacijas, per kokius brokerius galima \u012fsigyti.","robots":{"index":"index","follow":"follow","max-snippet":"max-snippet:-1","max-image-preview":"max-image-preview:large","max-video-preview":"max-video-preview:-1"},"canonical":"https:\/\/inwest.lt\/en\/investavimo-kursai\/investavimas-i-obligacijas\/","og_locale":"en_GB","og_type":"article","og_title":"Investavimas \u012f obligacijas - INWEST","og_description":"Investavimas \u012f obligacijas: i\u0161moksite \u012f k\u0105 reikia atsi\u017evelgti investuojant \u012f obligacijas, per kokius brokerius galima \u012fsigyti.","og_url":"https:\/\/inwest.lt\/en\/investavimo-kursai\/investavimas-i-obligacijas\/","og_site_name":"INWEST","article_publisher":"https:\/\/www.facebook.com\/weinvestlt","article_modified_time":"2026-05-08T17:36:50+00:00","og_image":[{"width":760,"height":760,"url":"https:\/\/inwest.lt\/wp-content\/uploads\/2026\/01\/INWEST-web-kursai-thumbsobligacijos.webp","type":"image\/webp"}],"twitter_card":"summary_large_image","twitter_misc":{"Estimated reading time":"3 minutes"},"schema":{"@context":"https:\/\/schema.org","@graph":[{"@type":"WebPage","@id":"https:\/\/inwest.lt\/investavimo-kursai\/investavimas-i-obligacijas\/","url":"https:\/\/inwest.lt\/investavimo-kursai\/investavimas-i-obligacijas\/","name":"Investavimas \u012f obligacijas - INWEST","isPartOf":{"@id":"https:\/\/inwest.lt\/#website"},"primaryImageOfPage":{"@id":"https:\/\/inwest.lt\/investavimo-kursai\/investavimas-i-obligacijas\/#primaryimage"},"image":{"@id":"https:\/\/inwest.lt\/investavimo-kursai\/investavimas-i-obligacijas\/#primaryimage"},"thumbnailUrl":"https:\/\/inwest.lt\/wp-content\/uploads\/2026\/01\/INWEST-web-kursai-thumbsobligacijos.webp","datePublished":"2025-03-03T13:27:14+00:00","dateModified":"2026-05-08T17:36:50+00:00","description":"Investavimas \u012f obligacijas: i\u0161moksite \u012f k\u0105 reikia atsi\u017evelgti investuojant \u012f obligacijas, per kokius brokerius galima \u012fsigyti.","breadcrumb":{"@id":"https:\/\/inwest.lt\/investavimo-kursai\/investavimas-i-obligacijas\/#breadcrumb"},"inLanguage":"en-GB","potentialAction":[{"@type":"ReadAction","target":["https:\/\/inwest.lt\/investavimo-kursai\/investavimas-i-obligacijas\/"]}]},{"@type":"ImageObject","inLanguage":"en-GB","@id":"https:\/\/inwest.lt\/investavimo-kursai\/investavimas-i-obligacijas\/#primaryimage","url":"https:\/\/inwest.lt\/wp-content\/uploads\/2026\/01\/INWEST-web-kursai-thumbsobligacijos.webp","contentUrl":"https:\/\/inwest.lt\/wp-content\/uploads\/2026\/01\/INWEST-web-kursai-thumbsobligacijos.webp","width":760,"height":760},{"@type":"BreadcrumbList","@id":"https:\/\/inwest.lt\/investavimo-kursai\/investavimas-i-obligacijas\/#breadcrumb","itemListElement":[{"@type":"ListItem","position":1,"name":"Home","item":"https:\/\/inwest.lt\/"},{"@type":"ListItem","position":2,"name":"Kursai","item":"https:\/\/inwest.lt\/investavimo-kursai\/"},{"@type":"ListItem","position":3,"name":"Investavimas \u012f obligacijas"}]},{"@type":"WebSite","@id":"https:\/\/inwest.lt\/#website","url":"https:\/\/inwest.lt\/","name":"INWEST","description":"TAVO INVESTAVIMO GIDAS","publisher":{"@id":"https:\/\/inwest.lt\/#organization"},"alternateName":"INWEST - moter\u0173 investavimas","potentialAction":[{"@type":"SearchAction","target":{"@type":"EntryPoint","urlTemplate":"https:\/\/inwest.lt\/?s={search_term_string}"},"query-input":{"@type":"PropertyValueSpecification","valueRequired":true,"valueName":"search_term_string"}}],"inLanguage":"en-GB"},{"@type":"Organization","@id":"https:\/\/inwest.lt\/#organization","name":"INWEST","url":"https:\/\/inwest.lt\/","logo":{"@type":"ImageObject","inLanguage":"en-GB","@id":"https:\/\/inwest.lt\/#\/schema\/logo\/image\/","url":"https:\/\/inwest.lt\/wp-content\/uploads\/2023\/03\/Dizainas-be-pavadinimo.png","contentUrl":"https:\/\/inwest.lt\/wp-content\/uploads\/2023\/03\/Dizainas-be-pavadinimo.png","width":2304,"height":2304,"caption":"INWEST"},"image":{"@id":"https:\/\/inwest.lt\/#\/schema\/logo\/image\/"},"sameAs":["https:\/\/www.facebook.com\/weinvestlt","https:\/\/www.instagram.com\/inwest___\/","https:\/\/www.linkedin.com\/company\/winvestnow\/"]}]}},"ticketed":false,"_links":{"self":[{"href":"https:\/\/inwest.lt\/en\/wp-json\/wp\/v2\/pages\/10082","targetHints":{"allow":["GET"]}}],"collection":[{"href":"https:\/\/inwest.lt\/en\/wp-json\/wp\/v2\/pages"}],"about":[{"href":"https:\/\/inwest.lt\/en\/wp-json\/wp\/v2\/types\/page"}],"author":[{"embeddable":true,"href":"https:\/\/inwest.lt\/en\/wp-json\/wp\/v2\/users\/1"}],"replies":[{"embeddable":true,"href":"https:\/\/inwest.lt\/en\/wp-json\/wp\/v2\/comments?post=10082"}],"version-history":[{"count":27,"href":"https:\/\/inwest.lt\/en\/wp-json\/wp\/v2\/pages\/10082\/revisions"}],"predecessor-version":[{"id":17062,"href":"https:\/\/inwest.lt\/en\/wp-json\/wp\/v2\/pages\/10082\/revisions\/17062"}],"up":[{"embeddable":true,"href":"https:\/\/inwest.lt\/en\/wp-json\/wp\/v2\/pages\/15"}],"wp:featuredmedia":[{"embeddable":true,"href":"https:\/\/inwest.lt\/en\/wp-json\/wp\/v2\/media\/14221"}],"wp:attachment":[{"href":"https:\/\/inwest.lt\/en\/wp-json\/wp\/v2\/media?parent=10082"}],"curies":[{"name":"wp","href":"https:\/\/api.w.org\/{rel}","templated":true}]}}